{"id":20505,"date":"2025-03-10T09:47:49","date_gmt":"2025-03-10T08:47:49","guid":{"rendered":"http:\/\/ksiegarnia-akademicka.pl\/?post_type=product&#038;p=20505"},"modified":"2025-03-10T09:47:50","modified_gmt":"2025-03-10T08:47:50","slug":"poradnik-umierania-dla-poczatkujacych","status":"publish","type":"product","link":"https:\/\/ksiegarnia-akademicka.pl\/index.php\/product\/poradnik-umierania-dla-poczatkujacych\/","title":{"rendered":"Poradnik umierania dla pocz\u0105tkuj\u0105cych"},"content":{"rendered":"<div class=\"grupa osoby\"><span class=\"meta-head\">Autor:<\/span><\/p>\n<ul>\n<li class=\"meta-value\">Simon Boas<\/li>\n<\/ul>\n<\/div>\n<div class=\"grupa osoby\"><span class=\"meta-head-blue\">T\u0142umacze:<\/span>\u00a0<span class=\"meta-value\">Jankowska Dobromi\u0142a<\/span><\/div>\n<div class=\"grupa wydawca\"><span class=\"meta-head\">Wydawca:<\/span>\u00a0Agora<\/div>\n<div class=\"grupa dane\">\n<div>Oprawa:\u00a0<span class=\"meta-value-bold\">Twarda<\/span><\/div>\n<div>Format:\u00a0<span class=\"meta-value-bold\">13.5&#215;21.0cm<\/span><\/div>\n<div>Liczba stron:\u00a0<span class=\"meta-value-bold\">192<\/span><\/div>\n<div>Rok wydania:\u00a0<span class=\"meta-value-bold\">2025<\/span><\/div>\n<div>J\u0119zyk wydania:\u00a0<span class=\"meta-value-bold\">polski<\/span><\/div>\n<\/div>\n<div><\/div>\n<div>Jak oswoi\u0107 l\u0119k przed \u015bmierci\u0105 i lepiej \u017cy\u0107 Gdy czterdziestosze\u015bcioletni Simon dowiaduje si\u0119, \u017ce pozosta\u0142o mu kilka miesi\u0119cy \u017cycia, ku w\u0142asnemu zdumieniu odkrywa, \u017ce pozytywne spojrzenie na ludzkie istnienie pomaga ca\u0142kowicie zaakceptowa\u0107 nieistnienie. Z niespodziewanym poczuciem humoru autor wylicza powody, dla kt\u00f3rych nie ma sensu obawia\u0107 si\u0119 \u015bmierci. Zach\u0119ca do rozmawiania o niej w zwyk\u0142y, codzienny spos\u00f3b. Odkrywa, \u017ce przygotowywanie si\u0119 i akceptacja pomagaj\u0105 cieszy\u0107 si\u0119 \u017cyciem, przedk\u0142ada\u0107 rzeczy wa\u017cne nad b\u0142ahe i znale\u017a\u0107 w sobie wi\u0119cej empatii dla innych. Poradnik umierania dla pocz\u0105tkuj\u0105cych to ksi\u0105\u017cka bardzo pomocna. Z unikatowej perspektywy osoby umieraj\u0105cej dowiadujemy si\u0119, jak si\u0119 wobec niej zachowywa\u0107, w czym mo\u017cemy j\u0105 wesprze\u0107, czego unika\u0107, kiedy wykaza\u0107 si\u0119 cierpliwo\u015bci\u0105, a kiedy stanowczo\u015bci\u0105, czy mo\u017cemy z niej za\u017cartowa\u0107 albo si\u0119 na ni\u0105 zez\u0142o\u015bci\u0107. O \u017cyciu w obliczu \u015bmiertelnej choroby Simon Boas napisa\u0142 trzy teksty dla lokalnej prasy. Jeden z nich sta\u0142 si\u0119 wiralem, zosta\u0142 przedrukowany w \u201eDaily Telegraph\u201d, \u201eSpectator\u201d i \u201eDaily Mail\u201d oraz odczytany w BBC Radio 4. Miliony internaut\u00f3w podzieli\u0142y si\u0119 nim w mediach spo\u0142eczno\u015bciowych. Simon otrzyma\u0142 tysi\u0105ce e-maili od ludzi z ca\u0142ego \u015bwiata z podzi\u0119kowaniami za to, \u017ce przypomnia\u0142 im o docenianiu \u017cycia.<\/div>\n","protected":false},"excerpt":{"rendered":"<p>Autor: Simon Boas T\u0142umacze:\u00a0Jankowska Dobromi\u0142a Wydawca:\u00a0Agora Oprawa:\u00a0Twarda Format:\u00a013.5&#215;21.0cm Liczba stron:\u00a0192 [&hellip;]<\/p>\n","protected":false},"featured_media":20506,"template":"","meta":[],"product_brand":[],"product_cat":[27,7530,7994,7509],"product_tag":[1257,1186,8545],"class_list":{"0":"post-20505","1":"product","2":"type-product","3":"status-publish","4":"has-post-thumbnail","6":"product_cat-nauki-spoleczne","7":"product_cat-nowosci","8":"product_cat-poradniki","9":"product_cat-psychologia","10":"product_tag-poradniki","11":"product_tag-psychologia","12":"product_tag-zaloba","14":"first","15":"instock","16":"sale","17":"shipping-taxable","18":"purchasable","19":"product-type-simple"},"_links":{"self":[{"href":"https:\/\/ksiegarnia-akademicka.pl\/index.php\/wp-json\/wp\/v2\/product\/20505","targetHints":{"allow":["GET"]}}],"collection":[{"href":"https:\/\/ksiegarnia-akademicka.pl\/index.php\/wp-json\/wp\/v2\/product"}],"about":[{"href":"https:\/\/ksiegarnia-akademicka.pl\/index.php\/wp-json\/wp\/v2\/types\/product"}],"wp:featuredmedia":[{"embeddable":true,"href":"https:\/\/ksiegarnia-akademicka.pl\/index.php\/wp-json\/wp\/v2\/media\/20506"}],"wp:attachment":[{"href":"https:\/\/ksiegarnia-akademicka.pl\/index.php\/wp-json\/wp\/v2\/media?parent=20505"}],"wp:term":[{"taxonomy":"product_brand","embeddable":true,"href":"https:\/\/ksiegarnia-akademicka.pl\/index.php\/wp-json\/wp\/v2\/product_brand?post=20505"},{"taxonomy":"product_cat","embeddable":true,"href":"https:\/\/ksiegarnia-akademicka.pl\/index.php\/wp-json\/wp\/v2\/product_cat?post=20505"},{"taxonomy":"product_tag","embeddable":true,"href":"https:\/\/ksiegarnia-akademicka.pl\/index.php\/wp-json\/wp\/v2\/product_tag?post=20505"}],"curies":[{"name":"wp","href":"https:\/\/api.w.org\/{rel}","templated":true}]}}