{"id":20496,"date":"2025-03-10T08:52:42","date_gmt":"2025-03-10T07:52:42","guid":{"rendered":"http:\/\/ksiegarnia-akademicka.pl\/?post_type=product&#038;p=20496"},"modified":"2025-03-10T08:52:42","modified_gmt":"2025-03-10T07:52:42","slug":"pompy-ciepla-i-efektywnosc-energetyczna","status":"publish","type":"product","link":"https:\/\/ksiegarnia-akademicka.pl\/index.php\/product\/pompy-ciepla-i-efektywnosc-energetyczna\/","title":{"rendered":"Pompy ciep\u0142a i efektywno\u015b\u0107 energetyczna"},"content":{"rendered":"<p>Autor:\u00a0<span class=\"meta-value\">Chwieduk Dorota (red.)<\/span><\/p>\n<div class=\"grupa wydawca\"><span class=\"meta-head\">Wydawca:<\/span>\u00a0Wydawnictwo Naukowe PWN<\/div>\n<div class=\"grupa dane\">\n<div>Oprawa:\u00a0<span class=\"meta-value-bold\">Mi\u0119kka<\/span><\/div>\n<div>Format:\u00a0<span class=\"meta-value-bold\">16.5&#215;23.5cm<\/span><\/div>\n<div>Liczba stron:\u00a0<span class=\"meta-value-bold\">390<\/span><\/div>\n<div>Wydanie:\u00a0<span class=\"meta-value-bold\">1<\/span><\/div>\n<div>Rok wydania:\u00a0<span class=\"meta-value-bold\">2025<\/span><\/div>\n<div>J\u0119zyk wydania:\u00a0<span class=\"meta-value-bold\">polski<\/span><\/div>\n<\/div>\n<div><\/div>\n<div>Publikacja Pompy ciep\u0142a i efektywno\u015b\u0107 energetyczna zawiera KOMPLEKSOWE UJ\u0118CIE podejmowanego tematu: od podstawy termodynamiki, przez rys historyczny pomp ciep\u0142a, wsp\u00f3\u0142czesne rozwi\u0105zania i zastosowania oraz kierunki rozwoju technologicznego pomp ciep\u0142a i system\u00f3w energetycznych, w kt\u00f3rych s\u0105 g\u0142\u00f3wnym elementem, a\u017c po przewidywany obszar ich wykorzystania Czytelnik w tej publikacji \u2013 kompendium nt. pomp ciep\u0142a znajdzie m.in. odpowiedzi na nast\u0119puj\u0105ce zagadnienia: &#8211; efektywno\u015b\u0107 energetyczna a pompy ciep\u0142a, &#8211; rola pomp ciep\u0142a w zmniejszaniu zu\u017cycia energii, &#8211; integracja pomp ciep\u0142a z niskotemperaturowymi sieciami ciep\u0142owniczymi ma\u0142ej skali, &#8211; przyk\u0142ady obliczeniowe funkcjonowania spr\u0119\u017carkowych pomp ciep\u0142a, &#8211; zastosowania pomp ciep\u0142a. Budownictwo jednorodzinne, &#8211; zastosowania pomp ciep\u0142a. Budownictwo wielorodzinne, budynki u\u017cyteczno\u015bci publicznej. Autorami tej wyj\u0105tkowej publikacji s\u0105 specjali\u015bci, naukowcy, a jednocze\u015bnie praktycy z bran\u017cy pomp ciep\u0142a \u2013 w tym jej redaktor naukowa: PROF. DR HAB. IN\u017b. DOROTA CHWIEDUK, cz\u0142onek Komitetu Problem\u00f3w Energetyki PAN i cz\u0142onek jego Prezydium, cz\u0142onek i Wice Przewodnicz\u0105ca Komitetu Termodynamiki PAN, a tak\u017ce przewodnicz\u0105ca Polskiego Towarzystwa Energetyki S\u0142onecznej PTES-ISES. Wydawnictwo Naukowe PWN poleca t\u0119 pozycj\u0119 przede wszystkim studentom studi\u00f3w I, II i III stopnia na wydzia\u0142ach energetyki, in\u017cynierii i ochrony \u015brodowiska, budownictwa i architektury. Mo\u017ce by\u0107 r\u00f3wnie\u017c wykorzystana przez specjalist\u00f3w z tej bran\u017cy: projektant\u00f3w, architekt\u00f3w, in\u017cynier\u00f3w, ubiegaj\u0105cych si\u0119 o certyfikaty energetyczne, a tak\u017ce w\u0142a\u015bcicieli, serwisant\u00f3w i operator\u00f3w urz\u0105dze\u0144 ch\u0142odniczych.<\/div>\n","protected":false},"excerpt":{"rendered":"<p>Autor:\u00a0Chwieduk Dorota (red.) Wydawca:\u00a0Wydawnictwo Naukowe PWN Oprawa:\u00a0Mi\u0119kka Format:\u00a016.5&#215;23.5cm Liczba stron:\u00a0390 [&hellip;]<\/p>\n","protected":false},"featured_media":20497,"template":"","meta":[],"product_brand":[],"product_cat":[7722,41,7530],"product_tag":[4247,7796],"class_list":{"0":"post-20496","1":"product","2":"type-product","3":"status-publish","4":"has-post-thumbnail","6":"product_cat-energetyka","7":"product_cat-nauki-techniczne","8":"product_cat-nowosci","9":"product_tag-energetyka","10":"product_tag-pompy-ciepla","12":"first","13":"instock","14":"sale","15":"shipping-taxable","16":"purchasable","17":"product-type-simple"},"_links":{"self":[{"href":"https:\/\/ksiegarnia-akademicka.pl\/index.php\/wp-json\/wp\/v2\/product\/20496","targetHints":{"allow":["GET"]}}],"collection":[{"href":"https:\/\/ksiegarnia-akademicka.pl\/index.php\/wp-json\/wp\/v2\/product"}],"about":[{"href":"https:\/\/ksiegarnia-akademicka.pl\/index.php\/wp-json\/wp\/v2\/types\/product"}],"wp:featuredmedia":[{"embeddable":true,"href":"https:\/\/ksiegarnia-akademicka.pl\/index.php\/wp-json\/wp\/v2\/media\/20497"}],"wp:attachment":[{"href":"https:\/\/ksiegarnia-akademicka.pl\/index.php\/wp-json\/wp\/v2\/media?parent=20496"}],"wp:term":[{"taxonomy":"product_brand","embeddable":true,"href":"https:\/\/ksiegarnia-akademicka.pl\/index.php\/wp-json\/wp\/v2\/product_brand?post=20496"},{"taxonomy":"product_cat","embeddable":true,"href":"https:\/\/ksiegarnia-akademicka.pl\/index.php\/wp-json\/wp\/v2\/product_cat?post=20496"},{"taxonomy":"product_tag","embeddable":true,"href":"https:\/\/ksiegarnia-akademicka.pl\/index.php\/wp-json\/wp\/v2\/product_tag?post=20496"}],"curies":[{"name":"wp","href":"https:\/\/api.w.org\/{rel}","templated":true}]}}