{"id":20485,"date":"2025-03-04T15:38:08","date_gmt":"2025-03-04T14:38:08","guid":{"rendered":"http:\/\/ksiegarnia-akademicka.pl\/?post_type=product&#038;p=20485"},"modified":"2025-03-04T15:38:09","modified_gmt":"2025-03-04T14:38:09","slug":"parazytologia-kliniczna-w-ujeciu-wielodyscyplinarnym","status":"publish","type":"product","link":"https:\/\/ksiegarnia-akademicka.pl\/index.php\/product\/parazytologia-kliniczna-w-ujeciu-wielodyscyplinarnym\/","title":{"rendered":"Parazytologia kliniczna w uj\u0119ciu wielodyscyplinarnym"},"content":{"rendered":"<div class=\"grupa osoby\"><span class=\"meta-head-blue\">Redakcja:<\/span>\u00a0<span class=\"meta-value\">Paw\u0142owski Zbigniew S., Stefaniak Jerzy<\/span><\/div>\n<div class=\"grupa wydawca\"><span class=\"meta-head\">Wydawca:<\/span>\u00a0PZWL<\/div>\n<div class=\"grupa dane\">\n<div>Oprawa:\u00a0<span class=\"meta-value-bold\">Mi\u0119kka<\/span><\/div>\n<div>Format:\u00a0<span class=\"meta-value-bold\">16.5&#215;23.5cm<\/span><\/div>\n<div>Liczba stron:\u00a0<span class=\"meta-value-bold\">366<\/span><\/div>\n<div>Wydanie:\u00a0<span class=\"meta-value-bold\">1<\/span><\/div>\n<div>Rok wydania:\u00a0<span class=\"meta-value-bold\">2017<\/span><\/div>\n<div>J\u0119zyk wydania:\u00a0<span class=\"meta-value-bold\">polski<\/span><\/div>\n<\/div>\n<div><\/div>\n<div>Ksi\u0105\u017cka obejmuje w spos\u00f3b ca\u0142o\u015bciowy zagadnienia parazytologii klinicznej. Jej pierwsza cz\u0119\u015b\u0107 zawiera podstawowe wiadomo\u015bci dotycz\u0105ce epidemiologii, diagnostyki i leczenia inwazji paso\u017cytniczych. W cz\u0119\u015bci drugiej przedstawiono g\u0142\u00f3wne objawy chorobowe i ich zwi\u0105zek z inwazjami paso\u017cytniczymi, a tak\u017ce problemy, z jakimi mog\u0105 si\u0119 zetkn\u0105\u0107 lekarze specjalizuj\u0105cy si\u0119 w r\u00f3\u017cnych dziedzinach medycznych, m.in. pediatrzy, lekarze rodzinni, ortopedzi, chirurdzy, okuli\u015bci, psychiatrzy, dermatolodzy oraz ginekolodzy i urolodzy. Okre\u015blono te\u017c, jacy pacjenci wymagaj\u0105 szczeg\u00f3lnej opieki. W cz\u0119\u015bci trzeciej opisano najwa\u017cniejsze inwazje paso\u017cytnicze. Publikacja jest adresowana do lekarzy pierwszego kontaktu i innych specjalist\u00f3w, kt\u00f3rzy w praktyce stykaj\u0105 si\u0119 z inwazjami i chorobami paso\u017cytniczymi. Mo\u017ce by\u0107 r\u00f3wnie\u017c przydatna jako podr\u0119cznik dla student\u00f3w wydzia\u0142\u00f3w medycznych, poniewa\u017c zawiera tre\u015b\u0107 obj\u0119t\u0105 programami nauczania obowi\u0105zuj\u0105cymi na uczelniach medycznych.<\/div>\n","protected":false},"excerpt":{"rendered":"<p>Redakcja:\u00a0Paw\u0142owski Zbigniew S., Stefaniak Jerzy Wydawca:\u00a0PZWL Oprawa:\u00a0Mi\u0119kka Format:\u00a016.5&#215;23.5cm Liczba stron:\u00a0366 [&hellip;]<\/p>\n","protected":false},"featured_media":20486,"template":"","meta":[],"product_brand":[],"product_cat":[8302,7493],"product_tag":[6283,8542],"class_list":{"0":"post-20485","1":"product","2":"type-product","3":"status-publish","4":"has-post-thumbnail","6":"product_cat-inne-medycyna","7":"product_cat-medycyna","8":"product_tag-choroby-zakazne","9":"product_tag-parazytologia","11":"first","12":"instock","13":"sale","14":"shipping-taxable","15":"purchasable","16":"product-type-simple"},"_links":{"self":[{"href":"https:\/\/ksiegarnia-akademicka.pl\/index.php\/wp-json\/wp\/v2\/product\/20485","targetHints":{"allow":["GET"]}}],"collection":[{"href":"https:\/\/ksiegarnia-akademicka.pl\/index.php\/wp-json\/wp\/v2\/product"}],"about":[{"href":"https:\/\/ksiegarnia-akademicka.pl\/index.php\/wp-json\/wp\/v2\/types\/product"}],"wp:featuredmedia":[{"embeddable":true,"href":"https:\/\/ksiegarnia-akademicka.pl\/index.php\/wp-json\/wp\/v2\/media\/20486"}],"wp:attachment":[{"href":"https:\/\/ksiegarnia-akademicka.pl\/index.php\/wp-json\/wp\/v2\/media?parent=20485"}],"wp:term":[{"taxonomy":"product_brand","embeddable":true,"href":"https:\/\/ksiegarnia-akademicka.pl\/index.php\/wp-json\/wp\/v2\/product_brand?post=20485"},{"taxonomy":"product_cat","embeddable":true,"href":"https:\/\/ksiegarnia-akademicka.pl\/index.php\/wp-json\/wp\/v2\/product_cat?post=20485"},{"taxonomy":"product_tag","embeddable":true,"href":"https:\/\/ksiegarnia-akademicka.pl\/index.php\/wp-json\/wp\/v2\/product_tag?post=20485"}],"curies":[{"name":"wp","href":"https:\/\/api.w.org\/{rel}","templated":true}]}}