{"id":20479,"date":"2025-03-04T09:47:27","date_gmt":"2025-03-04T08:47:27","guid":{"rendered":"http:\/\/ksiegarnia-akademicka.pl\/?post_type=product&#038;p=20479"},"modified":"2025-03-04T09:47:28","modified_gmt":"2025-03-04T08:47:28","slug":"prawo-instytucjonalne-unii-europejskiej-z-testami-online","status":"publish","type":"product","link":"https:\/\/ksiegarnia-akademicka.pl\/index.php\/product\/prawo-instytucjonalne-unii-europejskiej-z-testami-online\/","title":{"rendered":"Prawo instytucjonalne Unii Europejskiej z testami online"},"content":{"rendered":"<div class=\"grupa seria\"><span class=\"meta-head-blue\">Nale\u017cy do serii:<\/span><\/p>\n<ul>\n<li>PODR\u0118CZNIKI PRAWNICZE<\/li>\n<\/ul>\n<\/div>\n<div class=\"grupa osoby\"><span class=\"meta-head\">Autor:<\/span><\/p>\n<ul>\n<li class=\"meta-value\">Rudolf Ostrihansky<\/li>\n<li class=\"meta-value\">Adam \u0141azowski<\/li>\n<\/ul>\n<\/div>\n<div class=\"grupa wydawca\"><span class=\"meta-head\">Wydawca:<\/span>\u00a0C.H. Beck<\/div>\n<div class=\"grupa dane\">\n<div>Oprawa:\u00a0<span class=\"meta-value-bold\">Mi\u0119kka<\/span><\/div>\n<div>Format:\u00a0<span class=\"meta-value-bold\">14.5&#215;20.5cm<\/span><\/div>\n<div>Liczba stron:\u00a0<span class=\"meta-value-bold\">528<\/span><\/div>\n<div>Wydanie:\u00a0<span class=\"meta-value-bold\">9<\/span><\/div>\n<div>Rok wydania:\u00a0<span class=\"meta-value-bold\">2025<\/span><\/div>\n<div>J\u0119zyk wydania:\u00a0<span class=\"meta-value-bold\">polski<\/span><\/div>\n<\/div>\n<div><\/div>\n<div>Podr\u0119cznik ,,Prawo instytucjonalne Unii Europejskiej&#8221; prezentuje najwa\u017cniejsze zagadnienia dotycz\u0105ce funkcjonowania Unii Europejskiej i jej systemu prawnego.<\/p>\n<p>W publikacji zosta\u0142y om\u00f3wiono m.in.:<\/p>\n<p>system instytucjonalny Unii Europejskiej,<br \/>\n\u017ar\u00f3d\u0142a prawa Unii Europejskiej,<br \/>\nproblematyk\u0119 tworzenia prawa Unii Europejskiej,<br \/>\nstosowanie prawa Unii Europejskiej na p\u0142aszczy\u017anie wewn\u0119trznej pa\u0144stw cz\u0142onkowskich,<br \/>\nzagadnienia s\u0105dowej kontroli przestrzegania prawa,<br \/>\nwsp\u00f3\u0142prac\u0119 s\u0105d\u00f3w krajowych z Trybuna\u0142em Sprawiedliwo\u015bci.<br \/>\nWsz\u0119dzie tam, gdzie to by\u0142o mo\u017cliwe, zagadnienia zosta\u0142y przedstawione z perspektywy orzecznictwa Trybuna\u0142u Sprawiedliwo\u015bci Unii Europejskiej. Dlatego te\u017c poza tradycyjnymi odes\u0142aniami do orzecznictwa Czytelnik znajdzie w tek\u015bcie fragmenty wybranych wyrok\u00f3w ka\u017cdorazowo poprzedzone opisem stanu faktycznego.<\/p>\n<p>W 9. wydaniu podr\u0119cznika uwzgl\u0119dniono najnowsz\u0105 literatur\u0119 przedmiotu oraz aktualne orzecznictwo Trybuna\u0142u Sprawiedliwo\u015bci Unii Europejskiej.<\/p>\n<p>Podr\u0119cznik stanowi pomoc dla student\u00f3w, kt\u00f3rzy specjalizuj\u0105 si\u0119 w prawie Unii Europejskiej. B\u0119dzie on r\u00f3wnie\u017c u\u017cyteczny dla uczestnik\u00f3w studi\u00f3w podyplomowych oraz prawnik\u00f3w-praktyk\u00f3w i wszystkich Czytelnik\u00f3w zainteresowanych Uni\u0105 Europejsk\u0105.<\/p><\/div>\n","protected":false},"excerpt":{"rendered":"<p>Nale\u017cy do serii: PODR\u0118CZNIKI PRAWNICZE Autor: Rudolf Ostrihansky Adam \u0141azowski [&hellip;]<\/p>\n","protected":false},"featured_media":20480,"template":"","meta":[],"product_brand":[],"product_cat":[7530,18,7719,25],"product_tag":[701,250],"class_list":{"0":"post-20479","1":"product","2":"type-product","3":"status-publish","4":"has-post-thumbnail","6":"product_cat-nowosci","7":"product_cat-prawo","8":"product_cat-prawo-miedzynarodowe","9":"product_cat-unia-europejska","10":"product_tag-seria-podreczniki-prawnicze","11":"product_tag-unia-europejska","13":"first","14":"instock","15":"sale","16":"shipping-taxable","17":"purchasable","18":"product-type-simple"},"_links":{"self":[{"href":"https:\/\/ksiegarnia-akademicka.pl\/index.php\/wp-json\/wp\/v2\/product\/20479","targetHints":{"allow":["GET"]}}],"collection":[{"href":"https:\/\/ksiegarnia-akademicka.pl\/index.php\/wp-json\/wp\/v2\/product"}],"about":[{"href":"https:\/\/ksiegarnia-akademicka.pl\/index.php\/wp-json\/wp\/v2\/types\/product"}],"wp:featuredmedia":[{"embeddable":true,"href":"https:\/\/ksiegarnia-akademicka.pl\/index.php\/wp-json\/wp\/v2\/media\/20480"}],"wp:attachment":[{"href":"https:\/\/ksiegarnia-akademicka.pl\/index.php\/wp-json\/wp\/v2\/media?parent=20479"}],"wp:term":[{"taxonomy":"product_brand","embeddable":true,"href":"https:\/\/ksiegarnia-akademicka.pl\/index.php\/wp-json\/wp\/v2\/product_brand?post=20479"},{"taxonomy":"product_cat","embeddable":true,"href":"https:\/\/ksiegarnia-akademicka.pl\/index.php\/wp-json\/wp\/v2\/product_cat?post=20479"},{"taxonomy":"product_tag","embeddable":true,"href":"https:\/\/ksiegarnia-akademicka.pl\/index.php\/wp-json\/wp\/v2\/product_tag?post=20479"}],"curies":[{"name":"wp","href":"https:\/\/api.w.org\/{rel}","templated":true}]}}