{"id":2047,"date":"2018-05-22T12:44:57","date_gmt":"2018-05-22T10:44:57","guid":{"rendered":"http:\/\/ksiegarnia-akademicka.pl\/index.php\/product\/biofizyka-wybrane-zagadnienia-wraz-z-cwiczeniami\/"},"modified":"2019-11-04T14:35:42","modified_gmt":"2019-11-04T13:35:42","slug":"biofizyka-wybrane-zagadnienia-wraz-z-cwiczeniami","status":"publish","type":"product","link":"https:\/\/ksiegarnia-akademicka.pl\/index.php\/product\/biofizyka-wybrane-zagadnienia-wraz-z-cwiczeniami\/","title":{"rendered":"Biofizyka Wybrane zagadnienia wraz z \u0107wiczeniami"},"content":{"rendered":"<p>Redakcja: J\u00f3\u017awiak Zofia, Bartosz Grzegorz<br \/>\nWydawca: Wydawnictwo Naukowe PWN<br \/>\nOprawa: Mi\u0119kka<br \/>\nFormat: 16.5&#215;24.0cm<br \/>\nLiczba stron: 556<br \/>\nWydanie: 1<br \/>\nRok wydania: 2019<br \/>\nJ\u0119zyk wydania: polski<\/p>\n<p>Jedyny, uniwersalny podr\u0119cznik obejmuj\u0105cy podstawy biofizyki, a tak\u017ce metody stosowane w badaniach uk\u0142ad\u00f3w biologicznych.<\/p>\n<p>Ksi\u0105\u017cka zawiera podstawowy kurs biofizyki oraz om\u00f3wienie zasad i zastosowania:<\/p>\n<p>spektrofluorymetrii,<br \/>\nspektrofotometrii i innych metod spektroskopowych,<br \/>\ncytometrii przep\u0142ywowej,<br \/>\npromieniowania laserowego,<br \/>\nchromatografii,<br \/>\nspektrometrii elektronowego rezonansu paramagnetycznego,<br \/>\nmetod fluorescencyjnych w badaniach apoptozy.<\/p>\n<p>Ze wzgl\u0119du na tak obszerny zestaw zagadnie\u0144 podr\u0119cznik przeznaczony jest dla licznej grupy student\u00f3w: biologii, biotechnologii, ochrony \u015brodowiska wszystkich typ\u00f3w uczelni, akademii medycznych oraz dla doktorant\u00f3w i pocz\u0105tkuj\u0105cych pracownik\u00f3w naukowych kierunk\u00f3w biologicznych.<\/p>\n","protected":false},"excerpt":{"rendered":"<p>Redakcja: J\u00f3\u017awiak Zofia, Bartosz Grzegorz Wydawca: Wydawnictwo Naukowe PWN Oprawa: [&hellip;]<\/p>\n","protected":false},"featured_media":11762,"template":"","meta":[],"product_brand":[],"product_cat":[7493,44,7625],"product_tag":[4806,4665,6220,343],"class_list":{"0":"post-2047","1":"product","2":"type-product","3":"status-publish","4":"has-post-thumbnail","6":"product_cat-medycyna","7":"product_cat-nauki-medyczne","8":"product_cat-nauki-o-zdrowiu","9":"product_tag-biochemia","10":"product_tag-biofizyka","11":"product_tag-biologia-molekularna","12":"product_tag-cwiczenia","14":"first","15":"instock","16":"sale","17":"shipping-taxable","18":"purchasable","19":"product-type-simple"},"_links":{"self":[{"href":"https:\/\/ksiegarnia-akademicka.pl\/index.php\/wp-json\/wp\/v2\/product\/2047","targetHints":{"allow":["GET"]}}],"collection":[{"href":"https:\/\/ksiegarnia-akademicka.pl\/index.php\/wp-json\/wp\/v2\/product"}],"about":[{"href":"https:\/\/ksiegarnia-akademicka.pl\/index.php\/wp-json\/wp\/v2\/types\/product"}],"wp:featuredmedia":[{"embeddable":true,"href":"https:\/\/ksiegarnia-akademicka.pl\/index.php\/wp-json\/wp\/v2\/media\/11762"}],"wp:attachment":[{"href":"https:\/\/ksiegarnia-akademicka.pl\/index.php\/wp-json\/wp\/v2\/media?parent=2047"}],"wp:term":[{"taxonomy":"product_brand","embeddable":true,"href":"https:\/\/ksiegarnia-akademicka.pl\/index.php\/wp-json\/wp\/v2\/product_brand?post=2047"},{"taxonomy":"product_cat","embeddable":true,"href":"https:\/\/ksiegarnia-akademicka.pl\/index.php\/wp-json\/wp\/v2\/product_cat?post=2047"},{"taxonomy":"product_tag","embeddable":true,"href":"https:\/\/ksiegarnia-akademicka.pl\/index.php\/wp-json\/wp\/v2\/product_tag?post=2047"}],"curies":[{"name":"wp","href":"https:\/\/api.w.org\/{rel}","templated":true}]}}