{"id":20463,"date":"2025-03-03T08:12:14","date_gmt":"2025-03-03T07:12:14","guid":{"rendered":"http:\/\/ksiegarnia-akademicka.pl\/?post_type=product&#038;p=20463"},"modified":"2025-03-03T08:12:14","modified_gmt":"2025-03-03T07:12:14","slug":"psychoterapia-grupowa-teoria-i-praktyka","status":"publish","type":"product","link":"https:\/\/ksiegarnia-akademicka.pl\/index.php\/product\/psychoterapia-grupowa-teoria-i-praktyka\/","title":{"rendered":"Psychoterapia grupowa. Teoria i praktyka"},"content":{"rendered":"<div class=\"grupa seria\"><span class=\"meta-head-blue\">Nale\u017cy do serii:<\/span><\/p>\n<ul>\n<li>PSYCHIATRIA I PSYCHOTERAPIA<\/li>\n<\/ul>\n<\/div>\n<div class=\"grupa osoby\"><span class=\"meta-head\">Autor:<\/span><\/p>\n<ul>\n<li class=\"meta-value\">Irvin Yalom<\/li>\n<li class=\"meta-value\">Molyn Leszcz<\/li>\n<\/ul>\n<\/div>\n<div class=\"grupa osoby\"><span class=\"meta-head-blue\">T\u0142umacze:<\/span>\u00a0<span class=\"meta-value\">Andruszko Robert<\/span><\/div>\n<div class=\"grupa wydawca\"><span class=\"meta-head\">Wydawca:<\/span>\u00a0Wydawnictwo Uniwersytetu Jagiello\u0144skiego<\/div>\n<div class=\"grupa dane\">\n<div>Oprawa:\u00a0<span class=\"meta-value-bold\">Mi\u0119kka ze skrzyde\u0142kami<\/span><\/div>\n<div>Format:\u00a0<span class=\"meta-value-bold\">17.0&#215;24.0cm<\/span><\/div>\n<div>Liczba stron:\u00a0<span class=\"meta-value-bold\">736<\/span><\/div>\n<div>Wydanie:\u00a0<span class=\"meta-value-bold\">2<\/span><\/div>\n<div>Rok wydania:\u00a0<span class=\"meta-value-bold\">2025<\/span><\/div>\n<div>J\u0119zyk wydania:\u00a0<span class=\"meta-value-bold\">polski<\/span><\/div>\n<\/div>\n<div><\/div>\n<div>Nowe wydanie jednego z najwa\u017cniejszych podr\u0119cznik\u00f3w do prowadzenia psychoterapii grupowej Grupa terapeutyczna stanowi wyj\u0105tkow\u0105 przestrze\u0144, w kt\u00f3rej pacjenci mog\u0105 wchodzi\u0107 w interakcje, zyskiwa\u0107 wgl\u0105d w nieadaptacyjne wzorce zachowa\u0144 i wzajemnie wspiera\u0107 si\u0119 w procesie zmiany. Irvin D. Yalom i Molyn Leszcz przedstawiaj\u0105 syntez\u0119 najnowszych bada\u0144 oraz innowacyjnych technik stosowanych w praktyce terapii grupowej. Autorzy szczeg\u00f3\u0142owo omawiaj\u0105 zasady dotycz\u0105ce tworzenia i prowadzenia grupy w og\u00f3le oraz w specyficznych sytuacjach klinicznych.<br \/>\nNa przyk\u0142adach z w\u0142asnej praktyki ukazuj\u0105 proces formowania sk\u0142adu grupy oraz jej rozwoju \u2013 od pierwszych sesji po zaawansowane etapy terapii. Zaprezentowane strategie i techniki pomagaj\u0105 radzi\u0107 sobie z wyzwaniami pojawiaj\u0105cymi si\u0119 w trakcie leczenia. Nowe wydanie ksi\u0105\u017cki zosta\u0142o wzbogacone o zagadnienia dotycz\u0105ce prowadzenia terapii online, nowoczesnych podej\u015b\u0107 analitycznych i relacyjnych, neurobiologii interpersonalnej, r\u00f3\u017cnorodno\u015bci czy traumy. Podr\u0119cznik ten jest uniwersalnym i klasycznym ju\u017c kompendium, pomagaj\u0105cym w rozwoju umiej\u0119tno\u015bci zawodowych zar\u00f3wno pocz\u0105tkuj\u0105cym terapeutom, jak i do\u015bwiadczonym klinicystom, niezale\u017cnie od nurtu, w kt\u00f3rym pracuj\u0105.<br \/>\nNajnowsze wydanie tego klasycznego podr\u0119cznika do psychoterapii grupowej pokazuje, \u017ce mo\u017cna z grupami pracowa\u0107 nowocze\u015bnie, na podstawie rzetelnej wiedzy i bada\u0144. Oferuje terapeutom \u015bwietne narz\u0119dzia kliniczne \u2013 to lektura obowi\u0105zkowa. Anna Kr\u00f3l-Kuczkowska, psychoterapeutka i superwizorka Polskiego Towarzystwa Psychologicznego, kierowniczka Pracowni HUMANI Yalom i Leszcz, autorzy Psychoterapii grupowej, w spos\u00f3b jasny oraz \u0142atwy do przyswojenia przedstawiaj\u0105 model interakcyjnej psychoterapii, szczeg\u00f3\u0142owo omawiaj\u0105c jego kluczowe elementy.<br \/>\nTen klasyczny podr\u0119cznik s\u0142u\u017cy studentom, a zarazem stanowi inspiracj\u0119 dla do\u015bwiadczonych terapeut\u00f3w i superwizor\u00f3w. Drugie wydanie zosta\u0142o zaktualizowane o nowe wyniki bada\u0144 nad psychoterapi\u0105 grupow\u0105 oraz wzbogacone o ciekawe opisy przypadk\u00f3w klinicznych i metody pracy online. Serdecznie polecam t\u0119 publikacj\u0119 wszystkim, kt\u00f3rzy pracuj\u0105 z grupami w jakiejkolwiek formie.<br \/>\nJerzy Dmuchowski, psychoterapeuta grupowy, superwizor oraz nauczyciel psychoterapii zwi\u0105zany z Laboratorium Psychoedukacji Autorzy wykonali \u015bwietn\u0105 prac\u0119 \u2013 nie tylko zaprezentowali sztuk\u0119 prowadzenia grup terapeutycznych, ale te\u017c rzetelnie om\u00f3wili podstawy naukowe, kt\u00f3re si\u0119 za ni\u0105 kryj\u0105. Zawarty w ksi\u0105\u017cce materia\u0142 spe\u0142ni oczekiwania specjalist\u00f3w pragn\u0105cych poszerzy\u0107 swoj\u0105 wiedz\u0119 w zakresie terapii grupowej. To zarazem doskona\u0142e \u017ar\u00f3d\u0142o informacji dla os\u00f3b ucz\u0105cych si\u0119 umiej\u0119tno\u015bci kierowania ka\u017cd\u0105 grup\u0105. Nina W. Brown, profesor Old Dominion University Irvin D. Yalom, MD, emerytowany profesor psychiatrii Stanford University School of Medicine, laureat wielu nagr\u00f3d w dziedzinie psychiatrii, przyznanych mi\u0119dzy innymi przez American Group Psychotherapy Association oraz American Psychological Association za ca\u0142okszta\u0142t dokona\u0144. Rozwin\u0105\u0142 nurt psychoterapii egzystencjalnej i grupowej. Jest autorem kanonicznych podr\u0119cznik\u00f3w oraz powie\u015bci i opowiada\u0144 psychoterapeutycznych, takich jak Kiedy Nietzsche szlocha\u0142, Mama i sens \u017cycia czy Kat mi\u0142o\u015bci. Molyn Leszcz, MD, profesor na Wydziale Psychiatrii Uniwersytetu w Toronto oraz przewodnicz\u0105cy American Group Psychotherapy Association. Otrzyma\u0142 wyr\u00f3\u017cnienie Anne Alonso w dziedzinie psychodynamicznej psychoterapii grupowej, a tak\u017ce liczne nagrody za osi\u0105gni\u0119cia dydaktyczne. Jest wsp\u00f3\u0142autorem i wsp\u00f3\u0142redaktorem uznanych podr\u0119cznik\u00f3w psychoterapeutycznych.<\/div>\n","protected":false},"excerpt":{"rendered":"<p>Nale\u017cy do serii: PSYCHIATRIA I PSYCHOTERAPIA Autor: Irvin Yalom Molyn [&hellip;]<\/p>\n","protected":false},"featured_media":20464,"template":"","meta":[],"product_brand":[],"product_cat":[27,7530,7509],"product_tag":[3430,1186,1659],"class_list":{"0":"post-20463","1":"product","2":"type-product","3":"status-publish","4":"has-post-thumbnail","6":"product_cat-nauki-spoleczne","7":"product_cat-nowosci","8":"product_cat-psychologia","9":"product_tag-psychoanaliza-i-psychoterapia-grupowa","10":"product_tag-psychologia","11":"product_tag-psychoterapia","13":"first","14":"instock","15":"sale","16":"shipping-taxable","17":"purchasable","18":"product-type-simple"},"_links":{"self":[{"href":"https:\/\/ksiegarnia-akademicka.pl\/index.php\/wp-json\/wp\/v2\/product\/20463","targetHints":{"allow":["GET"]}}],"collection":[{"href":"https:\/\/ksiegarnia-akademicka.pl\/index.php\/wp-json\/wp\/v2\/product"}],"about":[{"href":"https:\/\/ksiegarnia-akademicka.pl\/index.php\/wp-json\/wp\/v2\/types\/product"}],"wp:featuredmedia":[{"embeddable":true,"href":"https:\/\/ksiegarnia-akademicka.pl\/index.php\/wp-json\/wp\/v2\/media\/20464"}],"wp:attachment":[{"href":"https:\/\/ksiegarnia-akademicka.pl\/index.php\/wp-json\/wp\/v2\/media?parent=20463"}],"wp:term":[{"taxonomy":"product_brand","embeddable":true,"href":"https:\/\/ksiegarnia-akademicka.pl\/index.php\/wp-json\/wp\/v2\/product_brand?post=20463"},{"taxonomy":"product_cat","embeddable":true,"href":"https:\/\/ksiegarnia-akademicka.pl\/index.php\/wp-json\/wp\/v2\/product_cat?post=20463"},{"taxonomy":"product_tag","embeddable":true,"href":"https:\/\/ksiegarnia-akademicka.pl\/index.php\/wp-json\/wp\/v2\/product_tag?post=20463"}],"curies":[{"name":"wp","href":"https:\/\/api.w.org\/{rel}","templated":true}]}}