{"id":20455,"date":"2025-03-03T08:01:48","date_gmt":"2025-03-03T07:01:48","guid":{"rendered":"http:\/\/ksiegarnia-akademicka.pl\/?post_type=product&#038;p=20455"},"modified":"2025-03-03T08:01:49","modified_gmt":"2025-03-03T07:01:49","slug":"dbt-dla-par-jak-przeksztalcic-konflikt-w-bliskosc","status":"publish","type":"product","link":"https:\/\/ksiegarnia-akademicka.pl\/index.php\/product\/dbt-dla-par-jak-przeksztalcic-konflikt-w-bliskosc\/","title":{"rendered":"DBT dla par. Jak przekszta\u0142ci\u0107 konflikt w blisko\u015b\u0107?"},"content":{"rendered":"<div class=\"grupa osoby\"><span class=\"meta-head-blue\">Autor:<\/span><\/p>\n<ul>\n<li class=\"meta-value\">Fruzzetti A.E.<\/li>\n<\/ul>\n<\/div>\n<div class=\"grupa osoby\"><span class=\"meta-head-blue\">Ilustracje:<\/span>\u00a0<span class=\"meta-value\">Urban &amp; Partner sp. z o.o.<\/span><\/div>\n<div class=\"grupa wydawca\"><span class=\"meta-head\">Wydawca:<\/span>\u00a0Edra Urban &amp; Partner<\/div>\n<div class=\"grupa dane\">\n<div>Oprawa:\u00a0<span class=\"meta-value-bold\">Mi\u0119kka<\/span><\/div>\n<div>Format:\u00a0<span class=\"meta-value-bold\">16.5&#215;23.5cm<\/span><\/div>\n<div>Liczba stron:\u00a0<span class=\"meta-value-bold\">156<\/span><\/div>\n<div>Rok wydania:\u00a0<span class=\"meta-value-bold\">2025<\/span><\/div>\n<div>J\u0119zyk wydania:\u00a0<span class=\"meta-value-bold\">polski<\/span><\/div>\n<\/div>\n<div><\/div>\n<div>Terapia dialektyczno-behawioralna, aby osi\u0105gn\u0105\u0107 spok\u00f3j, r\u00f3wnowag\u0119 i uprawomocnienie w bliskiej relacji<br \/>\n\u2026dla tych, kt\u00f3rzy pragn\u0105 spokoju i blisko\u015bci, oraz dla wszystkich psychoterapeut\u00f3w wspieraj\u0105cych ich w tej drodze\u2026<br \/>\nKsi\u0105\u017cka, kt\u00f3rej bardzo potrzebujmy, aby uratowa\u0107 nasze relacje (nie tylko romantyczne)! Ta publikacja jest skarbnic\u0105 konkretnych wskaz\u00f3wek i umiej\u0119tno\u015bci, przywracaj\u0105cych spok\u00f3j, blisko\u015b\u0107 i zrozumienie w zwi\u0105zku. Alan Fruzzetti to do\u015bwiadczony badacz interakcji w parach i pe\u0142en ciep\u0142a psychoterapeuta terapii dialektyczno-behawioralnej, kt\u00f3remu uda\u0142o si\u0119 uchwyci\u0107 subtelne zale\u017cno\u015bci pomi\u0119dzy emocjami a dynamik\u0105 konflikt\u00f3w. Jego doskona\u0142e przyk\u0142ady sprawiaj\u0105, \u017ce i my zaczynamy lepiej rozumie\u0107 nas i naszych bliskich oraz istot\u0119 dr\u0119cz\u0105cych nas nieporozumie\u0144. Zaczynamy dostrzega\u0107 r\u00f3wnie\u017c, \u017ce k\u0142\u0119bek konfliktu i negatywnych emocji mo\u017cna rozwi\u0105za\u0107. A to wszystko dzi\u0119ki umiej\u0119tno\u015bciom DBT, kt\u00f3re mog\u0105 uleczy\u0107 nasze serca i relacje. Z tej publikacji dowiemy si\u0119 m.in.:<\/p>\n<p>\u2022 jak regulowa\u0107 nasze emocje w obliczu konfliktu,<br \/>\n\u2022 by\u0107 uwa\u017cnym w relacji, aby podsyci\u0107 tl\u0105c\u0105 si\u0119 mi\u0142o\u015b\u0107,<br \/>\n\u2022 uprawomocnia\u0107 drug\u0105 osob\u0119, aby poczu\u0142a si\u0119 kochana i<br \/>\n\u2022 m\u00f3wi\u0107 o najwa\u017cniejszych potrzebach, okazuj\u0105c adekwatn\u0105 ekspresj\u0119<\/p>\n<p>mgr Magdalena Muracka-Tylko,<br \/>\npsycholog i filozof, certyfikowana psychoterapeutka poznawczo-behawioralna, w trakcie szkolenia do certyfikatu superwizora-dydaktyka Polskiego Towarzystwa Terapii Poznawczej i Behawioralnej, psychoterapeutka i nauczyciel DBT, Polskie Towarzystwo Terapii Dialektyczno-Behawioranej<\/p><\/div>\n","protected":false},"excerpt":{"rendered":"<p>Autor: Fruzzetti A.E. Ilustracje:\u00a0Urban &amp; Partner sp. z o.o. Wydawca:\u00a0Edra [&hellip;]<\/p>\n","protected":false},"featured_media":20456,"template":"","meta":[],"product_brand":[],"product_cat":[27,7530,7509],"product_tag":[8539,1186,1659],"class_list":{"0":"post-20455","1":"product","2":"type-product","3":"status-publish","4":"has-post-thumbnail","6":"product_cat-nauki-spoleczne","7":"product_cat-nowosci","8":"product_cat-psychologia","9":"product_tag-dbt","10":"product_tag-psychologia","11":"product_tag-psychoterapia","13":"first","14":"instock","15":"sale","16":"shipping-taxable","17":"purchasable","18":"product-type-simple"},"_links":{"self":[{"href":"https:\/\/ksiegarnia-akademicka.pl\/index.php\/wp-json\/wp\/v2\/product\/20455","targetHints":{"allow":["GET"]}}],"collection":[{"href":"https:\/\/ksiegarnia-akademicka.pl\/index.php\/wp-json\/wp\/v2\/product"}],"about":[{"href":"https:\/\/ksiegarnia-akademicka.pl\/index.php\/wp-json\/wp\/v2\/types\/product"}],"wp:featuredmedia":[{"embeddable":true,"href":"https:\/\/ksiegarnia-akademicka.pl\/index.php\/wp-json\/wp\/v2\/media\/20456"}],"wp:attachment":[{"href":"https:\/\/ksiegarnia-akademicka.pl\/index.php\/wp-json\/wp\/v2\/media?parent=20455"}],"wp:term":[{"taxonomy":"product_brand","embeddable":true,"href":"https:\/\/ksiegarnia-akademicka.pl\/index.php\/wp-json\/wp\/v2\/product_brand?post=20455"},{"taxonomy":"product_cat","embeddable":true,"href":"https:\/\/ksiegarnia-akademicka.pl\/index.php\/wp-json\/wp\/v2\/product_cat?post=20455"},{"taxonomy":"product_tag","embeddable":true,"href":"https:\/\/ksiegarnia-akademicka.pl\/index.php\/wp-json\/wp\/v2\/product_tag?post=20455"}],"curies":[{"name":"wp","href":"https:\/\/api.w.org\/{rel}","templated":true}]}}