{"id":20451,"date":"2025-03-01T13:15:50","date_gmt":"2025-03-01T12:15:50","guid":{"rendered":"http:\/\/ksiegarnia-akademicka.pl\/?post_type=product&#038;p=20451"},"modified":"2025-03-01T13:15:51","modified_gmt":"2025-03-01T12:15:51","slug":"prawo-wyborcze-w-polsce","status":"publish","type":"product","link":"https:\/\/ksiegarnia-akademicka.pl\/index.php\/product\/prawo-wyborcze-w-polsce\/","title":{"rendered":"Prawo wyborcze w Polsce"},"content":{"rendered":"<div class=\"grupa osoby\"><span class=\"meta-head\">Autor:<\/span><\/p>\n<ul>\n<li class=\"meta-value\">Marek Chmaj<\/li>\n<\/ul>\n<\/div>\n<div class=\"grupa wydawca\"><span class=\"meta-head\">Wydawca:<\/span>\u00a0Wolters Kluwer<\/div>\n<div class=\"grupa dane\">\n<div>Oprawa:\u00a0<span class=\"meta-value-bold\">Mi\u0119kka<\/span><\/div>\n<div>Format:\u00a0<span class=\"meta-value-bold\">17.6&#215;25.0cm<\/span><\/div>\n<div>Liczba stron:\u00a0<span class=\"meta-value-bold\">260<\/span><\/div>\n<div>Wydanie:\u00a0<span class=\"meta-value-bold\">1<\/span><\/div>\n<div>Rok wydania:\u00a0<span class=\"meta-value-bold\">2023<\/span><\/div>\n<div>J\u0119zyk wydania:\u00a0<span class=\"meta-value-bold\">polski<\/span><\/div>\n<\/div>\n<div><\/div>\n<div>Kompleksowe opracowanie odnosz\u0105ce si\u0119 do systemu wyborczego w Polsce zawiera m.in.:<br \/>\n\u2022 obja\u015bnienie podstaw prawa wyborczego, mandatu przedstawicielskiego, kadencyjno\u015bci,<br \/>\n\u2022 charakterystyk\u0119 zasad prawa wyborczego (tzw. przymiotnik\u00f3w wyborczych), w tym zasad podzia\u0142u mandat\u00f3w, obwod\u00f3w g\u0142osowania, rejestru wyborc\u00f3w, komitet\u00f3w wyborczych, kampanii wyborczej i finansowania wybor\u00f3w, organ\u00f3w wyborczych i administracji wyborczej.<\/p>\n<p>W przyst\u0119pny dla czytelnika spos\u00f3b szczeg\u00f3\u0142owo przedstawiono system wyborczy do Sejmu, Senatu, Parlamentu Europejskiego, na urz\u0105d Prezydenta RP oraz do organ\u00f3w samorz\u0105du terytorialnego.<\/p>\n<p>W ksi\u0105\u017cce uwzgl\u0119dniono nowelizacj\u0119 Kodeksu wyborczego z 26 stycznia 2023 r. (Dz.U. poz. 497).<\/p>\n<p>Publikacja jest przeznaczona dla student\u00f3w wydzia\u0142\u00f3w prawa i administracji, a tak\u017ce wszystkich os\u00f3b zajmuj\u0105cych si\u0119 prawem wyborczym, zar\u00f3wno w uj\u0119ciu praktycznym, jak i teoretycznym.<\/p><\/div>\n","protected":false},"excerpt":{"rendered":"<p>Autor: Marek Chmaj Wydawca:\u00a0Wolters Kluwer Oprawa:\u00a0Mi\u0119kka Format:\u00a017.6&#215;25.0cm Liczba stron:\u00a0260 Wydanie:\u00a01 [&hellip;]<\/p>\n","protected":false},"featured_media":20452,"template":"","meta":[],"product_brand":[],"product_cat":[7492,7496,18],"product_tag":[932,330],"class_list":{"0":"post-20451","1":"product","2":"type-product","3":"status-publish","4":"has-post-thumbnail","6":"product_cat-administracyjne","7":"product_cat-konstytucyjne","8":"product_cat-prawo","9":"product_tag-prawo-wyborcze","10":"product_tag-seria-akademicka","12":"first","13":"instock","14":"sale","15":"shipping-taxable","16":"purchasable","17":"product-type-simple"},"_links":{"self":[{"href":"https:\/\/ksiegarnia-akademicka.pl\/index.php\/wp-json\/wp\/v2\/product\/20451","targetHints":{"allow":["GET"]}}],"collection":[{"href":"https:\/\/ksiegarnia-akademicka.pl\/index.php\/wp-json\/wp\/v2\/product"}],"about":[{"href":"https:\/\/ksiegarnia-akademicka.pl\/index.php\/wp-json\/wp\/v2\/types\/product"}],"wp:featuredmedia":[{"embeddable":true,"href":"https:\/\/ksiegarnia-akademicka.pl\/index.php\/wp-json\/wp\/v2\/media\/20452"}],"wp:attachment":[{"href":"https:\/\/ksiegarnia-akademicka.pl\/index.php\/wp-json\/wp\/v2\/media?parent=20451"}],"wp:term":[{"taxonomy":"product_brand","embeddable":true,"href":"https:\/\/ksiegarnia-akademicka.pl\/index.php\/wp-json\/wp\/v2\/product_brand?post=20451"},{"taxonomy":"product_cat","embeddable":true,"href":"https:\/\/ksiegarnia-akademicka.pl\/index.php\/wp-json\/wp\/v2\/product_cat?post=20451"},{"taxonomy":"product_tag","embeddable":true,"href":"https:\/\/ksiegarnia-akademicka.pl\/index.php\/wp-json\/wp\/v2\/product_tag?post=20451"}],"curies":[{"name":"wp","href":"https:\/\/api.w.org\/{rel}","templated":true}]}}