{"id":20440,"date":"2025-02-26T10:15:56","date_gmt":"2025-02-26T09:15:56","guid":{"rendered":"http:\/\/ksiegarnia-akademicka.pl\/?post_type=product&#038;p=20440"},"modified":"2025-02-26T10:16:23","modified_gmt":"2025-02-26T09:16:23","slug":"iniekcje-w-medycynie-sportowej-leczenie-zachowawcze-i-profilaktyka-zmian-przeciazeniowych-i-zwyrodnieniowych","status":"publish","type":"product","link":"https:\/\/ksiegarnia-akademicka.pl\/index.php\/product\/iniekcje-w-medycynie-sportowej-leczenie-zachowawcze-i-profilaktyka-zmian-przeciazeniowych-i-zwyrodnieniowych\/","title":{"rendered":"Iniekcje w medycynie sportowej Leczenie zachowawcze i profilaktyka zmian przeci\u0105\u017ceniowych i zwyrodnieniowych"},"content":{"rendered":"<div class=\"grupa osoby\">\n<p><span class=\"meta-head\">Autor:<\/span><\/p>\n<ul>\n<li class=\"meta-value\">Bart\u0142omiej Kacprzak<\/li>\n<\/ul>\n<\/div>\n<div class=\"grupa wydawca\"><span class=\"meta-head\">Wydawca:<\/span>\u00a0PZWL<\/div>\n<div class=\"grupa dane\">\n<div>Oprawa:\u00a0<span class=\"meta-value-bold\">Mi\u0119kka<\/span><\/div>\n<div>Format:\u00a0<span class=\"meta-value-bold\">14.8&#215;21.0cm<\/span><\/div>\n<div>Liczba stron:\u00a0<span class=\"meta-value-bold\">100<\/span><\/div>\n<div>Wydanie:\u00a0<span class=\"meta-value-bold\">1<\/span><\/div>\n<div>Rok wydania:\u00a0<span class=\"meta-value-bold\">2025<\/span><\/div>\n<div>J\u0119zyk wydania:\u00a0<span class=\"meta-value-bold\">polski<\/span><\/div>\n<\/div>\n<div><\/div>\n<div>Ksi\u0105\u017cka jest praktycznym kompendium wiedzy w zakresie iniekcji diagnostycznych i terapeutycznych w narz\u0105dzie ruchu. W usystematyzowany spos\u00f3b przedstawia podstawy ultrasonografii na potrzeby wykonywania iniekcji pod kontrol\u0105 USG, wskazania i przeciwwskazania i rodzaje wykonywanych zabieg\u00f3w, u\u017cywane \u015brodki znieczulaj\u0105ce. Om\u00f3wione zosta\u0142y r\u00f3wnie\u017c techniki iniekcji do poszczeg\u00f3lnych okolic cia\u0142a i staw\u00f3w. Polecamy j\u0105 lekarzom medycyny sportowej, rehabilitacji medycznej, ortopedii i reumatologii.<\/div>\n","protected":false},"excerpt":{"rendered":"<p>Autor: Bart\u0142omiej Kacprzak Wydawca:\u00a0PZWL Oprawa:\u00a0Mi\u0119kka Format:\u00a014.8&#215;21.0cm Liczba stron:\u00a0100 Wydanie:\u00a01 Rok [&hellip;]<\/p>\n","protected":false},"featured_media":20441,"template":"","meta":[],"product_brand":[],"product_cat":[8277,7493,7530],"product_tag":[1498,4988],"class_list":{"0":"post-20440","1":"product","2":"type-product","3":"status-publish","4":"has-post-thumbnail","6":"product_cat-fizjoterapia","7":"product_cat-medycyna","8":"product_cat-nowosci","9":"product_tag-fizjoterapia","10":"product_tag-medycyna-sportowa","12":"first","13":"instock","14":"sale","15":"shipping-taxable","16":"purchasable","17":"product-type-simple"},"_links":{"self":[{"href":"https:\/\/ksiegarnia-akademicka.pl\/index.php\/wp-json\/wp\/v2\/product\/20440","targetHints":{"allow":["GET"]}}],"collection":[{"href":"https:\/\/ksiegarnia-akademicka.pl\/index.php\/wp-json\/wp\/v2\/product"}],"about":[{"href":"https:\/\/ksiegarnia-akademicka.pl\/index.php\/wp-json\/wp\/v2\/types\/product"}],"wp:featuredmedia":[{"embeddable":true,"href":"https:\/\/ksiegarnia-akademicka.pl\/index.php\/wp-json\/wp\/v2\/media\/20441"}],"wp:attachment":[{"href":"https:\/\/ksiegarnia-akademicka.pl\/index.php\/wp-json\/wp\/v2\/media?parent=20440"}],"wp:term":[{"taxonomy":"product_brand","embeddable":true,"href":"https:\/\/ksiegarnia-akademicka.pl\/index.php\/wp-json\/wp\/v2\/product_brand?post=20440"},{"taxonomy":"product_cat","embeddable":true,"href":"https:\/\/ksiegarnia-akademicka.pl\/index.php\/wp-json\/wp\/v2\/product_cat?post=20440"},{"taxonomy":"product_tag","embeddable":true,"href":"https:\/\/ksiegarnia-akademicka.pl\/index.php\/wp-json\/wp\/v2\/product_tag?post=20440"}],"curies":[{"name":"wp","href":"https:\/\/api.w.org\/{rel}","templated":true}]}}