{"id":20438,"date":"2025-02-26T10:08:53","date_gmt":"2025-02-26T09:08:53","guid":{"rendered":"http:\/\/ksiegarnia-akademicka.pl\/?post_type=product&#038;p=20438"},"modified":"2025-02-26T10:08:53","modified_gmt":"2025-02-26T09:08:53","slug":"akredytacja-w-ochronie-zdrowia-krok-po-kroku","status":"publish","type":"product","link":"https:\/\/ksiegarnia-akademicka.pl\/index.php\/product\/akredytacja-w-ochronie-zdrowia-krok-po-kroku\/","title":{"rendered":"Akredytacja w ochronie zdrowia krok po kroku"},"content":{"rendered":"<div class=\"grupa osoby\"><span class=\"meta-head\">Autor:<\/span><\/p>\n<ul>\n<li class=\"meta-value\">Agnieszka Pietraszewska-Macheta<\/li>\n<\/ul>\n<\/div>\n<div class=\"grupa osoby\"><span class=\"meta-head-blue\">Redakcja:<\/span>\u00a0<span class=\"meta-value\">Pietraszewska-Macheta Agnieszka,<\/span><\/div>\n<div class=\"grupa wydawca\"><span class=\"meta-head\">Wydawca:<\/span>\u00a0Wolters Kluwer<\/div>\n<div class=\"grupa dane\">\n<div>Oprawa:\u00a0<span class=\"meta-value-bold\">Mi\u0119kka<\/span><\/div>\n<div>Liczba stron:\u00a0<span class=\"meta-value-bold\">272<\/span><\/div>\n<div>Wydanie:\u00a0<span class=\"meta-value-bold\">1<\/span><\/div>\n<div>Rok wydania:\u00a0<span class=\"meta-value-bold\">2025<\/span><\/div>\n<div>J\u0119zyk wydania:\u00a0<span class=\"meta-value-bold\">polski<\/span><\/div>\n<\/div>\n<div><\/div>\n<div>Ksi\u0105\u017cka ma pom\u00f3c plac\u00f3wkom medycznym w przygotowaniu do procedury akredytacyjnej wymaganej przez ustaw\u0119 o jako\u015bci w opiece zdrowotnej i bezpiecze\u0144stwie pacjenta wraz z jej aktami wykonawczymi.<br \/>\nPublikacja podkre\u015bla wa\u017cno\u015b\u0107 dokonania akredytacji, jej pozytywny wp\u0142yw na pacjenta poprzez porz\u0105dkowanie proces\u00f3w, a tak\u017ce u\u0142atwia samoocen\u0119 plac\u00f3wek i przygotowanie do formalnej weryfikacji.<\/p>\n<p>Ksi\u0105\u017cka jest przeznaczona dla podmiot\u00f3w leczniczych publicznych i niepublicznych, kt\u00f3re dzi\u0119ki przeprowadzeniu akredytacji zyskuj\u0105 wymierne korzy\u015bci finansowe. Stanowi te\u017c cenn\u0105 lektur\u0119 dla pracownik\u00f3w Narodowego Funduszu Zdrowia. Zainteresuje r\u00f3wnie\u017c s\u0119dzi\u00f3w, radc\u00f3w prawnych i adwokat\u00f3w.<\/p><\/div>\n","protected":false},"excerpt":{"rendered":"<p>Autor: Agnieszka Pietraszewska-Macheta Redakcja:\u00a0Pietraszewska-Macheta Agnieszka, Wydawca:\u00a0Wolters Kluwer Oprawa:\u00a0Mi\u0119kka Liczba stron:\u00a0272 [&hellip;]<\/p>\n","protected":false},"featured_media":20439,"template":"","meta":[],"product_brand":[],"product_cat":[7511,7530,30],"product_tag":[8537,6620],"class_list":{"0":"post-20438","1":"product","2":"type-product","3":"status-publish","4":"has-post-thumbnail","6":"product_cat-kierowanie-i-zarzadzanie","7":"product_cat-nowosci","8":"product_cat-zarzadzanie","9":"product_tag-akredytacja","10":"product_tag-zarzadzanie-w-sluzbie-zdrowia","12":"first","13":"instock","14":"sale","15":"shipping-taxable","16":"purchasable","17":"product-type-simple"},"_links":{"self":[{"href":"https:\/\/ksiegarnia-akademicka.pl\/index.php\/wp-json\/wp\/v2\/product\/20438","targetHints":{"allow":["GET"]}}],"collection":[{"href":"https:\/\/ksiegarnia-akademicka.pl\/index.php\/wp-json\/wp\/v2\/product"}],"about":[{"href":"https:\/\/ksiegarnia-akademicka.pl\/index.php\/wp-json\/wp\/v2\/types\/product"}],"wp:featuredmedia":[{"embeddable":true,"href":"https:\/\/ksiegarnia-akademicka.pl\/index.php\/wp-json\/wp\/v2\/media\/20439"}],"wp:attachment":[{"href":"https:\/\/ksiegarnia-akademicka.pl\/index.php\/wp-json\/wp\/v2\/media?parent=20438"}],"wp:term":[{"taxonomy":"product_brand","embeddable":true,"href":"https:\/\/ksiegarnia-akademicka.pl\/index.php\/wp-json\/wp\/v2\/product_brand?post=20438"},{"taxonomy":"product_cat","embeddable":true,"href":"https:\/\/ksiegarnia-akademicka.pl\/index.php\/wp-json\/wp\/v2\/product_cat?post=20438"},{"taxonomy":"product_tag","embeddable":true,"href":"https:\/\/ksiegarnia-akademicka.pl\/index.php\/wp-json\/wp\/v2\/product_tag?post=20438"}],"curies":[{"name":"wp","href":"https:\/\/api.w.org\/{rel}","templated":true}]}}