{"id":20435,"date":"2025-02-26T10:04:26","date_gmt":"2025-02-26T09:04:26","guid":{"rendered":"http:\/\/ksiegarnia-akademicka.pl\/?post_type=product&#038;p=20435"},"modified":"2025-02-26T10:05:06","modified_gmt":"2025-02-26T09:05:06","slug":"zagadki-heurystyk-decyzyjnych","status":"publish","type":"product","link":"https:\/\/ksiegarnia-akademicka.pl\/index.php\/product\/zagadki-heurystyk-decyzyjnych\/","title":{"rendered":"Zagadki heurystyk decyzyjnych"},"content":{"rendered":"<div class=\"grupa osoby\">\n<p><span class=\"meta-head\">Autor:<\/span><\/p>\n<ul>\n<li class=\"meta-value\">Gerd Gigerenzer<\/li>\n<\/ul>\n<\/div>\n<div class=\"grupa osoby\"><span class=\"meta-head-blue\">T\u0142umacze:<\/span>\u00a0<span class=\"meta-value\">Marta Szablowska<\/span><\/div>\n<div class=\"grupa wydawca\"><span class=\"meta-head\">Wydawca:<\/span>\u00a0CeDeWu<\/div>\n<div class=\"grupa dane\">\n<div>Oprawa:\u00a0<span class=\"meta-value-bold\">Mi\u0119kka<\/span><\/div>\n<div>Format:\u00a0<span class=\"meta-value-bold\">16.5&#215;23.5cm<\/span><\/div>\n<div>Liczba stron:\u00a0<span class=\"meta-value-bold\">556<\/span><\/div>\n<div>Rok wydania:\u00a0<span class=\"meta-value-bold\">2025<\/span><\/div>\n<div>J\u0119zyk wydania:\u00a0<span class=\"meta-value-bold\">polski<\/span><\/div>\n<\/div>\n<div><\/div>\n<div>Autorzy zapraszaj\u0105 czytelnik\u00f3w w podr\u00f3\u017c do krainy racjonalno\u015bci, kt\u00f3ra r\u00f3\u017cni si\u0119 od znanych nam dot\u0105d terytori\u00f3w kognitywistyki czy ekonomii. Tradycyjne wizje racjonalno\u015bci maj\u0105 w zwyczaju przedstawia\u0107 ludzi jako istoty o nadludzkiej sile rozumu, nieograniczonej wiedzy i ca\u0142ej wieczno\u015bci na dokonanie wyboru. Aby zrozumie\u0107 proces podejmowania decyzji w prawdziwym \u015bwiecie, potrzebujemy innego, bardziej psychologicznie realnego poj\u0119cia o racjonalno\u015bci, a ta ksi\u0105\u017cka je zapewnia. Opowiada o prostych i szybkich heurystykach \u2013 \u0142atwych zasadach pomagaj\u0105cych podj\u0105\u0107 decyzj\u0119 pod presj\u0105 czasu, kiedy przemy\u015blenia to luksus, na kt\u00f3ry nie mo\u017cna sobie pozwoli\u0107. Heurystyki te mog\u0105 umo\u017cliwi\u0107 zar\u00f3wno \u017cywym organizmom, jak te\u017c sztucznej inteligencji dokonywanie inteligentnych wybor\u00f3w, klasyfikacji i predykcji przy u\u017cyciu ograniczonej racjonalno\u015bci.<br \/>\nJednak jak i kiedy takie proste i szybkie heurystyki mog\u0105 zadzia\u0142a\u0107? Czy os\u0105dy dokonane na podstawie jednego dobrego powodu mog\u0105 okaza\u0107 si\u0119 tak dok\u0142adne jak te opierane na wielu powodach? Czy mniejsza wiedza mo\u017ce doprowadzi\u0107 do lepszych os\u0105d\u00f3w ni\u017c wi\u0119ksza?<br \/>\nZagadki heurystyk decyzyjnych odpowiadaj\u0105 na te pytania, rozwijaj\u0105c modele obliczeniowe heurystyk oraz testuj\u0105c je poprzez eksperymenty i analizy.<br \/>\nPublikacja ta pokazuje, jak szybkie i proste heurystyki mog\u0105 stworzy\u0107 adaptacyjne decyzje w sytuacjach tak r\u00f3\u017cnych jak wyb\u00f3r partnera, podzia\u0142 \u015brodk\u00f3w mi\u0119dzy potomk\u00f3w czy inwestycje na rynku akcji.<br \/>\nJako interdyscyplinarna praca, kt\u00f3ra jest zar\u00f3wno u\u017cyteczna, jak i anga\u017cuj\u0105ca, ksi\u0105\u017cka ta przeznaczona jest dla szerokiego grona odbiorc\u00f3w. Doskona\u0142a dla badaczy psychologii poznania, psycholog\u00f3w ewolucyjnych, podobnie jak ekonomist\u00f3w i naukowc\u00f3w zajmuj\u0105cych si\u0119 sztuczn\u0105 inteligencj\u0105. Zainteresuje r\u00f3wnie\u017c ka\u017cdego, kto po prostu chce podejmowa\u0107 trafne decyzje.<br \/>\n\u201eW ci\u0105gu ostatnich kilku lat teoria racjonalnego (rozs\u0105dnego) zachowania ludzkiego uwolni\u0142a si\u0119 od iluzorycznego i empirycznie nieuzasadnionego pogl\u0105du, \u017ce racjonalne podejmowanie decyzji oznacza maksymalizacj\u0119 oczekiwanego po\u017cytku. W badaniach nauczono si\u0119 powa\u017cnie traktowa\u0107 i empirycznie bada\u0107 spos\u00f3b, w jaki istoty ludzkie (\u2026) faktycznie rozwi\u0105zuj\u0105 ogrom z\u0142o\u017cono\u015bci \u015bwiata, kt\u00f3ry zamieszkuj\u0105. Ksi\u0105\u017cka Zagadki heurystyk\u2026 oferuje fascynuj\u0105ce wprowadzenie do tej rewolucji w nauce kognitywnej, zadaj\u0105c ogromny cios zdrowemu rozs\u0105dkowi w podej\u015bciu do ludzkiej racjonalno\u015bci.\u201d<br \/>\nHerbert A. Simon, Laureat Nagrody Nobla w dziedzinie ekonomii i profesor informatyki i psychologii w Carnegie Mellon University<br \/>\n\u201eJe\u017celi pasjonujesz si\u0119 sztuczn\u0105 inteligencj\u0105, dzi\u0119ki tej ksi\u0105\u017cce poznasz kluczowe w\u0142a\u015bciwo\u015bci ludzkiego umys\u0142u, pomocne przy konstruowaniu sztucznego m\u00f3zgu.\u201d<br \/>\nprof. dr hab. Piotr Zielonka, SGGW, autor ksi\u0105\u017cki \u201eGie\u0142da i psychologia\u201d<\/div>\n","protected":false},"excerpt":{"rendered":"<p>Autor: Gerd Gigerenzer T\u0142umacze:\u00a0Marta Szablowska Wydawca:\u00a0CeDeWu Oprawa:\u00a0Mi\u0119kka Format:\u00a016.5&#215;23.5cm Liczba stron:\u00a0556 [&hellip;]<\/p>\n","protected":false},"featured_media":20437,"template":"","meta":[],"product_brand":[],"product_cat":[7511,27,7530,7509,30],"product_tag":[8536,1186,541],"class_list":{"0":"post-20435","1":"product","2":"type-product","3":"status-publish","4":"has-post-thumbnail","6":"product_cat-kierowanie-i-zarzadzanie","7":"product_cat-nauki-spoleczne","8":"product_cat-nowosci","9":"product_cat-psychologia","10":"product_cat-zarzadzanie","11":"product_tag-heurystyka","12":"product_tag-psychologia","13":"product_tag-zarzadzanie","15":"first","16":"instock","17":"sale","18":"shipping-taxable","19":"purchasable","20":"product-type-simple"},"_links":{"self":[{"href":"https:\/\/ksiegarnia-akademicka.pl\/index.php\/wp-json\/wp\/v2\/product\/20435","targetHints":{"allow":["GET"]}}],"collection":[{"href":"https:\/\/ksiegarnia-akademicka.pl\/index.php\/wp-json\/wp\/v2\/product"}],"about":[{"href":"https:\/\/ksiegarnia-akademicka.pl\/index.php\/wp-json\/wp\/v2\/types\/product"}],"wp:featuredmedia":[{"embeddable":true,"href":"https:\/\/ksiegarnia-akademicka.pl\/index.php\/wp-json\/wp\/v2\/media\/20437"}],"wp:attachment":[{"href":"https:\/\/ksiegarnia-akademicka.pl\/index.php\/wp-json\/wp\/v2\/media?parent=20435"}],"wp:term":[{"taxonomy":"product_brand","embeddable":true,"href":"https:\/\/ksiegarnia-akademicka.pl\/index.php\/wp-json\/wp\/v2\/product_brand?post=20435"},{"taxonomy":"product_cat","embeddable":true,"href":"https:\/\/ksiegarnia-akademicka.pl\/index.php\/wp-json\/wp\/v2\/product_cat?post=20435"},{"taxonomy":"product_tag","embeddable":true,"href":"https:\/\/ksiegarnia-akademicka.pl\/index.php\/wp-json\/wp\/v2\/product_tag?post=20435"}],"curies":[{"name":"wp","href":"https:\/\/api.w.org\/{rel}","templated":true}]}}