{"id":20427,"date":"2025-02-26T09:52:22","date_gmt":"2025-02-26T08:52:22","guid":{"rendered":"http:\/\/ksiegarnia-akademicka.pl\/?post_type=product&#038;p=20427"},"modified":"2025-02-26T09:52:23","modified_gmt":"2025-02-26T08:52:23","slug":"franczyza-nowoczesny-model-rozwoju-biznesu","status":"publish","type":"product","link":"https:\/\/ksiegarnia-akademicka.pl\/index.php\/product\/franczyza-nowoczesny-model-rozwoju-biznesu\/","title":{"rendered":"Franczyza nowoczesny model rozwoju biznesu"},"content":{"rendered":"<div class=\"grupa osoby\"><span class=\"meta-head\">Autor:<\/span><\/p>\n<ul>\n<li class=\"meta-value\">Marta Joanna Zi\u00f3\u0142kowska<\/li>\n<\/ul>\n<\/div>\n<div class=\"grupa wydawca\"><span class=\"meta-head\">Wydawca:<\/span>\u00a0CeDeWu<\/div>\n<div class=\"grupa dane\">\n<div>Oprawa:\u00a0<span class=\"meta-value-bold\">Mi\u0119kka<\/span><\/div>\n<div>Format:\u00a0<span class=\"meta-value-bold\">16.5&#215;23.5cm<\/span><\/div>\n<div>Liczba stron:\u00a0<span class=\"meta-value-bold\">252<\/span><\/div>\n<div>Wydanie:\u00a0<span class=\"meta-value-bold\">6<\/span><\/div>\n<div>Rok wydania:\u00a0<span class=\"meta-value-bold\">2025<\/span><\/div>\n<div>J\u0119zyk wydania:\u00a0<span class=\"meta-value-bold\">polski<\/span><\/div>\n<\/div>\n<div><\/div>\n<div>Pierwsza w Polsce ksi\u0105\u017cka b\u0119d\u0105ca kompendium wiedzy o dynamicznie rozwijaj\u0105cym si\u0119 na ca\u0142ym \u015bwiecie nowoczesnym modelu biznesu, jakim jest franczyza. Zaprezentowano w niej istot\u0119 i genez\u0119 powi\u0105za\u0144 franczyzowych wraz ze szczeg\u00f3\u0142ow\u0105 typologi\u0105 franczyzy oraz wp\u0142yw powi\u0105za\u0144 franczyzowych na rozw\u00f3j przedsi\u0119biorstwa. Autorka szczeg\u00f3\u0142owo przedstawi\u0142a zalety i wady oraz szanse i zagro\u017cenia rozwoju tej metody prowadzenia dzia\u0142alno\u015bci gospodarczej zar\u00f3wno dla franczyzodawcy, jak i franczyzobiorcy. Po raz pierwszy w literaturze polskiej kompleksowo zebrano i zaprezentowano statystyki og\u00f3lno\u015bwiatowe, dotycz\u0105ce powi\u0105za\u0144 franczyzowych. Na tle analizy rozwoju powi\u0105za\u0144 franczyzowych w \u015bwiecie pokazano mo\u017cliwo\u015bci i poziom wykorzystania franczyzy przez polskie przedsi\u0119biorstwa oraz trendy rozwoju tej formy wsp\u00f3\u0142pracy w Polsce. Szczeg\u00f3\u0142owo przedstawiono tak\u017ce uwarunkowania prawne dzia\u0142alno\u015bci opartej na zasadach franczyzy w Polsce i w krajach Unii Europejskiej oraz Stanach Zjednoczonych Ameryki, za\u015b w cz\u0119\u015bci empirycznej poruszono kwestie wykorzystania franczyzy w przedsi\u0119biorstwach b\u0119d\u0105cych dawcami licencji, jak r\u00f3wnie\u017c franczyzobiorcami.<\/p>\n<p>Ksi\u0105\u017cka dla tych, kt\u00f3rzy chc\u0105 zaznajomi\u0107 si\u0119 z funkcjonowaniem powi\u0105za\u0144 franczyzowych w praktyce gospodarczej. Pozwala posi\u0105\u015b\u0107 niezb\u0119dn\u0105 wiedz\u0119 przedsi\u0119biorcom zainteresowanym zakupem licencji franczyzowej. Przeznaczona jest tak\u017ce zar\u00f3wno dla w\u0142a\u015bcicieli i kadry zarz\u0105dzaj\u0105cej przedsi\u0119biorstw posiadaj\u0105cych ju\u017c sie\u0107 sklep\u00f3w franczyzowych, jak i dopiero planuj\u0105cych rozwija\u0107 system franczyzowy, a r\u00f3wnie\u017c wszystkich tych, kt\u00f3rzy chc\u0105 pog\u0142\u0119bi\u0107 swoj\u0105 wiedz\u0119 o tej formie wsp\u00f3\u0142pracy gospodarczej. Publikacja skierowana jest te\u017c do student\u00f3w i wyk\u0142adowc\u00f3w szk\u00f3\u0142 wy\u017cszych, zw\u0142aszcza o profilu ekonomicznym, bowiem franczyza jest szans\u0105 dla niezale\u017cnych przedsi\u0119biorc\u00f3w na podj\u0119cie dzia\u0142alno\u015bci gospodarczej pod parasolem znanej i rozpoznawalnej marki. Dla tw\u00f3rc\u00f3w unikatowego know-how jest natomiast drog\u0105 rozwoju i wzrostu poziomu rozpoznawalno\u015bci marki.<br \/>\n\u201ePoza niew\u0105tpliwymi walorami naukowo-poznawczymi ksi\u0105\u017cka ma istotn\u0105 warto\u015b\u0107 aplikacyjn\u0105, mo\u017ce by\u0107 cenn\u0105 lektur\u0105 dla praktyk\u00f3w gospodarczych uczestnicz\u0105cych w \u0142a\u0144cuchach franczyzowych oraz tych, kt\u00f3rzy interesuj\u0105 si\u0119 podj\u0119ciem tego typu wsp\u00f3\u0142pracy\u201d.<br \/>\nprof. zw. dr hab. Krzysztof Marecki, fragment recenzji<\/p><\/div>\n","protected":false},"excerpt":{"rendered":"<p>Autor: Marta Joanna Zi\u00f3\u0142kowska Wydawca:\u00a0CeDeWu Oprawa:\u00a0Mi\u0119kka Format:\u00a016.5&#215;23.5cm Liczba stron:\u00a0252 Wydanie:\u00a06 [&hellip;]<\/p>\n","protected":false},"featured_media":20428,"template":"","meta":[],"product_brand":[],"product_cat":[7516,7530,31],"product_tag":[7924],"class_list":{"0":"post-20427","1":"product","2":"type-product","3":"status-publish","4":"has-post-thumbnail","6":"product_cat-finanse-przedsiebiorstwa","7":"product_cat-nowosci","8":"product_cat-przedsiebiorstwo","9":"product_tag-franczyza","11":"first","12":"instock","13":"sale","14":"shipping-taxable","15":"purchasable","16":"product-type-simple"},"_links":{"self":[{"href":"https:\/\/ksiegarnia-akademicka.pl\/index.php\/wp-json\/wp\/v2\/product\/20427","targetHints":{"allow":["GET"]}}],"collection":[{"href":"https:\/\/ksiegarnia-akademicka.pl\/index.php\/wp-json\/wp\/v2\/product"}],"about":[{"href":"https:\/\/ksiegarnia-akademicka.pl\/index.php\/wp-json\/wp\/v2\/types\/product"}],"wp:featuredmedia":[{"embeddable":true,"href":"https:\/\/ksiegarnia-akademicka.pl\/index.php\/wp-json\/wp\/v2\/media\/20428"}],"wp:attachment":[{"href":"https:\/\/ksiegarnia-akademicka.pl\/index.php\/wp-json\/wp\/v2\/media?parent=20427"}],"wp:term":[{"taxonomy":"product_brand","embeddable":true,"href":"https:\/\/ksiegarnia-akademicka.pl\/index.php\/wp-json\/wp\/v2\/product_brand?post=20427"},{"taxonomy":"product_cat","embeddable":true,"href":"https:\/\/ksiegarnia-akademicka.pl\/index.php\/wp-json\/wp\/v2\/product_cat?post=20427"},{"taxonomy":"product_tag","embeddable":true,"href":"https:\/\/ksiegarnia-akademicka.pl\/index.php\/wp-json\/wp\/v2\/product_tag?post=20427"}],"curies":[{"name":"wp","href":"https:\/\/api.w.org\/{rel}","templated":true}]}}