{"id":20425,"date":"2025-02-26T09:50:11","date_gmt":"2025-02-26T08:50:11","guid":{"rendered":"http:\/\/ksiegarnia-akademicka.pl\/?post_type=product&#038;p=20425"},"modified":"2025-02-26T09:50:13","modified_gmt":"2025-02-26T08:50:13","slug":"szoste-wymieranie-historia-nienaturalna","status":"publish","type":"product","link":"https:\/\/ksiegarnia-akademicka.pl\/index.php\/product\/szoste-wymieranie-historia-nienaturalna\/","title":{"rendered":"Sz\u00f3ste wymieranie Historia nienaturalna"},"content":{"rendered":"<div class=\"grupa osoby\"><span class=\"meta-head\">Autor:<\/span><\/p>\n<ul>\n<li class=\"meta-value\">Elizabeth Kolbert<\/li>\n<\/ul>\n<\/div>\n<div class=\"grupa osoby\"><span class=\"meta-head-blue\">T\u0142umacze:<\/span>\u00a0<span class=\"meta-value\">Grzegorzewski Piotr, Grzegorzewska Tatiana<\/span><\/div>\n<div class=\"grupa wydawca\"><span class=\"meta-head\">Wydawca:<\/span>\u00a0Filtry<\/div>\n<div class=\"grupa dane\">\n<div>Oprawa:\u00a0<span class=\"meta-value-bold\">Mi\u0119kka<\/span><\/div>\n<div>Liczba stron:\u00a0<span class=\"meta-value-bold\">400<\/span><\/div>\n<div>Wydanie:\u00a0<span class=\"meta-value-bold\">1<\/span><\/div>\n<div>Rok wydania:\u00a0<span class=\"meta-value-bold\">2025<\/span><\/div>\n<div>J\u0119zyk wydania:\u00a0<span class=\"meta-value-bold\">polski<\/span><\/div>\n<\/div>\n<div><\/div>\n<div>W historii naszego globu odnotowujemy pi\u0119\u0107 wielkich wygini\u0119\u0107 gatunk\u00f3w, kt\u00f3re spowodowa\u0142y drastyczny spadek bior\u00f3\u017cnorodno\u015bci. Teraz, na naszych oczach trwa sz\u00f3ste wymieranie niezliczonych form \u017cycia, zar\u00f3wno na l\u0105dzie jak i w wodzie. Naukowcy bij\u0105 na alarm: to najwi\u0119ksza katastrofa od czasu uderzenia w Ziemi\u0119 asteroidy, co spowodowa\u0142o wygini\u0119cie dinozaur\u00f3w. Tym razem jednak przyczyna jest o wiele bardziej prozaiczna, a zarazem o wiele bardziej gro\u017ana \u2013 cz\u0142owiek. Jak pisze autorka: \u201e\u017badne stworzenie nigdy wcze\u015bniej nie zmieni\u0142o \u017cycia na naszej planecie w a\u017c tak du\u017cym stopniu, cho\u0107 dochodzi\u0142o do innych, por\u00f3wnywalnych kataklizm\u00f3w\u201d.<\/p>\n<p>Era antropocenu powoduje nieodwracalne, zagra\u017caj\u0105ce r\u00f3wnie\u017c naszemu istnieniu zmiany klimatyczne, a jednocze\u015bnie tylko cz\u0142owiek mo\u017ce powstrzyma\u0107 nieracjonaln\u0105 gospodark\u0119 zasobami naturalnymi i dewastacj\u0119 \u015brodowiska. Elizabeth Kolbert z erudycj\u0105 opisuje wymar\u0142e na przestrzeni tysi\u0105cleci gatunki i rozmawia z naukowcami, kt\u00f3rzy za wszelk\u0105 cen\u0119 staraj\u0105 si\u0119 ratowa\u0107 gatunki istot na kraw\u0119dzi wymarcia.<\/p>\n<p>Tytu\u0142 uhonorowano Nagrod\u0105 Pulitzera w dziedzinie nauki, a brytyjski dziennik \u201eThe Guardian\u201d uzna\u0142 \u201eSz\u00f3ste wymieranie\u201d za jedn\u0105 ze stu najwa\u017cniejszych ksi\u0105\u017cek literatury faktu wszechczas\u00f3w.<\/p><\/div>\n","protected":false},"excerpt":{"rendered":"<p>Autor: Elizabeth Kolbert T\u0142umacze:\u00a0Grzegorzewski Piotr, Grzegorzewska Tatiana Wydawca:\u00a0Filtry Oprawa:\u00a0Mi\u0119kka Liczba [&hellip;]<\/p>\n","protected":false},"featured_media":20426,"template":"","meta":[],"product_brand":[],"product_cat":[8321,42,7530,39],"product_tag":[4390,167],"class_list":{"0":"post-20425","1":"product","2":"type-product","3":"status-publish","4":"has-post-thumbnail","6":"product_cat-biologia","7":"product_cat-chemia","8":"product_cat-nowosci","9":"product_cat-srodowisko-prawo-i-zarzadzanie","10":"product_tag-biologia","11":"product_tag-srodowisko","13":"first","14":"instock","15":"sale","16":"shipping-taxable","17":"purchasable","18":"product-type-simple"},"_links":{"self":[{"href":"https:\/\/ksiegarnia-akademicka.pl\/index.php\/wp-json\/wp\/v2\/product\/20425","targetHints":{"allow":["GET"]}}],"collection":[{"href":"https:\/\/ksiegarnia-akademicka.pl\/index.php\/wp-json\/wp\/v2\/product"}],"about":[{"href":"https:\/\/ksiegarnia-akademicka.pl\/index.php\/wp-json\/wp\/v2\/types\/product"}],"wp:featuredmedia":[{"embeddable":true,"href":"https:\/\/ksiegarnia-akademicka.pl\/index.php\/wp-json\/wp\/v2\/media\/20426"}],"wp:attachment":[{"href":"https:\/\/ksiegarnia-akademicka.pl\/index.php\/wp-json\/wp\/v2\/media?parent=20425"}],"wp:term":[{"taxonomy":"product_brand","embeddable":true,"href":"https:\/\/ksiegarnia-akademicka.pl\/index.php\/wp-json\/wp\/v2\/product_brand?post=20425"},{"taxonomy":"product_cat","embeddable":true,"href":"https:\/\/ksiegarnia-akademicka.pl\/index.php\/wp-json\/wp\/v2\/product_cat?post=20425"},{"taxonomy":"product_tag","embeddable":true,"href":"https:\/\/ksiegarnia-akademicka.pl\/index.php\/wp-json\/wp\/v2\/product_tag?post=20425"}],"curies":[{"name":"wp","href":"https:\/\/api.w.org\/{rel}","templated":true}]}}