{"id":20375,"date":"2025-02-25T08:45:28","date_gmt":"2025-02-25T07:45:28","guid":{"rendered":"http:\/\/ksiegarnia-akademicka.pl\/?post_type=product&#038;p=20375"},"modified":"2025-02-25T08:45:28","modified_gmt":"2025-02-25T07:45:28","slug":"porozumienie-bez-przemocy-o-jezyku-zycia-2","status":"publish","type":"product","link":"https:\/\/ksiegarnia-akademicka.pl\/index.php\/product\/porozumienie-bez-przemocy-o-jezyku-zycia-2\/","title":{"rendered":"Porozumienie bez przemocy O j\u0119zyku \u017cycia"},"content":{"rendered":"<div class=\"grupa osoby\"><span class=\"meta-head\">Autor:<\/span><\/p>\n<ul>\n<li class=\"meta-value\">Marshall B. Rosenberg<\/li>\n<\/ul>\n<\/div>\n<div class=\"grupa osoby\"><span class=\"meta-head-blue\">T\u0142umacze:<\/span>\u00a0<span class=\"meta-value\">Markocka-Pepol Marta<\/span><\/div>\n<div class=\"grupa wydawca\"><span class=\"meta-head\">Wydawca:<\/span>\u00a0Czarna Owca<\/div>\n<div class=\"grupa dane\">\n<div>Oprawa:\u00a0<span class=\"meta-value-bold\">Twarda<\/span><\/div>\n<div>Format:\u00a0<span class=\"meta-value-bold\">16.5&#215;24.0cm<\/span><\/div>\n<div>Liczba stron:\u00a0<span class=\"meta-value-bold\">280<\/span><\/div>\n<div>Wydanie:\u00a0<span class=\"meta-value-bold\">3<\/span><\/div>\n<div>Rok wydania:\u00a0<span class=\"meta-value-bold\">2025<\/span><\/div>\n<div>J\u0119zyk wydania:\u00a0<span class=\"meta-value-bold\">polski<\/span><\/div>\n<\/div>\n<div><\/div>\n<div>Nowe wydanie &#8222;Porozumienia bez przemocy: o j\u0119zyku \u017cycia&#8221; Marshalla Rosenberga wzbogacone zosta\u0142o o obszerny rozdzia\u0142 na temat mediacji w duchu PBP &#8211; zupe\u0142nie niepodobnych do klasycznych mediacji, z kt\u00f3rymi ktokolwiek z nas mia\u0142 szans\u0119 si\u0119 zetkn\u0105\u0107. Punktem wyj\u015bcia w procesie opisywanym przez Rosenberga jest, jak i w ca\u0142ej jego metodzie, kontakt mi\u0119dzyludzki na poziomie serca, bez kt\u00f3rego mediacje nie mog\u0105 si\u0119 w og\u00f3le rozpocz\u0105\u0107. Inny jest te\u017c cel: Rosenberg jako mediator nie d\u0105\u017cy do kompromisu, lecz &#8211; uwaga! &#8211; do tego, by ka\u017cda ze stron zako\u0144czy\u0142a konflikt w pe\u0142ni usatysfakcjonowana. Brzmi niewiarygodnie, lecz, jak udowadnia autor na licznych przyk\u0142adach ze swojej pracy, jest to mo\u017cliwe.<\/div>\n","protected":false},"excerpt":{"rendered":"<p>Autor: Marshall B. Rosenberg T\u0142umacze:\u00a0Markocka-Pepol Marta Wydawca:\u00a0Czarna Owca Oprawa:\u00a0Twarda Format:\u00a016.5&#215;24.0cm [&hellip;]<\/p>\n","protected":false},"featured_media":20376,"template":"","meta":[],"product_brand":[],"product_cat":[27,7530,7509],"product_tag":[1186],"class_list":{"0":"post-20375","1":"product","2":"type-product","3":"status-publish","4":"has-post-thumbnail","6":"product_cat-nauki-spoleczne","7":"product_cat-nowosci","8":"product_cat-psychologia","9":"product_tag-psychologia","11":"first","12":"instock","13":"sale","14":"shipping-taxable","15":"purchasable","16":"product-type-simple"},"_links":{"self":[{"href":"https:\/\/ksiegarnia-akademicka.pl\/index.php\/wp-json\/wp\/v2\/product\/20375","targetHints":{"allow":["GET"]}}],"collection":[{"href":"https:\/\/ksiegarnia-akademicka.pl\/index.php\/wp-json\/wp\/v2\/product"}],"about":[{"href":"https:\/\/ksiegarnia-akademicka.pl\/index.php\/wp-json\/wp\/v2\/types\/product"}],"wp:featuredmedia":[{"embeddable":true,"href":"https:\/\/ksiegarnia-akademicka.pl\/index.php\/wp-json\/wp\/v2\/media\/20376"}],"wp:attachment":[{"href":"https:\/\/ksiegarnia-akademicka.pl\/index.php\/wp-json\/wp\/v2\/media?parent=20375"}],"wp:term":[{"taxonomy":"product_brand","embeddable":true,"href":"https:\/\/ksiegarnia-akademicka.pl\/index.php\/wp-json\/wp\/v2\/product_brand?post=20375"},{"taxonomy":"product_cat","embeddable":true,"href":"https:\/\/ksiegarnia-akademicka.pl\/index.php\/wp-json\/wp\/v2\/product_cat?post=20375"},{"taxonomy":"product_tag","embeddable":true,"href":"https:\/\/ksiegarnia-akademicka.pl\/index.php\/wp-json\/wp\/v2\/product_tag?post=20375"}],"curies":[{"name":"wp","href":"https:\/\/api.w.org\/{rel}","templated":true}]}}