{"id":20360,"date":"2025-02-20T10:53:09","date_gmt":"2025-02-20T09:53:09","guid":{"rendered":"http:\/\/ksiegarnia-akademicka.pl\/?post_type=product&#038;p=20360"},"modified":"2025-02-20T10:53:10","modified_gmt":"2025-02-20T09:53:10","slug":"wielka-ucieczka","status":"publish","type":"product","link":"https:\/\/ksiegarnia-akademicka.pl\/index.php\/product\/wielka-ucieczka\/","title":{"rendered":"Wielka ucieczka"},"content":{"rendered":"<div class=\"grupa osoby\"><span class=\"meta-head\">Autor:<\/span><\/p>\n<ul>\n<li class=\"meta-value\">J\u00fcrgen Thorwald<\/li>\n<\/ul>\n<\/div>\n<div class=\"grupa osoby\"><span class=\"meta-head-blue\">T\u0142umacze:<\/span>\u00a0<span class=\"meta-value\">Bandurski Albin<\/span><\/div>\n<div class=\"grupa wydawca\"><span class=\"meta-head\">Wydawca:<\/span>\u00a0Marginesy<\/div>\n<div class=\"grupa dane\">\n<div>Oprawa:\u00a0<span class=\"meta-value-bold\">Twarda<\/span><\/div>\n<div>Format:\u00a0<span class=\"meta-value-bold\">14.5&#215;20.5cm<\/span><\/div>\n<div>Liczba stron:\u00a0<span class=\"meta-value-bold\">520<\/span><\/div>\n<div>Wydanie:\u00a0<span class=\"meta-value-bold\">1<\/span><\/div>\n<div>Rok wydania:\u00a0<span class=\"meta-value-bold\">2025<\/span><\/div>\n<div>J\u0119zyk wydania:\u00a0<span class=\"meta-value-bold\">polski<\/span><\/div>\n<\/div>\n<div><\/div>\n<div>Koniec wojny oznacza\u0142 dla Niemc\u00f3w grabie\u017ce, mordy, gwa\u0142ty. Setki tysi\u0119cy ludzi zosta\u0142o zmuszonych do dramatycznej ucieczki na zach\u00f3d, w nadziei na ocalenie przed nieuchronnie zbli\u017caj\u0105cymi si\u0119 hordami radzieckich \u017co\u0142nierzy. J\u00fcrgen Thorwald, z niezwyk\u0142\u0105 precyzj\u0105 i empati\u0105, opisuje dramatyczne losy ludzi, kt\u00f3rzy w desperackiej walce o \u017cycie zmagali si\u0119 z g\u0142odem i mrozem. Ukazuje poruszaj\u0105ce sceny z zat\u0142oczonych port\u00f3w, gdzie tysi\u0105ce ludzi panicznie poszukiwa\u0142o transportu do Niemiec drog\u0105 morsk\u0105 lub pr\u00f3bowa\u0142o przedosta\u0107 si\u0119 na zach\u00f3d wozami z dobytkiem, kt\u00f3ry im pozosta\u0142. Kre\u015bli obraz tragicznego losu statku \u201eWilhelm Gustloff\u201d zatopionego na Ba\u0142tyku z tysi\u0105cami uciekinier\u00f3w na pok\u0142adzie. Wielka ucieczka to ksi\u0105\u017cka, kt\u00f3ra nie tylko dokumentuje jedn\u0105 z mniej znanych kart historii II wojny \u015bwiatowej, ale tak\u017ce stawia pytania o ludzk\u0105 natur\u0119 w obliczu katastrofy. To wstrz\u0105saj\u0105ce \u015bwiadectwo ludzkiej tragedii stanowi\u0105ce swego rodzaju przestrog\u0119 przed tym, do czego mo\u017ce doprowadzi\u0107 wojna.<br \/>\nJ\u00fcrgen Thorwald by\u0142 niemieckim pisarzem, dziennikarzem i historykiem znanym z prac opisuj\u0105cych histori\u0119 II wojny \u015bwiatowej i histori\u0119 medycyny. Thorwald studiowa\u0142 na Uniwersytecie w Kolonii. Rozpocz\u0105\u0142 karier\u0119 w 1933 roku w wieku 18 lat, w czasach nazistowskich, pisz\u0105c dla propagandowych czasopism. W czasie wojny pracowa\u0142 jako pisarz propagandowy, skupiaj\u0105c si\u0119 na Luftwaffe, Kriegsmarine i og\u00f3lnym niemieckim wysi\u0142ku wojennym. Po wojnie zacz\u0105\u0142 pos\u0142ugiwa\u0107 si\u0119 pseudonimem J\u00fcrgen Thorwald, aby m\u00f3c pracowa\u0107 pod okupacj\u0105 alianck\u0105. W 1947 r. oficjalnie przyj\u0105\u0142 nowe nazwisko. Jednymi z najbardziej znanych ksi\u0105\u017cek Thorwalda s\u0105 \u201eStulecie chirurg\u00f3w\u201d, \u201eStulecie detektyw\u00f3w\u201d, \u201eGinekolodzy\u201d i \u201eKrew kr\u00f3l\u00f3w\u201d.<\/div>\n","protected":false},"excerpt":{"rendered":"<p>Autor: J\u00fcrgen Thorwald T\u0142umacze:\u00a0Bandurski Albin Wydawca:\u00a0Marginesy Oprawa:\u00a0Twarda Format:\u00a014.5&#215;20.5cm Liczba stron:\u00a0520 [&hellip;]<\/p>\n","protected":false},"featured_media":20361,"template":"","meta":[],"product_brand":[],"product_cat":[38,7530],"product_tag":[68],"class_list":{"0":"post-20360","1":"product","2":"type-product","3":"status-publish","4":"has-post-thumbnail","6":"product_cat-historia","7":"product_cat-nowosci","8":"product_tag-historia-ii-wojny-swiatowej","10":"first","11":"instock","12":"sale","13":"shipping-taxable","14":"purchasable","15":"product-type-simple"},"_links":{"self":[{"href":"https:\/\/ksiegarnia-akademicka.pl\/index.php\/wp-json\/wp\/v2\/product\/20360","targetHints":{"allow":["GET"]}}],"collection":[{"href":"https:\/\/ksiegarnia-akademicka.pl\/index.php\/wp-json\/wp\/v2\/product"}],"about":[{"href":"https:\/\/ksiegarnia-akademicka.pl\/index.php\/wp-json\/wp\/v2\/types\/product"}],"wp:featuredmedia":[{"embeddable":true,"href":"https:\/\/ksiegarnia-akademicka.pl\/index.php\/wp-json\/wp\/v2\/media\/20361"}],"wp:attachment":[{"href":"https:\/\/ksiegarnia-akademicka.pl\/index.php\/wp-json\/wp\/v2\/media?parent=20360"}],"wp:term":[{"taxonomy":"product_brand","embeddable":true,"href":"https:\/\/ksiegarnia-akademicka.pl\/index.php\/wp-json\/wp\/v2\/product_brand?post=20360"},{"taxonomy":"product_cat","embeddable":true,"href":"https:\/\/ksiegarnia-akademicka.pl\/index.php\/wp-json\/wp\/v2\/product_cat?post=20360"},{"taxonomy":"product_tag","embeddable":true,"href":"https:\/\/ksiegarnia-akademicka.pl\/index.php\/wp-json\/wp\/v2\/product_tag?post=20360"}],"curies":[{"name":"wp","href":"https:\/\/api.w.org\/{rel}","templated":true}]}}