{"id":20336,"date":"2025-02-19T10:31:24","date_gmt":"2025-02-19T09:31:24","guid":{"rendered":"http:\/\/ksiegarnia-akademicka.pl\/?post_type=product&#038;p=20336"},"modified":"2025-02-19T10:31:24","modified_gmt":"2025-02-19T09:31:24","slug":"malzenstwo-i-rodzina-jak-lepiej-sie-rozumiec-konteksty-analizy-transakcyjnej","status":"publish","type":"product","link":"https:\/\/ksiegarnia-akademicka.pl\/index.php\/product\/malzenstwo-i-rodzina-jak-lepiej-sie-rozumiec-konteksty-analizy-transakcyjnej\/","title":{"rendered":"Ma\u0142\u017ce\u0144stwo i rodzina. Jak lepiej si\u0119 rozumie\u0107? Konteksty analizy transakcyjnej"},"content":{"rendered":"<div class=\"grupa osoby\"><span class=\"meta-head\">Autor:<\/span><\/p>\n<ul>\n<li class=\"meta-value\">Jaros\u0142aw Jagie\u0142a<\/li>\n<\/ul>\n<\/div>\n<div class=\"grupa osoby\"><span class=\"meta-head-blue\">Redakcja:<\/span>\u00a0<span class=\"meta-value\">Difin<\/span><\/div>\n<div class=\"grupa wydawca\"><span class=\"meta-head\">Wydawca:<\/span>\u00a0Difin<\/div>\n<div class=\"grupa dane\">\n<div>Oprawa:\u00a0<span class=\"meta-value-bold\">Mi\u0119kka<\/span><\/div>\n<div>Liczba stron:\u00a0<span class=\"meta-value-bold\">160<\/span><\/div>\n<div>Rok wydania:\u00a0<span class=\"meta-value-bold\">2025<\/span><\/div>\n<div>J\u0119zyk wydania:\u00a0<span class=\"meta-value-bold\">polski<\/span><\/div>\n<\/div>\n<div><\/div>\n<div>Ksi\u0105\u017cka pozwala spojrze\u0107 na ma\u0142\u017ce\u0144stwo i rodzin\u0119 z perspektywy analizy transakcyjnej, jednego z kierunk\u00f3w wsp\u00f3\u0142czesnej psychologii. Ta koncepcja, zapocz\u0105tkowana w ko\u0144cu lat 50. ubieg\u0142ego wieku, nadal cieszy si\u0119 uznaniem oraz znajduje zastosowania w wielu dziedzinach (psychoterapii, usprawnianiu struktur organizacyjnych firm i przedsi\u0119biorstw, edukacji, poradnictwie, coachingu). W tym nurcie pojawiaj\u0105 si\u0119 te\u017c w\u0105tki i zagadnienia zwi\u0105zane z ma\u0142\u017ce\u0144stwem i rodzin\u0105. W niniejszym opracowaniu ukazano oraz om\u00f3wiono wspomniane kwestie. Ksi\u0105\u017cka adresowana jest do szerokiego kr\u0119gu odbiorc\u00f3w, ale zapewne najbardziej zainteresuje przedstawicieli interdyscyplinarnej dyscypliny naukowej okre\u015blanej jako familiologia, \u0142\u0105cz\u0105cej w sobie wiedz\u0119 z obszaru psychologii, pedagogiki, socjologii, a tak\u017ce prawa i teologii. Mamy nadziej\u0119, \u017ce prezentowana publikacja dostarczy mo\u017cliwo\u015bci ujrzenia niekt\u00f3rych problem\u00f3w i temat\u00f3w \u017cycia rodzinnego w odmienny, inspiruj\u0105cy oraz wzbogacaj\u0105cy spos\u00f3b.<\/div>\n","protected":false},"excerpt":{"rendered":"<p>Autor: Jaros\u0142aw Jagie\u0142a Redakcja:\u00a0Difin Wydawca:\u00a0Difin Oprawa:\u00a0Mi\u0119kka Liczba stron:\u00a0160 Rok wydania:\u00a02025 [&hellip;]<\/p>\n","protected":false},"featured_media":20337,"template":"","meta":[],"product_brand":[],"product_cat":[27,7530,7509],"product_tag":[3288,1186,3224],"class_list":{"0":"post-20336","1":"product","2":"type-product","3":"status-publish","4":"has-post-thumbnail","6":"product_cat-nauki-spoleczne","7":"product_cat-nowosci","8":"product_cat-psychologia","9":"product_tag-malzenstwo","10":"product_tag-psychologia","11":"product_tag-rodzina","13":"first","14":"instock","15":"sale","16":"shipping-taxable","17":"purchasable","18":"product-type-simple"},"_links":{"self":[{"href":"https:\/\/ksiegarnia-akademicka.pl\/index.php\/wp-json\/wp\/v2\/product\/20336","targetHints":{"allow":["GET"]}}],"collection":[{"href":"https:\/\/ksiegarnia-akademicka.pl\/index.php\/wp-json\/wp\/v2\/product"}],"about":[{"href":"https:\/\/ksiegarnia-akademicka.pl\/index.php\/wp-json\/wp\/v2\/types\/product"}],"wp:featuredmedia":[{"embeddable":true,"href":"https:\/\/ksiegarnia-akademicka.pl\/index.php\/wp-json\/wp\/v2\/media\/20337"}],"wp:attachment":[{"href":"https:\/\/ksiegarnia-akademicka.pl\/index.php\/wp-json\/wp\/v2\/media?parent=20336"}],"wp:term":[{"taxonomy":"product_brand","embeddable":true,"href":"https:\/\/ksiegarnia-akademicka.pl\/index.php\/wp-json\/wp\/v2\/product_brand?post=20336"},{"taxonomy":"product_cat","embeddable":true,"href":"https:\/\/ksiegarnia-akademicka.pl\/index.php\/wp-json\/wp\/v2\/product_cat?post=20336"},{"taxonomy":"product_tag","embeddable":true,"href":"https:\/\/ksiegarnia-akademicka.pl\/index.php\/wp-json\/wp\/v2\/product_tag?post=20336"}],"curies":[{"name":"wp","href":"https:\/\/api.w.org\/{rel}","templated":true}]}}