{"id":20312,"date":"2025-02-14T11:51:53","date_gmt":"2025-02-14T10:51:53","guid":{"rendered":"http:\/\/ksiegarnia-akademicka.pl\/?post_type=product&#038;p=20312"},"modified":"2025-02-14T11:51:53","modified_gmt":"2025-02-14T10:51:53","slug":"wiek-imperium-1875-1914","status":"publish","type":"product","link":"https:\/\/ksiegarnia-akademicka.pl\/index.php\/product\/wiek-imperium-1875-1914\/","title":{"rendered":"Wiek imperium: 1875-1914"},"content":{"rendered":"<div class=\"grupa seria\"><span class=\"meta-head-blue\">Nale\u017cy do serii:<\/span><\/p>\n<ul>\n<li>SERIA HISTORYCZNA<\/li>\n<\/ul>\n<\/div>\n<div class=\"grupa osoby\"><span class=\"meta-head\">Autor:<\/span><\/p>\n<ul>\n<li class=\"meta-value\">Eric Hobsbawm<\/li>\n<\/ul>\n<\/div>\n<div class=\"grupa osoby\"><span class=\"meta-head-blue\">T\u0142umacze:<\/span>\u00a0<span class=\"meta-value\">Starnawski Marcin<\/span><\/div>\n<div class=\"grupa wydawca\"><span class=\"meta-head\">Wydawca:<\/span>\u00a0Wydawnictwo Krytyki Politycznej<\/div>\n<div class=\"grupa dane\">\n<div>Oprawa:\u00a0<span class=\"meta-value-bold\">Twarda<\/span><\/div>\n<div>Format:\u00a0<span class=\"meta-value-bold\">15.0&#215;21.0cm<\/span><\/div>\n<div>Liczba stron:\u00a0<span class=\"meta-value-bold\">560<\/span><\/div>\n<div>Wydanie:\u00a0<span class=\"meta-value-bold\">2<\/span><\/div>\n<div>Rok wydania:\u00a0<span class=\"meta-value-bold\">2025<\/span><\/div>\n<div>J\u0119zyk wydania:\u00a0<span class=\"meta-value-bold\">polski<\/span><\/div>\n<\/div>\n<div><\/div>\n<div>Epoka syto\u015bci, a zarazem czas gospodarczego kryzysu i spo\u0142ecznych niepokoj\u00f3w. Szczyt pot\u0119gi europejskiej bur\u017cuazji przypadaj\u0105cy na lata tryumf\u00f3w socjalist\u00f3w z powodzeniem szturmuj\u0105cych bramy parlament\u00f3w. Czas nieznanego wcze\u015bniej spokoju, do\u015bwiadczanego w\u015br\u00f3d ci\u0105g\u0142ych napi\u0119\u0107 w polityce mi\u0119dzynarodowej. Tryumfalny poch\u00f3d nauki po\u015br\u00f3d narastaj\u0105cych w\u0105tpliwo\u015bci samych naukowc\u00f3w. Niepok\u00f3j trawi\u0105cy Nietzschego i zimna pewno\u015b\u0107 siebie Lenina. \u201eWiek imperium\u201d pe\u0142en by\u0142 takich sprzeczno\u015bci. Belle \u00e9poque by\u0142a brzemienna kl\u0119sk\u0105, kt\u00f3ra ostatecznie nadesz\u0142a latem 1914 roku. Wiek imperium zamyka monumentaln\u0105 trylogi\u0119 po\u015bwi\u0119con\u0105 dziejom \u201ed\u0142ugiego XIX stulecia\u201d. Eric Hobsbawm kre\u015bli barwn\u0105 i imponuj\u0105c\u0105 panoram\u0119 ostatnich dekad starego, dziewi\u0119tnastowiecznego \u015bwiata, pokazuj\u0105c jednocze\u015bnie, jak wiele po nim odziedziczyli\u015bmy. Blaski i cienie belle \u00e9poque padaj\u0105 r\u00f3wnie\u017c na \u015bwiat, kt\u00f3ry nas otacza.<\/div>\n","protected":false},"excerpt":{"rendered":"<p>Nale\u017cy do serii: SERIA HISTORYCZNA Autor: Eric Hobsbawm T\u0142umacze:\u00a0Starnawski Marcin [&hellip;]<\/p>\n","protected":false},"featured_media":20313,"template":"","meta":[],"product_brand":[],"product_cat":[38,7530],"product_tag":[8380],"class_list":{"0":"post-20312","1":"product","2":"type-product","3":"status-publish","4":"has-post-thumbnail","6":"product_cat-historia","7":"product_cat-nowosci","8":"product_tag-historia-xx-wieku","10":"first","11":"instock","12":"sale","13":"shipping-taxable","14":"purchasable","15":"product-type-simple"},"_links":{"self":[{"href":"https:\/\/ksiegarnia-akademicka.pl\/index.php\/wp-json\/wp\/v2\/product\/20312","targetHints":{"allow":["GET"]}}],"collection":[{"href":"https:\/\/ksiegarnia-akademicka.pl\/index.php\/wp-json\/wp\/v2\/product"}],"about":[{"href":"https:\/\/ksiegarnia-akademicka.pl\/index.php\/wp-json\/wp\/v2\/types\/product"}],"wp:featuredmedia":[{"embeddable":true,"href":"https:\/\/ksiegarnia-akademicka.pl\/index.php\/wp-json\/wp\/v2\/media\/20313"}],"wp:attachment":[{"href":"https:\/\/ksiegarnia-akademicka.pl\/index.php\/wp-json\/wp\/v2\/media?parent=20312"}],"wp:term":[{"taxonomy":"product_brand","embeddable":true,"href":"https:\/\/ksiegarnia-akademicka.pl\/index.php\/wp-json\/wp\/v2\/product_brand?post=20312"},{"taxonomy":"product_cat","embeddable":true,"href":"https:\/\/ksiegarnia-akademicka.pl\/index.php\/wp-json\/wp\/v2\/product_cat?post=20312"},{"taxonomy":"product_tag","embeddable":true,"href":"https:\/\/ksiegarnia-akademicka.pl\/index.php\/wp-json\/wp\/v2\/product_tag?post=20312"}],"curies":[{"name":"wp","href":"https:\/\/api.w.org\/{rel}","templated":true}]}}