{"id":20298,"date":"2025-02-14T11:05:14","date_gmt":"2025-02-14T10:05:14","guid":{"rendered":"http:\/\/ksiegarnia-akademicka.pl\/?post_type=product&#038;p=20298"},"modified":"2026-03-03T08:59:36","modified_gmt":"2026-03-03T07:59:36","slug":"edycja-handlowa-kodeks-spolek-handlowych-krajowy-rejestr-sadowy-prawo-upadlosciowe-12-innych-aktow-prawnych-2","status":"publish","type":"product","link":"https:\/\/ksiegarnia-akademicka.pl\/index.php\/product\/edycja-handlowa-kodeks-spolek-handlowych-krajowy-rejestr-sadowy-prawo-upadlosciowe-12-innych-aktow-prawnych-2\/","title":{"rendered":"EDYCJA HANDLOWA. Kodeks sp\u00f3\u0142ek handlowych. Krajowy Rejestr S\u0105dowy. Prawo upad\u0142o\u015bciowe. 12 innych akt\u00f3w prawnych"},"content":{"rendered":"<p>Wydawnictwo: C.H. Beck<\/p>\n<p>Seria: Teksty Ustaw Becka. Edycja S\u0105dowa<\/p>\n<p>Rok wydania: 2026<\/p>\n<p>Wydanie: 41<\/p>\n<p>Oprawa: Mi\u0119kka<\/p>\n<p>Liczba stron: 1128<\/p>\n<p>Wymiary: 145&#215;205 mm<\/p>\n<p>&nbsp;<\/p>\n<h3>Edycja handlowa 2026 \u2013 komplet najwa\u017cniejszych ustaw prawa handlowego i gospodarczego w jednym tomie.<\/h3>\n<p><strong>Stan prawny: 1 stycznia 2026 r.<\/strong><\/p>\n<p>Zbi\u00f3r uwzgl\u0119dnia zmiany wchodz\u0105ce w \u017cycie:<\/p>\n<p>Kodeks cywilny:<\/p>\n<ul>\n<li><strong>Nowy tekst jednolity z dnia 25 lipca 2025 r.\u00a0<\/strong>(Dz.U. z 2025 r. poz. 1071).<\/li>\n<\/ul>\n<p>Ustawa o Krajowym Rejestrze S\u0105dowym:<\/p>\n<ul>\n<li><strong>1.4.2025 r.<\/strong>\u00a0\u2013 Ustawa o zmianie ustawy o rachunkowo\u015bci, ustawy o bieg\u0142ych rewidentach, firmach audytorskich oraz nadzorze publicznym oraz niekt\u00f3rych innych ustaw z dnia 6 grudnia 2024 r. (Dz.U. z 2024 r. poz. 1863),<\/li>\n<li><strong>22.6.2025 r.\u00a0<\/strong>\u2013 Ustawa o zmianie ustawy o rachunkowo\u015bci oraz niekt\u00f3rych innych ustaw z dnia 12 kwietnia 2024 r. (Dz.U. z 2024 r. poz. 619 ze zm.),<\/li>\n<li><strong>Nowy tekst jednolity z dnia 26 czerwca 2025 r.\u00a0<\/strong>(Dz.U. z 2025 r. poz. 869) ,<\/li>\n<li><strong>29.11.2025 r.<\/strong>\u00a0\u2013 Ustawa o zmianie ustawy o Krajowym Rejestrze S\u0105dowym oraz niekt\u00f3rych innych ustaw z dnia 26 wrze\u015bnia 2025 r. (Dz.U. z 2025 r. poz. 1556),<\/li>\n<li><strong>31.12.2025 r.<\/strong>\u00a0\u2013 Ustawa o zmianie ustawy o statystyce publicznej oraz niekt\u00f3rych innych ustaw z dnia 21 listopada 2025 r. (Dz.U. z 2025 r. poz. 1792),<\/li>\n<li><strong>1.4.2027 r.<\/strong>\u00a0\u2013 Ustawa o zmianie ustawy o Krajowym Rejestrze S\u0105dowym oraz niekt\u00f3rych innych ustaw z dnia 26 wrze\u015bnia 2025 r. (Dz.U. z 2025 r. poz. 1556),<\/li>\n<li><strong>17.6.2027 r.<\/strong>\u00a0\u2013 Ustawa o zmianie ustawy o statystyce publicznej oraz niekt\u00f3rych innych ustaw z dnia 21 listopada 2025 r. (Dz.U. z 2025 r. poz. 1792).<\/li>\n<\/ul>\n<p>Ustawa o Krajowym Rejestrze Zad\u0142u\u017conych:<\/p>\n<ul>\n<li><strong>23.8.2025 r.<\/strong>\u00a0\u2013 Ustawa o zmianie ustawy \u2013 Prawo restrukturyzacyjne, ustawy \u2013 Prawo upad\u0142o\u015bciowe oraz ustawy o Krajowym Rejestrze Zad\u0142u\u017conych z dnia 25 lipca 2025 r. (Dz.U. z 2025 r. poz. 1085),<\/li>\n<li><strong>Nowy tekst jednolity z dnia 7 listopada 2025 r.\u00a0<\/strong>(Dz.U. z 2025 r. poz. 1584),<\/li>\n<li><strong>17.6.2027 r.<\/strong>\u00a0\u2013 Ustawa o zmianie ustawy o statystyce publicznej oraz niekt\u00f3rych innych ustaw z dnia 21 listopada 2025 r. (Dz.U. z 2025 r. poz. 1792).<\/li>\n<\/ul>\n<p>Ustawa o wydawaniu Monitora S\u0105dowego i Gospodarczego:<\/p>\n<ul>\n<li><strong>29.11.2025 r.<\/strong>\u00a0\u2013 Ustawa o zmianie ustawy o Krajowym Rejestrze S\u0105dowym oraz niekt\u00f3rych innych ustaw z dnia 26 wrze\u015bnia 2025 r. (Dz.U. z 2025 r. poz. 1556).<\/li>\n<\/ul>\n<p>Ustawa o udost\u0119pnianiu informacji gospodarczych i wymianie danych gospodarczych:<\/p>\n<ul>\n<li><strong>Nowy tekst jednolity z dnia 15 stycznia 2025 r.<\/strong>\u00a0(Dz.U. z 2025 r. poz. 85),<\/li>\n<li><strong>1.5.2025 r.<\/strong>\u00a0\u2013 Ustawa o zmianie ustawy o udost\u0119pnianiu informacji gospodarczych i wymianie danych gospodarczych z dnia 18 pa\u017adziernika 2024 r. (Dz.U. z 2024 r. poz. 1597).<\/li>\n<\/ul>\n<p>Prawo upad\u0142o\u015bciowe:<\/p>\n<ul>\n<li><strong>Nowy tekst jednolity z dnia 24 marca 2025 r.<\/strong>\u00a0(Dz.U. z 2025 r. poz. 614),<\/li>\n<li><strong>23.8.2025 r.<\/strong>\u00a0\u2013 Ustawa o zmianie ustawy \u2013 Prawo restrukturyzacyjne, ustawy \u2013 Prawo upad\u0142o\u015bciowe oraz ustawy o Krajowym Rejestrze Zad\u0142u\u017conych z dnia 25 lipca 2025 r. (Dz.U. z 2025 r. poz. 1085),<\/li>\n<li><strong>9.9.2025 r.<\/strong>\u00a0\u2013 Ustawa o zmianie ustawy \u2013 Prawo bankowe oraz niekt\u00f3rych innych ustaw z dnia 5 sierpnia 2025 r. (Dz.U. z 2025 r. poz. 1170),<\/li>\n<li><strong>10.9.2025 r.<\/strong>\u00a0\u2013 Ustawa o zmianie ustawy \u2013 Kodeks post\u0119powania cywilnego, ustawy \u2013 Kodeks cywilny oraz niekt\u00f3rych innych ustaw z dnia 5 sierpnia 2025 r. (Dz.U. z 2025 r. poz. 1172).<\/li>\n<\/ul>\n<p>Prawo restrukturyzacyjne:<\/p>\n<ul>\n<li><strong>23.8.2025 r.<\/strong>\u00a0\u2013 Ustawa o zmianie ustawy \u2013 Prawo restrukturyzacyjne, ustawy \u2013 Prawo upad\u0142o\u015bciowe oraz ustawy o Krajowym Rejestrze Zad\u0142u\u017conych z dnia 25 lipca 2025 r. (Dz.U. z 2025 r. poz. 1085),<\/li>\n<li><strong>9.9.2025 r.<\/strong>\u00a0\u2013 Ustawa o zmianie ustawy \u2013 Prawo bankowe oraz niekt\u00f3rych innych ustaw z dnia 5 sierpnia 2025 r. (Dz.U. z 2025 r. poz. 1170),<\/li>\n<li><strong>10.9.2025 r.\u00a0<\/strong>\u2013 Ustawa o zmianie ustawy \u2013 Kodeks post\u0119powania cywilnego, ustawy \u2013 Kodeks cywilny oraz niekt\u00f3rych innych ustaw z dnia 5 sierpnia 2025 r. (Dz.U. z 2025 r. poz. 1172).<\/li>\n<\/ul>\n<p>Prawo przedsi\u0119biorc\u00f3w:<\/p>\n<ul>\n<li><strong>19.3.2025 r.<\/strong>\u00a0\u2013 Ustawa o zmianie ustawy \u2013 Kodeks pracy oraz niekt\u00f3rych innych ustaw z dnia 6 grudnia 2024 r. (Dz.U. z 2024 r. poz. 1871),<\/li>\n<li><strong>1.6.2025 r.\u00a0<\/strong>\u2013 Ustawa o warunkach dopuszczalno\u015bci powierzania pracy cudzoziemcom na terytorium Rzeczypospolitej Polskiej z dnia 20 marca 2025 r. (Dz.U. z 2025 r. poz. 621),<\/li>\n<li><strong>1.6.2025 r.<\/strong>\u00a0\u2013 Ustawa o zmianie niekt\u00f3rych ustaw w celu wyeliminowania nieprawid\u0142owo\u015bci w systemie wizowym Rzeczypospolitej Polskiej z dnia 4 kwietnia 2025 r. (Dz.U. z 2025 r. poz. 622),<\/li>\n<li><strong>13.7.2025 r.<\/strong>\u00a0\u2013 Ustawa o zmianie niekt\u00f3rych ustaw w celu deregulacji prawa gospodarczego i administracyjnego oraz doskonalenia zasad opracowywania prawa gospodarczego z dnia 21 maja 2025 r. (Dz.U. z 2025 r. poz. 769),<\/li>\n<li><strong>Nowy tekst jednolity z dnia 20 pa\u017adziernika 2025 r.<\/strong>\u00a0(Dz.U. z 2025 r. poz. 1480) ,<\/li>\n<li><strong>1.1.2026 r.<\/strong>\u00a0\u2013 Ustawa o zmianie niekt\u00f3rych ustaw w celu deregulacji prawa gospodarczego i administracyjnego oraz doskonalenia zasad opracowywania prawa gospodarczego z dnia 21 maja 2025 r. (Dz.U. z 2025 r. poz. 769),<\/li>\n<li><strong>1.1.2026 r.<\/strong>\u00a0\u2013 Ustawa o zmianie niekt\u00f3rych ustaw w celu uproszczenia procedur administracyjnych oraz wsparcia przedsi\u0119biorczo\u015bci z dnia 25 lipca 2025 r. (Dz.U. z 2025 r. poz. 1168),<\/li>\n<li><strong>3.1.2026 r.<\/strong>\u00a0\u2013 Ustawa o nadzorze nad og\u00f3lnym bezpiecze\u0144stwem produkt\u00f3w z dnia 7 listopada 2025 r. (Dz.U. z 2025 r. poz. 1826),<\/li>\n<li><strong>18.3.2026 r.<\/strong>\u00a0\u2013 Ustawa o zdrowiu zwierz\u0105t z dnia 21 listopada 2025 r. (Dz.U. z 2025 r. poz. 1795).<\/li>\n<\/ul>\n<p>Ustawa o zwalczaniu nieuczciwej konkurencji:<\/p>\n<ul>\n<li><strong>19.6.2025 r.\u00a0<\/strong>\u2013 Ustawa o zmianie niekt\u00f3rych ustaw w celu zapewnienia stosowania przepis\u00f3w prawa Unii Europejskiej poprawiaj\u0105cych funkcjonowanie rynku wewn\u0119trznego z dnia 9 maja 2025 r. (Dz.U. z 2025 r. poz. 794).<\/li>\n<\/ul>\n<hr \/>\n<p><strong>Edycja handlowa<\/strong>\u00a0to\u00a0<strong>zbi\u00f3r najwa\u017cniejszych akt\u00f3w z zakresu prawa handlowego i gospodarczego<\/strong>\u00a0oraz licznych ustaw towarzysz\u0105cych. Publikacja zawiera jednolite teksty ustaw uwzgl\u0119dniaj\u0105ce najnowsze nowelizacje oraz zmiany obowi\u0105zuj\u0105ce w 2026 roku.\u00a0<strong>Stan prawny aktualny na 1 stycznia 2026 r. z dost\u0119pem online do aktualizacji.<\/strong><\/p>\n<p>Kluczowe akty prawne wchodz\u0105ce w sk\u0142ad edycji handlowej to:<\/p>\n<ul>\n<li>Kodeks sp\u00f3\u0142ek handlowych (KSH),<\/li>\n<li>Kodeks cywilny \u2013 wyci\u0105g (KC),<\/li>\n<li>Ustawa o Krajowym Rejestrze S\u0105dowym,<\/li>\n<li>Ustawa \u2013 Przepisy wprowadzaj\u0105ce ustaw\u0119 o Krajowym Rejestrze S\u0105dowym,<\/li>\n<li>Ustawa o Krajowym Rejestrze Zad\u0142u\u017conych &#8211; wyci\u0105g,<\/li>\n<li>Ustawa o wydawaniu Monitora S\u0105dowego i Gospodarczego,<\/li>\n<li>Ustawa o udost\u0119pnienie informacji gospodarczych i wymianie danych gospodarczych,<\/li>\n<li>Prawo upad\u0142o\u015bciowe,<\/li>\n<li>Prawo restrukturyzacyjne,<\/li>\n<li>Prawo przedsi\u0119biorc\u00f3w,<\/li>\n<li>Przepisy wprowadzaj\u0105ce ustaw\u0119 \u2013 Prawo przedsi\u0119biorc\u00f3w oraz inne ustawy dotycz\u0105ce dzia\u0142alno\u015bci gospodarczej,<\/li>\n<li>Prawo w\u0142asno\u015bci przemys\u0142owej,<\/li>\n<li>Ustawa o zwalczaniu nieuczciwej konkurencji,<\/li>\n<li>Ustawa o przeciwdzia\u0142aniu nadmiernym op\u00f3\u017anieniom w transakcjach handlowych,<\/li>\n<li>Prawo wekslowe.<\/li>\n<\/ul>\n","protected":false},"excerpt":{"rendered":"<p>Wydawnictwo: C.H. Beck Seria: Teksty Ustaw Becka. Edycja S\u0105dowa Rok [&hellip;]<\/p>\n","protected":false},"featured_media":21755,"template":"","meta":[],"product_brand":[],"product_cat":[7495,18],"product_tag":[8519,429,318],"class_list":{"0":"post-20298","1":"product","2":"type-product","3":"status-publish","4":"has-post-thumbnail","6":"product_cat-gospodarcze-i-handlowe","7":"product_cat-prawo","8":"product_tag-edycja-handlowa","9":"product_tag-prawo-handlowe","10":"product_tag-seria-teksty-ustaw-becka","12":"first","13":"instock","14":"sale","15":"shipping-taxable","16":"purchasable","17":"product-type-simple"},"_links":{"self":[{"href":"https:\/\/ksiegarnia-akademicka.pl\/index.php\/wp-json\/wp\/v2\/product\/20298","targetHints":{"allow":["GET"]}}],"collection":[{"href":"https:\/\/ksiegarnia-akademicka.pl\/index.php\/wp-json\/wp\/v2\/product"}],"about":[{"href":"https:\/\/ksiegarnia-akademicka.pl\/index.php\/wp-json\/wp\/v2\/types\/product"}],"wp:featuredmedia":[{"embeddable":true,"href":"https:\/\/ksiegarnia-akademicka.pl\/index.php\/wp-json\/wp\/v2\/media\/21755"}],"wp:attachment":[{"href":"https:\/\/ksiegarnia-akademicka.pl\/index.php\/wp-json\/wp\/v2\/media?parent=20298"}],"wp:term":[{"taxonomy":"product_brand","embeddable":true,"href":"https:\/\/ksiegarnia-akademicka.pl\/index.php\/wp-json\/wp\/v2\/product_brand?post=20298"},{"taxonomy":"product_cat","embeddable":true,"href":"https:\/\/ksiegarnia-akademicka.pl\/index.php\/wp-json\/wp\/v2\/product_cat?post=20298"},{"taxonomy":"product_tag","embeddable":true,"href":"https:\/\/ksiegarnia-akademicka.pl\/index.php\/wp-json\/wp\/v2\/product_tag?post=20298"}],"curies":[{"name":"wp","href":"https:\/\/api.w.org\/{rel}","templated":true}]}}