{"id":20279,"date":"2025-02-12T10:27:21","date_gmt":"2025-02-12T09:27:21","guid":{"rendered":"http:\/\/ksiegarnia-akademicka.pl\/?post_type=product&#038;p=20279"},"modified":"2025-02-12T10:27:22","modified_gmt":"2025-02-12T09:27:22","slug":"czterej-pancerni-i-pisarz","status":"publish","type":"product","link":"https:\/\/ksiegarnia-akademicka.pl\/index.php\/product\/czterej-pancerni-i-pisarz\/","title":{"rendered":"Czterej pancerni i pisarz"},"content":{"rendered":"<div class=\"grupa osoby\"><span class=\"meta-head\">Autor:<\/span><\/p>\n<ul>\n<li class=\"meta-value\">Jaros\u0142aw Molenda<\/li>\n<\/ul>\n<\/div>\n<div class=\"grupa wydawca\"><span class=\"meta-head\">Wydawca:<\/span>\u00a0Lira Publishing<\/div>\n<div class=\"grupa dane\">\n<div>Oprawa:\u00a0<span class=\"meta-value-bold\">Mi\u0119kka<\/span><\/div>\n<div>Liczba stron:\u00a0<span class=\"meta-value-bold\">576<\/span><\/div>\n<div>Rok wydania:\u00a0<span class=\"meta-value-bold\">2025<\/span><\/div>\n<div>J\u0119zyk wydania:\u00a0<span class=\"meta-value-bold\">polski<\/span><\/div>\n<\/div>\n<div><\/div>\n<div>Opowie\u015b\u0107 o Januszu Przymanowskim, kt\u00f3ry \u201eRudym 102\u201d zawojowa\u0142 ca\u0142\u0105 Polsk\u0119<\/p>\n<p>Czy jest cho\u0107 jeden doros\u0142y Polak, kt\u00f3ry nie widzia\u0142by serialu \u201eCzterej pancerni i pies\u201d? Podczas emisji w peerelowskiej TVP ka\u017cdego z odcink\u00f3w wyludnia\u0142y si\u0119 ulice i podw\u00f3rka. Ten popularny cykl zatrzymywa\u0142 przed ekranami wiele pokole\u0144, a jego popularno\u015b\u0107 trwa do dzisiaj. Sama ksi\u0105\u017cka Janusza Przymanowskiego to tak\u017ce fenomen, i to nie tylko w sensie literackim, ale i socjologicznym i kulturowym.<\/p>\n<p>Sk\u0105d sukces opowie\u015bci, w kt\u00f3rej mo\u017cna znale\u017a\u0107 sporo naiwno\u015bci, wr\u0119cz komiksowych uproszcze\u0144? Autorowi uda\u0142o si\u0119 stworzy\u0107 bohater\u00f3w, kt\u00f3rzy najwyra\u017aniej odpowiadali \u201ezapotrzebowaniu spo\u0142ecznemu\u201d i dla wielu stali si\u0119 wr\u0119cz idolami. A czy sam pisarz by\u0142 wzorem do na\u015bladowania? Posta\u0107 to skomplikowana i niejednoznaczna \u2013 w latach pi\u0119\u0107dziesi\u0105tych podejrzewany o wsp\u00f3\u0142prac\u0119 z obcym wywiadem, naczelny krytyk obecno\u015bci Rosjan w wojsku polskim, potem apologeta stanu wojennego i bojownik\u2026 przeciwko nadmiernej wycince drzew. Prywatnie m\u0105\u017c by\u0142ej kochanki Stanis\u0142awa Miko\u0142ajczyka, ale przede wszystkim \u201eojciec\u201d czterech pancernych. Oto historia cz\u0142owieka, kt\u00f3ry stworzy\u0142 jeden z najtrwalszych fenomen\u00f3w kulturowych XX wieku.<\/p>\n<p>\u201eHarcerz, wi\u0119zie\u0144, kamieniarz, robotnik, traktorzysta, komsomolec, \u017co\u0142nierz Armii Czerwonej, oficer polityczny Ludowego Wojska Polskiego, korespondent wojenny, dziennikarz, aktywista Polskiej Zjednoczonej Partii Robotniczej, student, literat, parlamentarzysta, kombatant, m\u0105\u017c, ojciec\u2026 Janusz Przymanowski, scenarzysta bodaj najpopularniejszego, mocno zafa\u0142szowanego historycznie serialu w dziejach Telewizji Polskiej mia\u0142 wiele twarzy. Wszystkie skrupulatnie ods\u0142ania Jaros\u0142aw Molenda, autor tej wyczerpuj\u0105cej biografii\u201d.<br \/>\nTomasz Zbigniew Zapert<\/p><\/div>\n","protected":false},"excerpt":{"rendered":"<p>Autor: Jaros\u0142aw Molenda Wydawca:\u00a0Lira Publishing Oprawa:\u00a0Mi\u0119kka Liczba stron:\u00a0576 Rok wydania:\u00a02025 [&hellip;]<\/p>\n","protected":false},"featured_media":20280,"template":"","meta":[],"product_brand":[],"product_cat":[38,7530],"product_tag":[8510,67],"class_list":{"0":"post-20279","1":"product","2":"type-product","3":"status-publish","4":"has-post-thumbnail","6":"product_cat-historia","7":"product_cat-nowosci","8":"product_tag-czterej-pancerni-i-pies","9":"product_tag-historia-polski","11":"first","12":"instock","13":"sale","14":"shipping-taxable","15":"purchasable","16":"product-type-simple"},"_links":{"self":[{"href":"https:\/\/ksiegarnia-akademicka.pl\/index.php\/wp-json\/wp\/v2\/product\/20279","targetHints":{"allow":["GET"]}}],"collection":[{"href":"https:\/\/ksiegarnia-akademicka.pl\/index.php\/wp-json\/wp\/v2\/product"}],"about":[{"href":"https:\/\/ksiegarnia-akademicka.pl\/index.php\/wp-json\/wp\/v2\/types\/product"}],"wp:featuredmedia":[{"embeddable":true,"href":"https:\/\/ksiegarnia-akademicka.pl\/index.php\/wp-json\/wp\/v2\/media\/20280"}],"wp:attachment":[{"href":"https:\/\/ksiegarnia-akademicka.pl\/index.php\/wp-json\/wp\/v2\/media?parent=20279"}],"wp:term":[{"taxonomy":"product_brand","embeddable":true,"href":"https:\/\/ksiegarnia-akademicka.pl\/index.php\/wp-json\/wp\/v2\/product_brand?post=20279"},{"taxonomy":"product_cat","embeddable":true,"href":"https:\/\/ksiegarnia-akademicka.pl\/index.php\/wp-json\/wp\/v2\/product_cat?post=20279"},{"taxonomy":"product_tag","embeddable":true,"href":"https:\/\/ksiegarnia-akademicka.pl\/index.php\/wp-json\/wp\/v2\/product_tag?post=20279"}],"curies":[{"name":"wp","href":"https:\/\/api.w.org\/{rel}","templated":true}]}}