{"id":20265,"date":"2025-02-12T09:57:37","date_gmt":"2025-02-12T08:57:37","guid":{"rendered":"http:\/\/ksiegarnia-akademicka.pl\/?post_type=product&#038;p=20265"},"modified":"2025-02-12T09:57:37","modified_gmt":"2025-02-12T08:57:37","slug":"terapia-osob-z-afazja","status":"publish","type":"product","link":"https:\/\/ksiegarnia-akademicka.pl\/index.php\/product\/terapia-osob-z-afazja\/","title":{"rendered":"Terapia os\u00f3b z afazj\u0105"},"content":{"rendered":"<div class=\"grupa osoby\"><span class=\"meta-head\">Autor:<\/span><\/p>\n<ul>\n<li class=\"meta-value\">Ma\u0142gorzata Krajewska<\/li>\n<\/ul>\n<\/div>\n<div class=\"grupa wydawca\"><span class=\"meta-head\">Wydawca:<\/span>\u00a0Harmonia<\/div>\n<div class=\"grupa dane\">\n<div>Oprawa:\u00a0<span class=\"meta-value-bold\">Mi\u0119kka<\/span><\/div>\n<div>Format:\u00a0<span class=\"meta-value-bold\">16.5&#215;23.5cm<\/span><\/div>\n<div>Liczba stron:\u00a0<span class=\"meta-value-bold\">192<\/span><\/div>\n<div>Rok wydania:\u00a0<span class=\"meta-value-bold\">2025<\/span><\/div>\n<div>J\u0119zyk wydania:\u00a0<span class=\"meta-value-bold\">polski<\/span><\/div>\n<\/div>\n<div><\/div>\n<div>Logopedia dla Praktyk\u00f3w, czyli jako\u015b\u0107, efektywno\u015b\u0107 i terapia oparta na dowodach Afazja stanowi powa\u017cny problem logopedyczny, psychologiczny i spo\u0142eczny. Ze wzgl\u0119du na starzenie si\u0119 spo\u0142ecze\u0144stw i wzrost wyst\u0119powania chor\u00f3b cywilizacyjnych stale zwi\u0119ksza si\u0119 zapotrzebowanie na rehabilitacj\u0119 i terapi\u0119 neurologopedyczn\u0105, kt\u00f3rej podj\u0119cie daje nadziej\u0119 na prze\u0142amanie trudno\u015bci j\u0119zykowych i usprawnienie komunikacji os\u00f3b z afazj\u0105. Niniejsza publikacja wychodzi naprzeciw tym potrzebom. Autorki proponuj\u0105 formy oddzia\u0142ywania logopedycznego do praktycznego zastosowania w terapii zar\u00f3wno objaw\u00f3w afazji \u2013 zaburze\u0144 artykulacji, anomii, agramatyzmu czy zaburze\u0144 rozumienia \u2013 jak i wsp\u00f3\u0142wyst\u0119puj\u0105cych dysfunkcji poznawczych. Liczne przyk\u0142ady \u0107wicze\u0144 zainspiruj\u0105 logoped\u00f3w, neurologoped\u00f3w, student\u00f3w, a tak\u017ce wszystkie osoby wspieraj\u0105ce pacjent\u00f3w z afazj\u0105 do tworzenia program\u00f3w terapii uwzgl\u0119dniaj\u0105cych indywidualne potrzeby podopiecznych. Afazja \u2013 zaburzenie rozpowszechnione w\u015br\u00f3d os\u00f3b doros\u0142ych i starszych oraz jeden z g\u0142\u00f3wnych przejaw\u00f3w ich niepe\u0142nosprawno\u015bci \u2013 urasta do rangi wielkich problem\u00f3w logopedycznych. Warto\u015b\u0107 wydawnicz\u0105 pracy upatruj\u0119 g\u0142\u00f3wnie w autorskim wyborze \u0107wicze\u0144 jako form oddzia\u0142ywa\u0144 terapeutycznych w przywracaniu zdolno\u015bci komunikacyjnych os\u00f3b, kt\u00f3rym r\u00f3\u017cne zdarzenia neurologiczne odebra\u0142y mo\u017cliwo\u015bci m\u00f3wienia i rozumienia mowy. Z tych wzgl\u0119d\u00f3w ksi\u0105\u017cka stanowi interesuj\u0105ce praktyczne kompendium dzia\u0142a\u0144 terapeutycznych z niezb\u0119dnym komentarzem. [\u2026] Jest to publikacja zawsze aktualna i potrzebna \u2013 stanowi cenn\u0105 pomoc w dzia\u0142alno\u015bci logopedycznej na rzecz os\u00f3b dotkni\u0119tych afazj\u0105. Z recenzji prof. dra hab., lek. med. Waldemara T\u0142oki\u0144skiego<\/div>\n","protected":false},"excerpt":{"rendered":"<p>Autor: Ma\u0142gorzata Krajewska Wydawca:\u00a0Harmonia Oprawa:\u00a0Mi\u0119kka Format:\u00a016.5&#215;23.5cm Liczba stron:\u00a0192 Rok wydania:\u00a02025 [&hellip;]<\/p>\n","protected":false},"featured_media":20266,"template":"","meta":[],"product_brand":[],"product_cat":[8302,7493,7530],"product_tag":[8507,5853],"class_list":{"0":"post-20265","1":"product","2":"type-product","3":"status-publish","4":"has-post-thumbnail","6":"product_cat-inne-medycyna","7":"product_cat-medycyna","8":"product_cat-nowosci","9":"product_tag-afazja","10":"product_tag-rehabilitacja","12":"first","13":"instock","14":"sale","15":"shipping-taxable","16":"purchasable","17":"product-type-simple"},"_links":{"self":[{"href":"https:\/\/ksiegarnia-akademicka.pl\/index.php\/wp-json\/wp\/v2\/product\/20265","targetHints":{"allow":["GET"]}}],"collection":[{"href":"https:\/\/ksiegarnia-akademicka.pl\/index.php\/wp-json\/wp\/v2\/product"}],"about":[{"href":"https:\/\/ksiegarnia-akademicka.pl\/index.php\/wp-json\/wp\/v2\/types\/product"}],"wp:featuredmedia":[{"embeddable":true,"href":"https:\/\/ksiegarnia-akademicka.pl\/index.php\/wp-json\/wp\/v2\/media\/20266"}],"wp:attachment":[{"href":"https:\/\/ksiegarnia-akademicka.pl\/index.php\/wp-json\/wp\/v2\/media?parent=20265"}],"wp:term":[{"taxonomy":"product_brand","embeddable":true,"href":"https:\/\/ksiegarnia-akademicka.pl\/index.php\/wp-json\/wp\/v2\/product_brand?post=20265"},{"taxonomy":"product_cat","embeddable":true,"href":"https:\/\/ksiegarnia-akademicka.pl\/index.php\/wp-json\/wp\/v2\/product_cat?post=20265"},{"taxonomy":"product_tag","embeddable":true,"href":"https:\/\/ksiegarnia-akademicka.pl\/index.php\/wp-json\/wp\/v2\/product_tag?post=20265"}],"curies":[{"name":"wp","href":"https:\/\/api.w.org\/{rel}","templated":true}]}}