{"id":20252,"date":"2025-02-10T10:13:20","date_gmt":"2025-02-10T09:13:20","guid":{"rendered":"http:\/\/ksiegarnia-akademicka.pl\/?post_type=product&#038;p=20252"},"modified":"2025-02-10T10:13:20","modified_gmt":"2025-02-10T09:13:20","slug":"w-strone-ciszy-wielka-wojna-mallory-oraz-podboj-everestu","status":"publish","type":"product","link":"https:\/\/ksiegarnia-akademicka.pl\/index.php\/product\/w-strone-ciszy-wielka-wojna-mallory-oraz-podboj-everestu\/","title":{"rendered":"W stron\u0119 ciszy Wielka wojna, Mallory oraz podb\u00f3j Everestu"},"content":{"rendered":"<div class=\"grupa osoby\"><span class=\"meta-head\">Autor:<\/span><\/p>\n<ul>\n<li class=\"meta-value\">Wade Davis<\/li>\n<\/ul>\n<\/div>\n<div class=\"grupa osoby\"><span class=\"meta-head-blue\">T\u0142umacze:<\/span>\u00a0<span class=\"meta-value\">Lipa Micha\u0142<\/span><\/div>\n<div class=\"grupa wydawca\"><span class=\"meta-head\">Wydawca:<\/span>\u00a0Agora<\/div>\n<div class=\"grupa dane\">\n<div>Oprawa:\u00a0<span class=\"meta-value-bold\">Twarda<\/span><\/div>\n<div>Format:\u00a0<span class=\"meta-value-bold\">15.5&#215;23.5cm<\/span><\/div>\n<div>Liczba stron:\u00a0<span class=\"meta-value-bold\">752<\/span><\/div>\n<div>Rok wydania:\u00a0<span class=\"meta-value-bold\">2025<\/span><\/div>\n<div>J\u0119zyk wydania:\u00a0<span class=\"meta-value-bold\">polski<\/span><\/div>\n<\/div>\n<div><\/div>\n<div>Porywaj\u0105ca opowie\u015b\u0107 o pocz\u0105tkach podboju Everestu, niezwyk\u0142ym pokoleniu poszukiwaczy przyg\u00f3d oraz najwi\u0119kszej tajemnicy w dziejach alpinizmu. Po koszmarze pierwszej wojny \u015bwiatowej Brytyjczycy po prostu musieli zdoby\u0107 Mount Everest, najwy\u017cszy punkt Ziemi. Imperium potrzebowa\u0142o pozytywnej historii, dowodu swojego szczeg\u00f3lnego miejsca w \u015bwiecie i odkupienia po stracie blisko miliona m\u0142odych ludzi. Nap\u0119dzani patriotyzmem i imperialn\u0105 dum\u0105 wojenni ocale\u0144cy, zagubieni w nowym \u015bwiecie, w latach 1921\u20131924 trzykrotnie pr\u00f3bowali zdoby\u0107 dach \u015bwiata. W ka\u017cdej z tych wypraw wzi\u0105\u0142 udzia\u0142 George Mallory, najwybitniejszy wspinacz epoki. Pewnego czerwcowego ranka, gdy cel by\u0142 na wyci\u0105gni\u0119cie r\u0119ki, Mallory i Sandy Irvine, student Oksfordu, ruszyli na szczyt, by nigdy z niego nie wr\u00f3ci\u0107. Ich upadku nikt nie widzia\u0142. Czy zanim zgin\u0119li, zd\u0105\u017cyli zdoby\u0107 Everest? Dlaczego fatalnego dnia nie przerwali wspinaczki? We wspania\u0142ej historyczno-przygodowej opowie\u015bci opartej na latach drobiazgowych bada\u0144 w archiwach, miesi\u0105cach sp\u0119dzonych w terenie w Nepalu i Tybecie, Wade Davis odtwarza epickie pr\u00f3by zdobycia Everestu. Dzi\u0119ki dost\u0119powi do list\u00f3w i pami\u0119tnik\u00f3w cz\u0142onk\u00f3w wypraw opowiada o heroicznych wysi\u0142kach Mallory\u2019ego i jego koleg\u00f3w w obcym, zdradzieckim terenie i przy nieprzewidywalnej pogodzie. Umieszczaj\u0105c zmagania wspinaczy w szerokim kontek\u015bcie historycznym, Davis zabiera nas daleko poza Himalaje, do okop\u00f3w I wojny \u015bwiatowej, kt\u00f3ra zdruzgota\u0142a pokolenie Mallory\u2019ego i znany im \u015bwiat. W stron\u0119 ciszy to pi\u0119knie opowiedziana, bogata w szczeg\u00f3\u0142y kronika pionierskich ekspedycji i ponadczasowy portret niepowtarzalnego pokolenia \u017co\u0142nierzy i alpinist\u00f3w.<\/div>\n","protected":false},"excerpt":{"rendered":"<p>Autor: Wade Davis T\u0142umacze:\u00a0Lipa Micha\u0142 Wydawca:\u00a0Agora Oprawa:\u00a0Twarda Format:\u00a015.5&#215;23.5cm Liczba stron:\u00a0752 [&hellip;]<\/p>\n","protected":false},"featured_media":20253,"template":"","meta":[],"product_brand":[],"product_cat":[38,7530],"product_tag":[8503,8504,8505],"class_list":{"0":"post-20252","1":"product","2":"type-product","3":"status-publish","4":"has-post-thumbnail","6":"product_cat-historia","7":"product_cat-nowosci","8":"product_tag-everest","9":"product_tag-george-mallory","10":"product_tag-historia-podboju","12":"first","13":"instock","14":"sale","15":"shipping-taxable","16":"purchasable","17":"product-type-simple"},"_links":{"self":[{"href":"https:\/\/ksiegarnia-akademicka.pl\/index.php\/wp-json\/wp\/v2\/product\/20252","targetHints":{"allow":["GET"]}}],"collection":[{"href":"https:\/\/ksiegarnia-akademicka.pl\/index.php\/wp-json\/wp\/v2\/product"}],"about":[{"href":"https:\/\/ksiegarnia-akademicka.pl\/index.php\/wp-json\/wp\/v2\/types\/product"}],"wp:featuredmedia":[{"embeddable":true,"href":"https:\/\/ksiegarnia-akademicka.pl\/index.php\/wp-json\/wp\/v2\/media\/20253"}],"wp:attachment":[{"href":"https:\/\/ksiegarnia-akademicka.pl\/index.php\/wp-json\/wp\/v2\/media?parent=20252"}],"wp:term":[{"taxonomy":"product_brand","embeddable":true,"href":"https:\/\/ksiegarnia-akademicka.pl\/index.php\/wp-json\/wp\/v2\/product_brand?post=20252"},{"taxonomy":"product_cat","embeddable":true,"href":"https:\/\/ksiegarnia-akademicka.pl\/index.php\/wp-json\/wp\/v2\/product_cat?post=20252"},{"taxonomy":"product_tag","embeddable":true,"href":"https:\/\/ksiegarnia-akademicka.pl\/index.php\/wp-json\/wp\/v2\/product_tag?post=20252"}],"curies":[{"name":"wp","href":"https:\/\/api.w.org\/{rel}","templated":true}]}}