{"id":20247,"date":"2025-02-10T10:03:05","date_gmt":"2025-02-10T09:03:05","guid":{"rendered":"http:\/\/ksiegarnia-akademicka.pl\/?post_type=product&#038;p=20247"},"modified":"2025-02-10T10:03:06","modified_gmt":"2025-02-10T09:03:06","slug":"nimitz-na-wojnie","status":"publish","type":"product","link":"https:\/\/ksiegarnia-akademicka.pl\/index.php\/product\/nimitz-na-wojnie\/","title":{"rendered":"Nimitz na wojnie"},"content":{"rendered":"<div class=\"grupa osoby\"><span class=\"meta-head\">Autor:<\/span><\/p>\n<ul>\n<li class=\"meta-value\">Craig Symonds<\/li>\n<\/ul>\n<\/div>\n<div class=\"grupa osoby\"><span class=\"meta-head-blue\">T\u0142umacze:<\/span>\u00a0<span class=\"meta-value\">Witczak \u0141ukasz<\/span><\/div>\n<div class=\"grupa wydawca\"><span class=\"meta-head\">Wydawca:<\/span>\u00a0Znak<\/div>\n<div class=\"grupa dane\">\n<div>Oprawa:\u00a0<span class=\"meta-value-bold\">Twarda z obwolut\u0105<\/span><\/div>\n<div>Format:\u00a0<span class=\"meta-value-bold\">15.0&#215;23.5cm<\/span><\/div>\n<div>Liczba stron:\u00a0<span class=\"meta-value-bold\">512<\/span><\/div>\n<div>Wydanie:\u00a0<span class=\"meta-value-bold\">1<\/span><\/div>\n<div>Rok wydania:\u00a0<span class=\"meta-value-bold\">2025<\/span><\/div>\n<div>J\u0119zyk wydania:\u00a0<span class=\"meta-value-bold\">polski<\/span><\/div>\n<\/div>\n<div><\/div>\n<div>Geniusz Nimitza polega\u0142 na jego zdolno\u015bci do przekonywania innych, \u017ce mog\u0105 dokona\u0107 wielkich rzeczy. Wci\u0105gaj\u0105ca, oparta na dog\u0142\u0119bnym researchu i znakomicie napisana ksi\u0105\u017cka \u2013 gen. Mike Hagee, by\u0142y dow\u00f3dca Korpusu Piechoty Morskiej US Navy, dyrektor generalny Admiral Nimitz Foundation Craig Symonds ma niezwyk\u0142\u0105 umiej\u0119tno\u015b\u0107. Umo\u017cliwia czytelnikowi spojrzenie oczami admira\u0142a, kt\u00f3ry zaplanowa\u0142 odpowied\u017a Floty Pacyfiku USA na atak na Pearl Harbor. Znakomicie napisana i naprawd\u0119 ekscytuj\u0105ca ksi\u0105\u017cka. Pozostanie na d\u0142ugie lata najwa\u017cniejsz\u0105 opowie\u015bci\u0105 o Nimitzu \u2013 Andrew Roberts, historyk i bestsellerowy autor Genialna i wywa\u017cona relacja o tym, jak admira\u0142 Nimitz dowodzi\u0142 najwi\u0119ksz\u0105 kampani\u0105 morsk\u0105 w historii. Ponadczasowy podr\u0119cznik doskona\u0142ego dowodzenia \u2013 Richard B. Frank, historyk wojskowo\u015bci specjalizuj\u0105cy si\u0119 w wojnie na Pacyfiku To on wygra\u0142 II wojn\u0119 \u015bwiatow\u0105 na Pacyfiku. Kilka dni po kl\u0119sce w Pearl Harbor Franklin D. Roosevelt mianuje adm. Chestera W. Nimitza g\u0142\u00f3wnodowodz\u0105cym Floty Pacyfiku USA. Admira\u0142 nie jest ani najstarszym, ani najbardziej do\u015bwiadczonym spo\u015br\u00f3d dow\u00f3dc\u00f3w US Navy. Ale to on podniesie z kolan upokorzon\u0105 i zdewastowan\u0105 ameryka\u0144sk\u0105 marynark\u0119 wojenn\u0105 i przekszta\u0142ci j\u0105 w najpot\u0119\u017cniejsz\u0105 si\u0142\u0119 morsk\u0105 w historii. Stoczy szereg krwawych bitew z Japo\u0144czykami. Cztery lata p\u00f3\u017aniej na pok\u0142adzie pancernika USS \u201eMissouri\u201d Nimitz b\u0119dzie patrzy\u0142, jak przedstawiciele pokonanego Cesarstwa Japonii podpisuj\u0105 bezwarunkow\u0105 kapitulacj\u0119. Wykorzystuj\u0105c kwater\u0119 g\u0142\u00f3wn\u0105 Nimitza jako punkt obserwacyjny, Symonds opisuje wszystkie g\u0142\u00f3wne kampanie na Pacyfiku, od Guadalcanalu do Okinawy. Mistrzowski portret genialnego dow\u00f3dcy.<\/div>\n","protected":false},"excerpt":{"rendered":"<p>Autor: Craig Symonds T\u0142umacze:\u00a0Witczak \u0141ukasz Wydawca:\u00a0Znak Oprawa:\u00a0Twarda z obwolut\u0105 Format:\u00a015.0&#215;23.5cm [&hellip;]<\/p>\n","protected":false},"featured_media":20248,"template":"","meta":[],"product_brand":[],"product_cat":[38,7530],"product_tag":[8502,68],"class_list":{"0":"post-20247","1":"product","2":"type-product","3":"status-publish","4":"has-post-thumbnail","6":"product_cat-historia","7":"product_cat-nowosci","8":"product_tag-chester-nimitz","9":"product_tag-historia-ii-wojny-swiatowej","11":"first","12":"instock","13":"sale","14":"shipping-taxable","15":"purchasable","16":"product-type-simple"},"_links":{"self":[{"href":"https:\/\/ksiegarnia-akademicka.pl\/index.php\/wp-json\/wp\/v2\/product\/20247","targetHints":{"allow":["GET"]}}],"collection":[{"href":"https:\/\/ksiegarnia-akademicka.pl\/index.php\/wp-json\/wp\/v2\/product"}],"about":[{"href":"https:\/\/ksiegarnia-akademicka.pl\/index.php\/wp-json\/wp\/v2\/types\/product"}],"wp:featuredmedia":[{"embeddable":true,"href":"https:\/\/ksiegarnia-akademicka.pl\/index.php\/wp-json\/wp\/v2\/media\/20248"}],"wp:attachment":[{"href":"https:\/\/ksiegarnia-akademicka.pl\/index.php\/wp-json\/wp\/v2\/media?parent=20247"}],"wp:term":[{"taxonomy":"product_brand","embeddable":true,"href":"https:\/\/ksiegarnia-akademicka.pl\/index.php\/wp-json\/wp\/v2\/product_brand?post=20247"},{"taxonomy":"product_cat","embeddable":true,"href":"https:\/\/ksiegarnia-akademicka.pl\/index.php\/wp-json\/wp\/v2\/product_cat?post=20247"},{"taxonomy":"product_tag","embeddable":true,"href":"https:\/\/ksiegarnia-akademicka.pl\/index.php\/wp-json\/wp\/v2\/product_tag?post=20247"}],"curies":[{"name":"wp","href":"https:\/\/api.w.org\/{rel}","templated":true}]}}