{"id":20240,"date":"2025-02-07T14:04:21","date_gmt":"2025-02-07T13:04:21","guid":{"rendered":"http:\/\/ksiegarnia-akademicka.pl\/?post_type=product&#038;p=20240"},"modified":"2025-02-07T14:04:21","modified_gmt":"2025-02-07T13:04:21","slug":"usg-pluc-malych-zwierzat-w-praktyce-atlas-przypadkow","status":"publish","type":"product","link":"https:\/\/ksiegarnia-akademicka.pl\/index.php\/product\/usg-pluc-malych-zwierzat-w-praktyce-atlas-przypadkow\/","title":{"rendered":"USG p\u0142uc ma\u0142ych zwierz\u0105t w praktyce. Atlas przypadk\u00f3w"},"content":{"rendered":"<div class=\"grupa osoby\"><span class=\"meta-head\">Autor:<\/span><\/p>\n<ul>\n<li class=\"meta-value\">K. Kraszewska<\/li>\n<\/ul>\n<\/div>\n<div class=\"grupa wydawca\"><span class=\"meta-head\">Wydawca:<\/span>\u00a0Edra Urban &amp; Partner<\/div>\n<div class=\"grupa dane\">\n<div>Oprawa:\u00a0<span class=\"meta-value-bold\">Twarda<\/span><\/div>\n<div>Format:\u00a0<span class=\"meta-value-bold\">22.0&#215;28.0cm<\/span><\/div>\n<div>Liczba stron:\u00a0<span class=\"meta-value-bold\">176<\/span><\/div>\n<div>Rok wydania:\u00a0<span class=\"meta-value-bold\">2023<\/span><\/div>\n<div>J\u0119zyk wydania:\u00a0<span class=\"meta-value-bold\">polski<\/span><\/div>\n<\/div>\n<div><\/div>\n<div>Na przestrzeni ostatniej dekady badanie ultrasonograficzne p\u0142uc, nazywane niekiedy \u201estetoskopem XXI wieku\u201d, sta\u0142o si\u0119 niezwykle istotnym narz\u0119dziem diagnostycznym w medycynie ludzkiej, wykorzystywanym w wielu dziedzinach i specjalizacjach. R\u00f3wnolegle znaczenie tego badania ro\u015bnie tak\u017ce w medycynie weterynaryjnej. USG p\u0142uc ma\u0142ych zwierz\u0105t w praktyce. Atlas przypadk\u00f3w to pierwsze tego rodzaju opracowanie, w kt\u00f3rym tak szeroko om\u00f3wiono wszystkie elementy tego badania z perspektywy lekarza praktyka. Nieocenionym walorem tej ksi\u0105\u017cki jest przedstawienie przypadk\u00f3w klinicznych, z kt\u00f3rymi autorzy zetkn\u0119li si\u0119 w codziennej praktyce. Dzi\u0119ki om\u00f3wieniu nieprawid\u0142owo\u015bci w badaniu USG p\u0142uc na przyk\u0142adzie prawdziwych przypadk\u00f3w ksi\u0105\u017cka ta, zamiast by\u0107 oderwanym od rzeczywisto\u015bci podr\u0119cznikiem akademickim, stanowi nieocenione \u017ar\u00f3d\u0142o wiedzy klinicznej, z kt\u00f3rej mog\u0105 czerpa\u0107 lekarze weterynarii, zar\u00f3wno pocz\u0105tkuj\u0105cy, jak i specjali\u015bci, pos\u0142uguj\u0105cy si\u0119 aparatem USG w codziennej praktyce.<\/div>\n","protected":false},"excerpt":{"rendered":"<p>Autor: K. Kraszewska Wydawca:\u00a0Edra Urban &amp; Partner Oprawa:\u00a0Twarda Format:\u00a022.0&#215;28.0cm Liczba [&hellip;]<\/p>\n","protected":false},"featured_media":20241,"template":"","meta":[],"product_brand":[],"product_cat":[7493,8300],"product_tag":[7856,7859],"class_list":{"0":"post-20240","1":"product","2":"type-product","3":"status-publish","4":"has-post-thumbnail","6":"product_cat-medycyna","7":"product_cat-weterynaria","8":"product_tag-usg","9":"product_tag-weterynaria","11":"first","12":"instock","13":"sale","14":"shipping-taxable","15":"purchasable","16":"product-type-simple"},"_links":{"self":[{"href":"https:\/\/ksiegarnia-akademicka.pl\/index.php\/wp-json\/wp\/v2\/product\/20240","targetHints":{"allow":["GET"]}}],"collection":[{"href":"https:\/\/ksiegarnia-akademicka.pl\/index.php\/wp-json\/wp\/v2\/product"}],"about":[{"href":"https:\/\/ksiegarnia-akademicka.pl\/index.php\/wp-json\/wp\/v2\/types\/product"}],"wp:featuredmedia":[{"embeddable":true,"href":"https:\/\/ksiegarnia-akademicka.pl\/index.php\/wp-json\/wp\/v2\/media\/20241"}],"wp:attachment":[{"href":"https:\/\/ksiegarnia-akademicka.pl\/index.php\/wp-json\/wp\/v2\/media?parent=20240"}],"wp:term":[{"taxonomy":"product_brand","embeddable":true,"href":"https:\/\/ksiegarnia-akademicka.pl\/index.php\/wp-json\/wp\/v2\/product_brand?post=20240"},{"taxonomy":"product_cat","embeddable":true,"href":"https:\/\/ksiegarnia-akademicka.pl\/index.php\/wp-json\/wp\/v2\/product_cat?post=20240"},{"taxonomy":"product_tag","embeddable":true,"href":"https:\/\/ksiegarnia-akademicka.pl\/index.php\/wp-json\/wp\/v2\/product_tag?post=20240"}],"curies":[{"name":"wp","href":"https:\/\/api.w.org\/{rel}","templated":true}]}}