{"id":20236,"date":"2025-02-07T13:58:45","date_gmt":"2025-02-07T12:58:45","guid":{"rendered":"http:\/\/ksiegarnia-akademicka.pl\/?post_type=product&#038;p=20236"},"modified":"2025-02-07T13:58:45","modified_gmt":"2025-02-07T12:58:45","slug":"diagnostyka-radiologiczna-w-weterynari","status":"publish","type":"product","link":"https:\/\/ksiegarnia-akademicka.pl\/index.php\/product\/diagnostyka-radiologiczna-w-weterynari\/","title":{"rendered":"Diagnostyka radiologiczna w weterynari"},"content":{"rendered":"<div class=\"grupa osoby\"><span class=\"meta-head\">Autor:<\/span><\/p>\n<ul>\n<li class=\"meta-value\">D.E. Thrall<\/li>\n<\/ul>\n<\/div>\n<div class=\"grupa osoby\"><span class=\"meta-head-blue\">Redakcja:<\/span>\u00a0<span class=\"meta-value\">Aleksiewicz R.<\/span><\/div>\n<div class=\"grupa wydawca\"><span class=\"meta-head\">Wydawca:<\/span>\u00a0Edra Urban &amp; Partner<\/div>\n<div class=\"grupa dane\">\n<div>Oprawa:\u00a0<span class=\"meta-value-bold\">Twarda<\/span><\/div>\n<div>Format:\u00a0<span class=\"meta-value-bold\">21.0&#215;27.5cm<\/span><\/div>\n<div>Liczba stron:\u00a0<span class=\"meta-value-bold\">1000<\/span><\/div>\n<div>Wydanie:\u00a0<span class=\"meta-value-bold\">7<\/span><\/div>\n<div>Rok wydania:\u00a0<span class=\"meta-value-bold\">2023<\/span><\/div>\n<div>J\u0119zyk wydania:\u00a0<span class=\"meta-value-bold\">polski<\/span><\/div>\n<\/div>\n<div><\/div>\n<div>Diagnostyka radiologiczna w weterynarii to kompleksowe \u017ar\u00f3d\u0142o informacji obejmuj\u0105ce zasady przeprowadzania diagnostyki radiologicznej i interpretacji uzyskanych wynik\u00f3w. Omawianym zagadnieniom towarzysz\u0105 wysokiej jako\u015bci obrazy radiograficzne, USG, MR i TK. Przyjazne dla u\u017cytkownika wskaz\u00f3wki pomagaj\u0105 rozwija\u0107 podstawowe umiej\u0119tno\u015bci w zakresie u\u0142o\u017cenia pacjenta, technik radiograficznych i \u015brodk\u00f3w bezpiecze\u0144stwa, r\u00f3\u017cnicowania prawid\u0142owych i nieprawid\u0142owych warunk\u00f3w anatomicznych, w\u0142a\u015bciwej interpretacji radiogram\u00f3w oraz alternatywnych metod obrazowania. Aktualne, 7. Wydanie zosta\u0142o gruntownie zmienione i zawiera najnowsze osi\u0105gni\u0119cia w tej dziedzinie, a tak\u017ce dodatkowe informacje na temat \u015brodk\u00f3w kontrastowych i radiografii stomatologicznej.<\/p>\n<p>W nowym wydaniu:<\/p>\n<p>\u2022 Rozdzia\u0142 po\u015bwi\u0119cony \u015brodkom kontrastowym w tomografii komputerowej i rezonansie magnetycznym.<\/p>\n<p>\u2022 Informacje na temat obrazowania cyfrowego pomagaj\u0105ce zrozumie\u0107 najnowsze osi\u0105gni\u0119cia w tej dziedzinie.<\/p>\n<p>\u2022 Rozdzia\u0142 po\u015bwi\u0119cony radiologii stomatologicznej.<\/p>\n<p>\u2022 Rozdzia\u0142 po\u015bwi\u0119cony obrazowaniu MR kr\u0119gos\u0142upa zawieraj\u0105cy najnowsze informacje na temat diagnostyki chor\u00f3b rdzenia kr\u0119gowego za pomoc\u0105 tomografii komputerowej i rezonansu magnetycznego.<\/p>\n<p>\u2022 Om\u00f3wienie procedur obrazowania ultrasonograficznego, takich jak ezofagogram, badanie g\u00f3rnego odcinka przewodu pokarmowego, urografia wydalnicza i cystografia oraz jak te procedury s\u0105 wykonywane w dzisiejszej praktyce.<\/p><\/div>\n","protected":false},"excerpt":{"rendered":"<p>Autor: D.E. Thrall Redakcja:\u00a0Aleksiewicz R. Wydawca:\u00a0Edra Urban &amp; Partner Oprawa:\u00a0Twarda [&hellip;]<\/p>\n","protected":false},"featured_media":20237,"template":"","meta":[],"product_brand":[],"product_cat":[7493,8300],"product_tag":[8499,7859],"class_list":{"0":"post-20236","1":"product","2":"type-product","3":"status-publish","4":"has-post-thumbnail","6":"product_cat-medycyna","7":"product_cat-weterynaria","8":"product_tag-diagnostyka-radiologiczna","9":"product_tag-weterynaria","11":"first","12":"instock","13":"sale","14":"shipping-taxable","15":"purchasable","16":"product-type-simple"},"_links":{"self":[{"href":"https:\/\/ksiegarnia-akademicka.pl\/index.php\/wp-json\/wp\/v2\/product\/20236","targetHints":{"allow":["GET"]}}],"collection":[{"href":"https:\/\/ksiegarnia-akademicka.pl\/index.php\/wp-json\/wp\/v2\/product"}],"about":[{"href":"https:\/\/ksiegarnia-akademicka.pl\/index.php\/wp-json\/wp\/v2\/types\/product"}],"wp:featuredmedia":[{"embeddable":true,"href":"https:\/\/ksiegarnia-akademicka.pl\/index.php\/wp-json\/wp\/v2\/media\/20237"}],"wp:attachment":[{"href":"https:\/\/ksiegarnia-akademicka.pl\/index.php\/wp-json\/wp\/v2\/media?parent=20236"}],"wp:term":[{"taxonomy":"product_brand","embeddable":true,"href":"https:\/\/ksiegarnia-akademicka.pl\/index.php\/wp-json\/wp\/v2\/product_brand?post=20236"},{"taxonomy":"product_cat","embeddable":true,"href":"https:\/\/ksiegarnia-akademicka.pl\/index.php\/wp-json\/wp\/v2\/product_cat?post=20236"},{"taxonomy":"product_tag","embeddable":true,"href":"https:\/\/ksiegarnia-akademicka.pl\/index.php\/wp-json\/wp\/v2\/product_tag?post=20236"}],"curies":[{"name":"wp","href":"https:\/\/api.w.org\/{rel}","templated":true}]}}