{"id":20230,"date":"2025-02-07T13:51:42","date_gmt":"2025-02-07T12:51:42","guid":{"rendered":"http:\/\/ksiegarnia-akademicka.pl\/?post_type=product&#038;p=20230"},"modified":"2025-02-07T13:51:42","modified_gmt":"2025-02-07T12:51:42","slug":"atlas-okulistyki-psa-i-kota","status":"publish","type":"product","link":"https:\/\/ksiegarnia-akademicka.pl\/index.php\/product\/atlas-okulistyki-psa-i-kota\/","title":{"rendered":"Atlas okulistyki psa i kota"},"content":{"rendered":"<div class=\"grupa osoby\"><span class=\"meta-head\">Autor:<\/span><\/p>\n<ul>\n<li class=\"meta-value\">J.E. Martin<\/li>\n<\/ul>\n<\/div>\n<div class=\"grupa osoby\"><span class=\"meta-head-blue\">Redakcja:<\/span>\u00a0<span class=\"meta-value\">Stefanowicz P.<\/span><\/div>\n<div class=\"grupa wydawca\"><span class=\"meta-head\">Wydawca:<\/span>\u00a0Edra Urban &amp; Partner<\/div>\n<div class=\"grupa dane\">\n<div>Oprawa:\u00a0<span class=\"meta-value-bold\">Twarda<\/span><\/div>\n<div>Format:\u00a0<span class=\"meta-value-bold\">16.5&#215;23.5cm<\/span><\/div>\n<div>Liczba stron:\u00a0<span class=\"meta-value-bold\">418<\/span><\/div>\n<div>Wydanie:\u00a0<span class=\"meta-value-bold\">2<\/span><\/div>\n<div>Rok wydania:\u00a0<span class=\"meta-value-bold\">2024<\/span><\/div>\n<div>J\u0119zyk wydania:\u00a0<span class=\"meta-value-bold\">polski<\/span><\/div>\n<\/div>\n<div><\/div>\n<div>Celem tego atlasu jest zapoznanie lekarzy weterynarii praktyki og\u00f3lnej z patologi\u0105 narz\u0105du wzroku w stopniu umo\u017cliwiaj\u0105cym szybkie rozpoznanie i zidentyfikowanie struktur obj\u0119tych procesem chorobowym w obr\u0119bie ga\u0142ki ocznej.<br \/>\nKa\u017cde zdj\u0119cie opatrzone jest definicj\u0105 danej jednostki chorobowej oraz opisem, kt\u00f3ry umo\u017cliwia jej rozpoznanie i zlokalizowanie. Ksi\u0105\u017cka ta zawiera r\u00f3wnie\u017c wiele informacji na temat przebiegu choroby, rozpoznania, leczenia, rokowania, predyspozycji rasowych itp.<\/p>\n<p>Wszystkie zdj\u0119cia w tym atlasie stanowi\u0105 ilustracj\u0119 przypadk\u00f3w rzeczywistych pacjent\u00f3w, dlatego niekt\u00f3re s\u0105 proste w interpretacji, podczas gdy inne wymagaj\u0105 wi\u0119cej wysi\u0142ku, aby dok\u0142adnie rozpozna\u0107 problem.<\/p><\/div>\n","protected":false},"excerpt":{"rendered":"<p>Autor: J.E. Martin Redakcja:\u00a0Stefanowicz P. Wydawca:\u00a0Edra Urban &amp; Partner Oprawa:\u00a0Twarda [&hellip;]<\/p>\n","protected":false},"featured_media":20231,"template":"","meta":[],"product_brand":[],"product_cat":[7493,8300],"product_tag":[5404,7859],"class_list":{"0":"post-20230","1":"product","2":"type-product","3":"status-publish","4":"has-post-thumbnail","6":"product_cat-medycyna","7":"product_cat-weterynaria","8":"product_tag-okulistyka","9":"product_tag-weterynaria","11":"first","12":"instock","13":"sale","14":"shipping-taxable","15":"purchasable","16":"product-type-simple"},"_links":{"self":[{"href":"https:\/\/ksiegarnia-akademicka.pl\/index.php\/wp-json\/wp\/v2\/product\/20230","targetHints":{"allow":["GET"]}}],"collection":[{"href":"https:\/\/ksiegarnia-akademicka.pl\/index.php\/wp-json\/wp\/v2\/product"}],"about":[{"href":"https:\/\/ksiegarnia-akademicka.pl\/index.php\/wp-json\/wp\/v2\/types\/product"}],"wp:featuredmedia":[{"embeddable":true,"href":"https:\/\/ksiegarnia-akademicka.pl\/index.php\/wp-json\/wp\/v2\/media\/20231"}],"wp:attachment":[{"href":"https:\/\/ksiegarnia-akademicka.pl\/index.php\/wp-json\/wp\/v2\/media?parent=20230"}],"wp:term":[{"taxonomy":"product_brand","embeddable":true,"href":"https:\/\/ksiegarnia-akademicka.pl\/index.php\/wp-json\/wp\/v2\/product_brand?post=20230"},{"taxonomy":"product_cat","embeddable":true,"href":"https:\/\/ksiegarnia-akademicka.pl\/index.php\/wp-json\/wp\/v2\/product_cat?post=20230"},{"taxonomy":"product_tag","embeddable":true,"href":"https:\/\/ksiegarnia-akademicka.pl\/index.php\/wp-json\/wp\/v2\/product_tag?post=20230"}],"curies":[{"name":"wp","href":"https:\/\/api.w.org\/{rel}","templated":true}]}}