{"id":20228,"date":"2025-02-07T13:48:51","date_gmt":"2025-02-07T12:48:51","guid":{"rendered":"http:\/\/ksiegarnia-akademicka.pl\/?post_type=product&#038;p=20228"},"modified":"2025-02-07T13:48:51","modified_gmt":"2025-02-07T12:48:51","slug":"skorne-niepozadane-reakcje-na-pokarm","status":"publish","type":"product","link":"https:\/\/ksiegarnia-akademicka.pl\/index.php\/product\/skorne-niepozadane-reakcje-na-pokarm\/","title":{"rendered":"Sk\u00f3rne niepo\u017c\u0105dane reakcje na pokarm"},"content":{"rendered":"<div class=\"grupa osoby\"><span class=\"meta-head-blue\">Autor:<\/span><\/p>\n<ul>\n<li class=\"meta-value\">Lopez Juan Rejas, Goicoa Valdevira Ana<\/li>\n<\/ul>\n<\/div>\n<div class=\"grupa osoby\"><span class=\"meta-head-blue\">Redakcja:<\/span>\u00a0<span class=\"meta-value\">Cekiera Agnieszka<\/span><\/div>\n<div class=\"grupa wydawca\"><span class=\"meta-head\">Wydawca:<\/span>\u00a0Edra Urban &amp; Partner<\/div>\n<div class=\"grupa dane\">\n<div>Oprawa:\u00a0<span class=\"meta-value-bold\">Twarda<\/span><\/div>\n<div>Format:\u00a0<span class=\"meta-value-bold\">17.0&#215;24.0cm<\/span><\/div>\n<div>Liczba stron:\u00a0<span class=\"meta-value-bold\">40<\/span><\/div>\n<div>Rok wydania:\u00a0<span class=\"meta-value-bold\">2024<\/span><\/div>\n<div>J\u0119zyk wydania:\u00a0<span class=\"meta-value-bold\">polski<\/span><\/div>\n<\/div>\n<div><\/div>\n<div>U kot\u00f3w i ps\u00f3w wyr\u00f3\u017cnia si\u0119 dwie podstawowe odmiany niepo\u017c\u0105danych reakcji na pokarm: odmian\u0119 przebiegaj\u0105c\u0105 wy\u0142\u0105cznie z objawami ze strony przewodu pokarmowego oraz odmian\u0119 manifestuj\u0105c\u0105 si\u0119 zmianami sk\u00f3rnymi lub \u015bwi\u0105dem.<br \/>\nMimo \u017ce brakuje dok\u0142adnych danych dotycz\u0105cych rzeczywistego rozpowszechnienia niepo\u017c\u0105danych reakcji na pokarm, uwa\u017ca si\u0119, \u017ce zar\u00f3wno u ps\u00f3w, jak i kot\u00f3w stanowi\u0105 one znacz\u0105cy odsetek przewlek\u0142ych zapale\u0144 jelit i alergicznych chor\u00f3b sk\u00f3ry. Objaw\u00f3w klinicznych alergii pokarmowej nie spos\u00f3b odr\u00f3\u017cni\u0107 od symptom\u00f3w atopowego zapalenia sk\u00f3ry, dlatego bardzo wa\u017cna jest diagnostyka r\u00f3\u017cnicowa obu tych chor\u00f3b.<br \/>\nKsi\u0105\u017cka ma na celu dostarczenie odpowiedzi na niekt\u00f3re aktualne w\u0105tpliwo\u015bci dotycz\u0105ce sk\u00f3rnych niepo\u017c\u0105danych reakcji na pokarm. Zawiera opisy wyst\u0119puj\u0105cych alergen\u00f3w, wywo\u0142ywanych przez nie reakcji, r\u00f3\u017cnych obraz\u00f3w klinicznych u kot\u00f3w i ps\u00f3w, metod diagnostycznych oraz dost\u0119pnych opcji terapeutycznych.<\/div>\n","protected":false},"excerpt":{"rendered":"<p>Autor: Lopez Juan Rejas, Goicoa Valdevira Ana Redakcja:\u00a0Cekiera Agnieszka Wydawca:\u00a0Edra [&hellip;]<\/p>\n","protected":false},"featured_media":20229,"template":"","meta":[],"product_brand":[],"product_cat":[7493,8300],"product_tag":[7668,2861,7859],"class_list":{"0":"post-20228","1":"product","2":"type-product","3":"status-publish","4":"has-post-thumbnail","6":"product_cat-medycyna","7":"product_cat-weterynaria","8":"product_tag-alergologia","9":"product_tag-dermatologia","10":"product_tag-weterynaria","12":"first","13":"instock","14":"sale","15":"shipping-taxable","16":"purchasable","17":"product-type-simple"},"_links":{"self":[{"href":"https:\/\/ksiegarnia-akademicka.pl\/index.php\/wp-json\/wp\/v2\/product\/20228","targetHints":{"allow":["GET"]}}],"collection":[{"href":"https:\/\/ksiegarnia-akademicka.pl\/index.php\/wp-json\/wp\/v2\/product"}],"about":[{"href":"https:\/\/ksiegarnia-akademicka.pl\/index.php\/wp-json\/wp\/v2\/types\/product"}],"wp:featuredmedia":[{"embeddable":true,"href":"https:\/\/ksiegarnia-akademicka.pl\/index.php\/wp-json\/wp\/v2\/media\/20229"}],"wp:attachment":[{"href":"https:\/\/ksiegarnia-akademicka.pl\/index.php\/wp-json\/wp\/v2\/media?parent=20228"}],"wp:term":[{"taxonomy":"product_brand","embeddable":true,"href":"https:\/\/ksiegarnia-akademicka.pl\/index.php\/wp-json\/wp\/v2\/product_brand?post=20228"},{"taxonomy":"product_cat","embeddable":true,"href":"https:\/\/ksiegarnia-akademicka.pl\/index.php\/wp-json\/wp\/v2\/product_cat?post=20228"},{"taxonomy":"product_tag","embeddable":true,"href":"https:\/\/ksiegarnia-akademicka.pl\/index.php\/wp-json\/wp\/v2\/product_tag?post=20228"}],"curies":[{"name":"wp","href":"https:\/\/api.w.org\/{rel}","templated":true}]}}