{"id":20219,"date":"2025-02-07T13:29:58","date_gmt":"2025-02-07T12:29:58","guid":{"rendered":"http:\/\/ksiegarnia-akademicka.pl\/?post_type=product&#038;p=20219"},"modified":"2025-02-07T13:29:58","modified_gmt":"2025-02-07T12:29:58","slug":"prewencja-weterynaryjna-z-elementami-zarzadzania-zdrowiem-stada-2","status":"publish","type":"product","link":"https:\/\/ksiegarnia-akademicka.pl\/index.php\/product\/prewencja-weterynaryjna-z-elementami-zarzadzania-zdrowiem-stada-2\/","title":{"rendered":"Prewencja weterynaryjna z elementami zarz\u0105dzania zdrowiem stada"},"content":{"rendered":"<div class=\"grupa osoby\"><span class=\"meta-head-blue\">Redakcja:<\/span>\u00a0<span class=\"meta-value\">Zabielski R., Stefaniak T., Gajewski Z.<\/span><\/div>\n<div class=\"grupa osoby\"><span class=\"meta-head-blue\">T\u0142umacze:<\/span>\u00a0<span class=\"meta-value\">EDRA<\/span><\/div>\n<div class=\"grupa osoby\"><span class=\"meta-head-blue\">Ilustracje:<\/span>\u00a0<span class=\"meta-value\">Urban &amp; Partner sp. z o.o.<\/span><\/div>\n<div class=\"grupa wydawca\"><span class=\"meta-head\">Wydawca:<\/span>\u00a0Edra Urban &amp; Partner<\/div>\n<div class=\"grupa dane\">\n<div>Oprawa:\u00a0<span class=\"meta-value-bold\">Mi\u0119kka<\/span><\/div>\n<div>Format:\u00a0<span class=\"meta-value-bold\">21.0&#215;27.0cm<\/span><\/div>\n<div>Liczba stron:\u00a0<span class=\"meta-value-bold\">536<\/span><\/div>\n<div>Rok wydania:\u00a0<span class=\"meta-value-bold\">2024<\/span><\/div>\n<div>J\u0119zyk wydania:\u00a0<span class=\"meta-value-bold\">polski<\/span><\/div>\n<\/div>\n<div><\/div>\n<div>Prewencja staje si\u0119 coraz bardziej istotnym dzia\u0142em medycyny weterynaryjnej, tymczasem jak dot\u0105d brak by\u0142o kompleksowego opracowania ujmuj\u0105cego w spos\u00f3b zbiorczy ca\u0142a problematyk\u0119 tego obszaru. Podr\u0119cznik wype\u0142nia wi\u0119c istotn\u0105 luk\u0119, jaka obecnie istnieje na weterynaryjnym rynku wydawniczym.<\/p>\n<p>Uznanie budzi kompleksowo\u015b\u0107 podr\u0119cznika, szczeg\u00f3lnie za\u015b uwzgl\u0119dnienie w nim zar\u00f3wno wa\u017cnych implikacji spo\u0142ecznych chowu i prewencji zwierz\u0105t, jak r\u00f3wnie\u017c szczeg\u00f3\u0142owej problematyki gatunk\u00f3w zwierz\u0105t dotychczas zupe\u0142nie nieuwzgl\u0119dnianych w takich opracowaniach.<\/p>\n<p>Wyra\u017cam przekonanie, \u017ce ten nowoczesny podr\u0119cznik znajdzie licznych czytelnik\u00f3w w\u015br\u00f3d naukowc\u00f3w i praktyk\u00f3w lekarzy weterynarii, student\u00f3w medycyny weterynaryjnej, zootechniki i hodowli zwierz\u0105t, biologii, a tak\u017ce hodowc\u00f3w i w\u0142a\u015bcicieli. Podr\u0119cznik ten to godna polecenia pomoc edukacyjna, s\u0142u\u017c\u0105ca pog\u0142\u0119bieniu znajomo\u015bci uwarunkowa\u0144 zdrowia, dobrostanu i produkcyjno\u015bci r\u00f3\u017cnych gatunk\u00f3w zwierz\u0105t, wa\u017cnych z punktu widzenia prewencji weterynaryjnej.<\/p>\n<p>Prof. dr hab. n. wet. Tomasz JANOWSKI<\/p><\/div>\n","protected":false},"excerpt":{"rendered":"<p>Redakcja:\u00a0Zabielski R., Stefaniak T., Gajewski Z. T\u0142umacze:\u00a0EDRA Ilustracje:\u00a0Urban &amp; Partner [&hellip;]<\/p>\n","protected":false},"featured_media":20220,"template":"","meta":[],"product_brand":[],"product_cat":[7493,8300],"product_tag":[8496,7859],"class_list":{"0":"post-20219","1":"product","2":"type-product","3":"status-publish","4":"has-post-thumbnail","6":"product_cat-medycyna","7":"product_cat-weterynaria","8":"product_tag-prewencja-weterynaryjna","9":"product_tag-weterynaria","11":"first","12":"instock","13":"sale","14":"shipping-taxable","15":"purchasable","16":"product-type-simple"},"_links":{"self":[{"href":"https:\/\/ksiegarnia-akademicka.pl\/index.php\/wp-json\/wp\/v2\/product\/20219","targetHints":{"allow":["GET"]}}],"collection":[{"href":"https:\/\/ksiegarnia-akademicka.pl\/index.php\/wp-json\/wp\/v2\/product"}],"about":[{"href":"https:\/\/ksiegarnia-akademicka.pl\/index.php\/wp-json\/wp\/v2\/types\/product"}],"wp:featuredmedia":[{"embeddable":true,"href":"https:\/\/ksiegarnia-akademicka.pl\/index.php\/wp-json\/wp\/v2\/media\/20220"}],"wp:attachment":[{"href":"https:\/\/ksiegarnia-akademicka.pl\/index.php\/wp-json\/wp\/v2\/media?parent=20219"}],"wp:term":[{"taxonomy":"product_brand","embeddable":true,"href":"https:\/\/ksiegarnia-akademicka.pl\/index.php\/wp-json\/wp\/v2\/product_brand?post=20219"},{"taxonomy":"product_cat","embeddable":true,"href":"https:\/\/ksiegarnia-akademicka.pl\/index.php\/wp-json\/wp\/v2\/product_cat?post=20219"},{"taxonomy":"product_tag","embeddable":true,"href":"https:\/\/ksiegarnia-akademicka.pl\/index.php\/wp-json\/wp\/v2\/product_tag?post=20219"}],"curies":[{"name":"wp","href":"https:\/\/api.w.org\/{rel}","templated":true}]}}