{"id":20217,"date":"2025-02-07T13:22:30","date_gmt":"2025-02-07T12:22:30","guid":{"rendered":"http:\/\/ksiegarnia-akademicka.pl\/?post_type=product&#038;p=20217"},"modified":"2025-02-07T13:22:31","modified_gmt":"2025-02-07T12:22:31","slug":"choroby-watroby-drog-zolciowych-i-zewnatrzwydzielniczej-czesci-trzustki-u-psow","status":"publish","type":"product","link":"https:\/\/ksiegarnia-akademicka.pl\/index.php\/product\/choroby-watroby-drog-zolciowych-i-zewnatrzwydzielniczej-czesci-trzustki-u-psow\/","title":{"rendered":"Choroby w\u0105troby, dr\u00f3g \u017c\u00f3\u0142ciowych i zewn\u0105trzwydzielniczej cz\u0119\u015bci trzustki u ps\u00f3w"},"content":{"rendered":"<div class=\"grupa osoby\"><span class=\"meta-head\">Autor:<\/span><\/p>\n<ul>\n<li class=\"meta-value\">P. Watson<\/li>\n<\/ul>\n<\/div>\n<div class=\"grupa osoby\"><span class=\"meta-head-blue\">Redakcja:<\/span>\u00a0<span class=\"meta-value\">Lechowski Roman<\/span><\/div>\n<div class=\"grupa osoby\"><span class=\"meta-head-blue\">Ilustracje:<\/span>\u00a0<span class=\"meta-value\">Urban &amp; Partner sp. z o.o.<\/span><\/div>\n<div class=\"grupa wydawca\"><span class=\"meta-head\">Wydawca:<\/span>\u00a0Edra Urban &amp; Partner<\/div>\n<div class=\"grupa dane\">\n<div>Oprawa:\u00a0<span class=\"meta-value-bold\">Twarda<\/span><\/div>\n<div>Format:\u00a0<span class=\"meta-value-bold\">21.0&#215;27.5cm<\/span><\/div>\n<div>Liczba stron:\u00a0<span class=\"meta-value-bold\">312<\/span><\/div>\n<div>Rok wydania:\u00a0<span class=\"meta-value-bold\">2024<\/span><\/div>\n<div>J\u0119zyk wydania:\u00a0<span class=\"meta-value-bold\">polski<\/span><\/div>\n<\/div>\n<div><\/div>\n<div>W PUBLIKACJI:<br \/>\n\u2022 liczne algorytmy diagnostyczne<br \/>\n\u2022 tabele, schematy, ryciny, zdj\u0119cia<br \/>\n\u2022 obrazy diagnostyki radiologicznej i cytologicznej<br \/>\n\u2022 materia\u0142y online<br \/>\nDo powstania tego tytu\u0142u przyczynili si\u0119 nie tylko specjali\u015bci z dziedziny chor\u00f3b wewn\u0119trznych, lecz tak\u017ce chirurdzy tkanek mi\u0119kkich, dietetycy, specjali\u015bci diagnostyki laboratoryjnej, patolodzy weterynaryjni, onkolodzy, osoby wykonuj\u0105ce badania obrazowe, anestezjolog, toksykolog i neurolog \u2013 dlatego mo\u017cna mie\u0107 poczucie, \u017ce maj\u0105c t\u0119 ksi\u0105\u017ck\u0119 na p\u00f3\u0142ce, ma si\u0119 w swojej lecznicy tych wszystkich specjalist\u00f3w, kt\u00f3rzy mogliby konsultowa\u0107 te trudne przypadki. Rezultatem tych stara\u0144 jest aktualne i, mamy nadziej\u0119, kompletne \u017ar\u00f3d\u0142o informacji na temat chor\u00f3b trzustki i w\u0105troby u ps\u00f3w. Choroby w\u0105troby i trzustki mog\u0105 powodowa\u0107 pewnego stopnia frustracj\u0119 w\u015br\u00f3d lekarzy weterynarii \u2013 wiele przyczyn i sposob\u00f3w leczenia tych chor\u00f3b jest s\u0142abo poznanych, a zbyt wiele przypadk\u00f3w pozostaje uznanych za idiopatyczne. Niemniej w ostatnich latach badania kliniczne zacz\u0119\u0142y pog\u0142\u0119bia\u0107 nasz\u0105 wiedz\u0119, co szczeg\u00f3\u0142owo opisano w tej ksi\u0105\u017cce, i jasne jest, \u017ce logiczne post\u0119powanie diagnostyczne i leczenie naszych przypadk\u00f3w naprawd\u0119 mo\u017ce mie\u0107 wp\u0142yw zar\u00f3wno na jako\u015b\u0107, jak i d\u0142ugo\u015b\u0107 \u017cycia pacjent\u00f3w. Je\u015bli ksi\u0105\u017cka ta spowoduje w\u015br\u00f3d lekarzy weterynarii \u2013 zar\u00f3wno pierwszego kontaktu, jak i praktyki specjalistycznej \u2013 wzrost ch\u0119ci dowiedzenia si\u0119 wi\u0119cej na temat chor\u00f3b w\u0105troby i trzustki u ps\u00f3w, zapa\u0142 do leczenia tych pacjent\u00f3w z wi\u0119ksz\u0105 uwag\u0105 i w spos\u00f3b bardziej pozytywny oraz do podejmowania istotnych bada\u0144 klinicznych w tej dziedzinie, osi\u0105gnie ona swoje cele.<br \/>\nZ Przedmowy<\/div>\n","protected":false},"excerpt":{"rendered":"<p>Autor: P. Watson Redakcja:\u00a0Lechowski Roman Ilustracje:\u00a0Urban &amp; Partner sp. z [&hellip;]<\/p>\n","protected":false},"featured_media":20218,"template":"","meta":[],"product_brand":[],"product_cat":[7493,8300],"product_tag":[8495,7859],"class_list":{"0":"post-20217","1":"product","2":"type-product","3":"status-publish","4":"has-post-thumbnail","6":"product_cat-medycyna","7":"product_cat-weterynaria","8":"product_tag-choroby-watroby","9":"product_tag-weterynaria","11":"first","12":"instock","13":"sale","14":"shipping-taxable","15":"purchasable","16":"product-type-simple"},"_links":{"self":[{"href":"https:\/\/ksiegarnia-akademicka.pl\/index.php\/wp-json\/wp\/v2\/product\/20217","targetHints":{"allow":["GET"]}}],"collection":[{"href":"https:\/\/ksiegarnia-akademicka.pl\/index.php\/wp-json\/wp\/v2\/product"}],"about":[{"href":"https:\/\/ksiegarnia-akademicka.pl\/index.php\/wp-json\/wp\/v2\/types\/product"}],"wp:featuredmedia":[{"embeddable":true,"href":"https:\/\/ksiegarnia-akademicka.pl\/index.php\/wp-json\/wp\/v2\/media\/20218"}],"wp:attachment":[{"href":"https:\/\/ksiegarnia-akademicka.pl\/index.php\/wp-json\/wp\/v2\/media?parent=20217"}],"wp:term":[{"taxonomy":"product_brand","embeddable":true,"href":"https:\/\/ksiegarnia-akademicka.pl\/index.php\/wp-json\/wp\/v2\/product_brand?post=20217"},{"taxonomy":"product_cat","embeddable":true,"href":"https:\/\/ksiegarnia-akademicka.pl\/index.php\/wp-json\/wp\/v2\/product_cat?post=20217"},{"taxonomy":"product_tag","embeddable":true,"href":"https:\/\/ksiegarnia-akademicka.pl\/index.php\/wp-json\/wp\/v2\/product_tag?post=20217"}],"curies":[{"name":"wp","href":"https:\/\/api.w.org\/{rel}","templated":true}]}}