{"id":20167,"date":"2025-02-06T09:17:31","date_gmt":"2025-02-06T08:17:31","guid":{"rendered":"http:\/\/ksiegarnia-akademicka.pl\/?post_type=product&#038;p=20167"},"modified":"2025-02-07T11:35:50","modified_gmt":"2025-02-07T10:35:50","slug":"wybrane-zagadnienia-z-podstaw-arytmetyki-finansowej","status":"publish","type":"product","link":"https:\/\/ksiegarnia-akademicka.pl\/index.php\/product\/wybrane-zagadnienia-z-podstaw-arytmetyki-finansowej\/","title":{"rendered":"Wybrane zagadnienia z podstaw arytmetyki finansowej"},"content":{"rendered":"<p>Autor: Zbigniew \u015aleszy\u0144ski<\/p>\n<p>Wydawnictwo: Wydawnictwo Uniwersytetu Radomskiego<\/p>\n<p>Rok wydania: 2025 wyd.3 poprawione i uzupe\u0142nione<\/p>\n<p>Ilo\u015b\u0107 stron: 133<\/p>\n<p>Przedstawiam trzecie wydanie, poprawione i uzupe\u0142nione podr\u0119cznika &#8222;Wybrane zagadnienia z podstaw arytmetyki finansowej&#8221;. W stosunku do drugiego wydania (2018), (&#8230;) przede wszystkim poprawiono zauwa\u017cone usterki, dokonano korekty, uzupe\u0142nie\u0144 wybranych tre\u015bci, a tak\u017ce aktualizacji niekt\u00f3rych przyk\u0142ad\u00f3w, podano tak\u017ce dodatkow\u0105, wart\u0105 uwagi literatur\u0119.<\/p>\n<p>Autor<\/p>\n<p>Spis tre\u015bci:<\/p>\n<p>Wst\u0119p<\/p>\n<p>Rozdzia\u0142 I. Repetytorium z matematyki elementarnej<\/p>\n<p>Rozdzia\u0142 2. Oprocentowanie lokat<\/p>\n<p>Rozdzia\u0142 3. P\u0142atno\u015bci cykliczne (wk\u0142ady oszcz\u0119dno\u015bciowe) &#8211; warto\u015b\u0107 przysz\u0142a i aktualna<\/p>\n<p>Rozdzia\u0142 4. Renty<\/p>\n<p>Rozdzia\u0142 5. Kredyty<\/p>\n<p>Rozdzia\u0142 6. Przyk\u0142adowe zadania do samodzielnego rozwi\u0105zania<\/p>\n<p>Rozdzia\u0142 7. Odpowiedzi i wskaz\u00f3wki do zada\u0144<\/p>\n<p>Rozdzia\u0142 8. Przyk\u0142adowe zestawy testowe<\/p>\n<p>Literatura cytowana<\/p>\n<p>Spis tabel<\/p>\n<p>Streszczenie<\/p>\n<p>Summary<\/p>\n","protected":false},"excerpt":{"rendered":"<p>Autor: Zbigniew \u015aleszy\u0144ski Wydawnictwo: Wydawnictwo Uniwersytetu Radomskiego Rok wydania: 2025 [&hellip;]<\/p>\n","protected":false},"featured_media":20168,"template":"","meta":[],"product_brand":[],"product_cat":[7519,35,7523,7530,43],"product_tag":[4491],"class_list":{"0":"post-20167","1":"product","2":"type-product","3":"status-publish","4":"has-post-thumbnail","6":"product_cat-matematyka","7":"product_cat-matematyka-i-jej-zastosowania","8":"product_cat-nauki-ekonomiczne","9":"product_cat-nowosci","10":"product_cat-wydawnictwo-uth","11":"product_tag-matematyka-finansowa","13":"first","14":"instock","15":"shipping-taxable","16":"purchasable","17":"product-type-simple"},"_links":{"self":[{"href":"https:\/\/ksiegarnia-akademicka.pl\/index.php\/wp-json\/wp\/v2\/product\/20167","targetHints":{"allow":["GET"]}}],"collection":[{"href":"https:\/\/ksiegarnia-akademicka.pl\/index.php\/wp-json\/wp\/v2\/product"}],"about":[{"href":"https:\/\/ksiegarnia-akademicka.pl\/index.php\/wp-json\/wp\/v2\/types\/product"}],"wp:featuredmedia":[{"embeddable":true,"href":"https:\/\/ksiegarnia-akademicka.pl\/index.php\/wp-json\/wp\/v2\/media\/20168"}],"wp:attachment":[{"href":"https:\/\/ksiegarnia-akademicka.pl\/index.php\/wp-json\/wp\/v2\/media?parent=20167"}],"wp:term":[{"taxonomy":"product_brand","embeddable":true,"href":"https:\/\/ksiegarnia-akademicka.pl\/index.php\/wp-json\/wp\/v2\/product_brand?post=20167"},{"taxonomy":"product_cat","embeddable":true,"href":"https:\/\/ksiegarnia-akademicka.pl\/index.php\/wp-json\/wp\/v2\/product_cat?post=20167"},{"taxonomy":"product_tag","embeddable":true,"href":"https:\/\/ksiegarnia-akademicka.pl\/index.php\/wp-json\/wp\/v2\/product_tag?post=20167"}],"curies":[{"name":"wp","href":"https:\/\/api.w.org\/{rel}","templated":true}]}}