{"id":20165,"date":"2025-02-05T14:15:25","date_gmt":"2025-02-05T13:15:25","guid":{"rendered":"http:\/\/ksiegarnia-akademicka.pl\/?post_type=product&#038;p=20165"},"modified":"2025-02-06T09:59:24","modified_gmt":"2025-02-06T08:59:24","slug":"zbior-cywilny-plus-kodeks-cywilny-kodeks-postepowania-cywilnego-dochodzenie-roszczen-w-postepowaniu-grupowym-kodeks-rodzinny-i-opiekunczy-prawo-prywatne-miedzynarodowe-prawo-wlasciwe-dla-zobowiaz","status":"publish","type":"product","link":"https:\/\/ksiegarnia-akademicka.pl\/index.php\/product\/zbior-cywilny-plus-kodeks-cywilny-kodeks-postepowania-cywilnego-dochodzenie-roszczen-w-postepowaniu-grupowym-kodeks-rodzinny-i-opiekunczy-prawo-prywatne-miedzynarodowe-prawo-wlasciwe-dla-zobowiaz\/","title":{"rendered":"Zbi\u00f3r cywilny Plus Kodeks cywilny. Kodeks post\u0119powania cywilnego. Dochodzenie roszcze\u0144 w post\u0119powaniu grupowym. Kodeks rodzinny i opieku\u0144czy. Prawo prywatne mi\u0119dzynarodowe. Prawo w\u0142a\u015bciwe dla zobowi\u0105za\u0144 umownych (Rzym I). . Prawo w\u0142a\u015bciwe dla zobowi\u0105za\u0144 pozaumownych (Rzym II). Koszty s\u0105dowe w sprawach cywilnych. Prawo o aktach stanu cywilnego. Ksi\u0119gi wieczyste i hipoteka. Kodeks sp\u00f3\u0142ek handlowych. Komornicy s\u0105dowi. Koszty komornicze"},"content":{"rendered":"<div class=\"grupa wydawca\"><span class=\"meta-head\">Wydawca:<\/span>\u00a0Wolters Kluwer<\/div>\n<div class=\"grupa dane\">\n<div>Oprawa:\u00a0<span class=\"meta-value-bold\">Mi\u0119kka<\/span><\/div>\n<div>Liczba stron:\u00a0<span class=\"meta-value-bold\">1384<\/span><\/div>\n<div>Wydanie:\u00a0<span class=\"meta-value-bold\">26<\/span><\/div>\n<div>Rok wydania:\u00a0<span class=\"meta-value-bold\">2025<\/span><\/div>\n<div>J\u0119zyk wydania:\u00a0<span class=\"meta-value-bold\">polski<\/span><\/div>\n<\/div>\n<div><\/div>\n<div>\n<p>Oddawany do rak Czytelnik\u00f3w zbi\u00f3r przepis\u00f3w obejmuje: K.C., K.P.C., K.R.O., P.P.M., K.S.C., P.A.S.C., K.W.H., K.S.H., U.K.S., U.K.K.\u00a0Zmiany, kt\u00f3re wesz\u0142y w \u017cycie mi\u0119dzy 16 kwietnia 2024 r. a 2 stycznia 2025 r.,\u00a0<strong>oznaczono tekstem pogrubionym<\/strong>, natomiast wszystkie zmiany, kt\u00f3re wejd\u0105 w \u017cycie po 2 stycznia 2025 r.,\u00a0<strong>oznaczono tekstem pogrubionym i mniejszym stopniem pisma.<\/strong>\u00a0Na pocz\u0105tku tomu zamieszczono spis wszystkich akt\u00f3w prawnych wprowadzaj\u0105cych te zmiany. Skorowidze do ustaw oraz tytu\u0142y towarzysz\u0105ce poszczeg\u00f3lnym artyku\u0142om ustaw u\u0142atwiaj\u0105 korzystanie ze zbioru.<\/p>\n<p><strong>K.P.C.<\/strong>\u00a0\u2013 uwzgl\u0119dniono zmiany dotycz\u0105ce rozszerzenia zakresu \u015bwiadcze\u0144 niepodlegaj\u0105cych egzekucji, w\u0142a\u015bciwo\u015bci s\u0105d\u00f3w w sprawach z zakresu ubezpiecze\u0144 spo\u0142ecznych, a tak\u017ce wej\u015bcia w \u017cycie ustawy \u2013 Prawo komunikacji elektronicznej oraz przepis\u00f3w reguluj\u0105cych dor\u0119czenia elektroniczne.<\/p>\n<p><strong>DOCHODZENIE ROSZCZE\u0143 W POST\u0118POWANIU GRUPOWYM<\/strong>\u00a0\u2013\u00a0obszerne zmiany dotycz\u0105 wdro\u017cenia do polskiego porz\u0105dku prawnego dyrektywy (UE) 2020\/1828 w sprawie pow\u00f3dztw przedstawicielskich wytaczanych w celu ochrony zbiorowych interes\u00f3w konsument\u00f3w, w tym m.in.: rozszerzenia katalogu o sprawy o stwierdzenie stosowania praktyk naruszaj\u0105cych og\u00f3lne interesy konsument\u00f3w lub o roszczenia zwi\u0105zane z ich stosowaniem, uprawnienia podmiot\u00f3w upowa\u017cnionych (w uproszczeniu) organizacji konsumenckich do wytaczania pozw\u00f3w grupowych przeciwko przedsi\u0119biorcom naruszaj\u0105cym interesy konsument\u00f3w, uprawnienia Prezesa UOKiK do wst\u0105pienia na ka\u017cdym etapie w post\u0119powaniu grupowym w sprawach o stwierdzenie stosowania praktyk naruszaj\u0105cych og\u00f3lne interesy konsument\u00f3w lub w sprawach o roszczenia zwi\u0105zane z ich stosowaniem.<\/p>\n<p><strong>K.S.C.<\/strong>\u00a0\u2013 uwzgl\u0119dniono m.in. zmiany rozszerzaj\u0105ce kr\u0105g podmiot\u00f3w zwolnionych z obowi\u0105zku uiszczenia koszt\u00f3w s\u0105dowych.<\/p>\n<p><strong>P.A.S.C.<\/strong>\u00a0\u2013 zmiany dotycz\u0105 rozszerzenia kr\u0119gu podmiot\u00f3w, kt\u00f3rym udost\u0119pniane s\u0105 dane z rejestru stanu cywilnego.<\/p>\n<p><strong>K.W.H.<\/strong>\u00a0\u2013 uwzgl\u0119dniono zmiany, kt\u00f3re rozszerzaj\u0105 kr\u0105g podmiot\u00f3w uprawnionych do korzystania z Centralnej Informacji Ksi\u0105g Wieczystych.<\/p>\n<hr \/>\n<p>Zbi\u00f3r cywilny PLUS (wyd. 26) uwzgl\u0119dnia zmiany wchodz\u0105ce w \u017cycie:<\/p>\n<p><strong>KODEKS CYWILNY<\/strong><br \/>\nod 29 kwietnia 2024 r. \u2013 ustawa z 20 marca 2024 r. o zmianie ustawy \u2013 Kodeks cywilny, ustawy o kredycie konsumenckim oraz ustawy o konsumenckiej po\u017cyczce lombardowej (Dz.U. poz. 653)<br \/>\nod 17 lipca 2024 r. \u2013 obwieszczenie Marsza\u0142ka Sejmu Rzeczypospolitej Polskiej z 21 czerwca 2024 r. w sprawie og\u0142oszenia jednolitego tekstu ustawy \u2013 Kodeks cywilny (Dz.U. poz. 1061)<br \/>\nod 29 sierpnia 2024 r. \u2013 ustawa z 24 lipca 2024 r. o zmianie ustawy o dochodzeniu roszcze\u0144 w post\u0119powaniu grupowym oraz niekt\u00f3rych innych ustaw (Dz.U. poz. 1237)<\/p>\n<p><strong>KODEKS POST\u0118POWANIA CYWILNEGO<\/strong><br \/>\nod 13 czerwca 2024 r. \u2013 ustawa z 23 maja 2024 r. o bonie energetycznym oraz o zmianie niekt\u00f3rych ustaw w celu ograniczenia cen energii elektrycznej, gazu ziemnego i ciep\u0142a systemowego (Dz.U. poz. 859)<br \/>\nod 29 sierpnia 2024 r. \u2013 ustawa z 24 lipca 2024 r. o zmianie ustawy o dochodzeniu roszcze\u0144 w post\u0119powaniu grupowym oraz niekt\u00f3rych innych ustaw (Dz.U. poz. 1237)<br \/>\nod 1 pa\u017adziernika 2024 r. \u2013 ustawa z 15 maja 2024 r. o wspieraniu rodzic\u00f3w w aktywno\u015bci zawodowej oraz w wychowaniu dziecka \u2013 \u201eAktywny rodzic\u201d (Dz.U. poz. 858)<br \/>\nod 23 pa\u017adziernika 2024 r. \u2013 obwieszczenie Marsza\u0142ka Sejmu Rzeczypospolitej Polskiej z 10 pa\u017adziernika 2024 r. w sprawie og\u0142oszenia jednolitego tekstu ustawy \u2013 Kodeks post\u0119powania cywilnego (Dz.U. poz. 1568)<br \/>\nod 1 listopada 2024 r. \u2013 ustawa z 9 maja 2024 r. o zmianie ustawy o systemie ubezpiecze\u0144 spo\u0142ecznych oraz niekt\u00f3rych innych ustaw (Dz.U. poz. 863)<br \/>\nod 10 listopada 2024 r. \u2013 ustawa z 12 lipca 2024 r. \u2013 Przepisy wprowadzaj\u0105ce ustaw\u0119 \u2013 Prawo komunikacji elektronicznej (Dz.U. poz. 1222)<br \/>\nod 1 stycznia 2025 r. \u2013 ustawa z 18 listopada 2020 r. o dor\u0119czeniach elektronicznych (Dz.U. poz. 2320 ze zm.)<br \/>\nod 18 kwietnia 2026 r. \u2013 ustawa z 5 sierpnia 2015 r. o zmianie ustawy o ochronie konkurencji i konsument\u00f3w oraz niekt\u00f3rych innych ustaw (Dz.U. poz. 1634)<\/p>\n<p><strong>DOCHODZENIE ROSZCZE\u0143 W POST\u0118POWANIU GRUPOWYM<\/strong><br \/>\nod 29 sierpnia 2024 r. \u2013 ustawa z 24 lipca 2024 r. o zmianie ustawy o dochodzeniu roszcze\u0144 w post\u0119powaniu grupowym oraz niekt\u00f3rych innych ustaw (Dz.U. poz. 1237)<br \/>\nod 7 pa\u017adziernika 2024 r. \u2013 obwieszczenie Marsza\u0142ka Sejmu Rzeczypospolitej Polskiej z 30 wrze\u015bnia 2024 r. w sprawie og\u0142oszenia jednolitego tekstu ustawy o dochodzeniu roszcze\u0144 w post\u0119powaniu grupowym (Dz.U. poz. 1485)<\/p>\n<p><strong>KOSZTY S\u0104DOWE W SPRAWACH CYWILNYCH<\/strong><br \/>\nod 28 czerwca 2024 r. \u2013 obwieszczenie Marsza\u0142ka Sejmu Rzeczypospolitej Polskiej z 11 czerwca 2024 r. w sprawie og\u0142oszenia jednolitego tekstu ustawy o kosztach s\u0105dowych w sprawach cywilnych (Dz.U. poz. 959)<br \/>\nod 29 sierpnia 2024 r. \u2013 ustawa z 24 lipca 2024 r. o zmianie ustawy o dochodzeniu roszcze\u0144 w post\u0119powaniu grupowym oraz niekt\u00f3rych innych ustaw (Dz.U. poz. 1237)<\/p>\n<p><strong>PRAWO O AKTACH STANU CYWILNEGO<\/strong><br \/>\nod 15 sierpnia 2024 r. \u2013 ustawa z 28 lipca 2023 r. o zmianie ustawy \u2013 Kodeks cywilny oraz niekt\u00f3rych innych ustaw (Dz.U. poz. 1615)<\/p>\n<p><strong>KSI\u0118GI WIECZYSTE I HIPOTEKA<\/strong><br \/>\nod 1 lipca 2024 r. \u2013 ustawa z 12 maja 2022 r. o zmianie ustawy o ksi\u0119gach wieczystych i hipotece oraz ustawy o przetwarzaniu informacji kryminalnych (Dz.U. poz. 1374)<br \/>\nod 10 listopada 2024 r. \u2013 ustawa z 12 lipca 2024 r. \u2013 Przepisy wprowadzaj\u0105ce ustaw\u0119 \u2013 Prawo komunikacji elektronicznej (Dz.U. poz. 1222)<\/p>\n<p><strong>KOMORNICY S\u0104DOWI<\/strong><br \/>\nod 2 pa\u017adziernika 2024 r. \u2013 obwieszczenie Marsza\u0142ka Sejmu Rzeczypospolitej Polskiej z 11 wrze\u015bnia 2024 r. w sprawie og\u0142oszenia jednolitego tekstu ustawy o komornikach s\u0105dowych (Dz.U. poz. 1458)<\/p>\n<\/div>\n","protected":false},"excerpt":{"rendered":"<p>Wydawca:\u00a0Wolters Kluwer Oprawa:\u00a0Mi\u0119kka Liczba stron:\u00a01384 Wydanie:\u00a026 Rok wydania:\u00a02025 J\u0119zyk wydania:\u00a0polski [&hellip;]<\/p>\n","protected":false},"featured_media":20171,"template":"","meta":[],"product_brand":[],"product_cat":[7491,7530,18],"product_tag":[615,6744],"class_list":{"0":"post-20165","1":"product","2":"type-product","3":"status-publish","4":"has-post-thumbnail","6":"product_cat-cywilne","7":"product_cat-nowosci","8":"product_cat-prawo","9":"product_tag-prawo-cywilne","10":"product_tag-zbior-przepisow","12":"first","13":"instock","14":"sale","15":"shipping-taxable","16":"purchasable","17":"product-type-simple"},"_links":{"self":[{"href":"https:\/\/ksiegarnia-akademicka.pl\/index.php\/wp-json\/wp\/v2\/product\/20165","targetHints":{"allow":["GET"]}}],"collection":[{"href":"https:\/\/ksiegarnia-akademicka.pl\/index.php\/wp-json\/wp\/v2\/product"}],"about":[{"href":"https:\/\/ksiegarnia-akademicka.pl\/index.php\/wp-json\/wp\/v2\/types\/product"}],"wp:featuredmedia":[{"embeddable":true,"href":"https:\/\/ksiegarnia-akademicka.pl\/index.php\/wp-json\/wp\/v2\/media\/20171"}],"wp:attachment":[{"href":"https:\/\/ksiegarnia-akademicka.pl\/index.php\/wp-json\/wp\/v2\/media?parent=20165"}],"wp:term":[{"taxonomy":"product_brand","embeddable":true,"href":"https:\/\/ksiegarnia-akademicka.pl\/index.php\/wp-json\/wp\/v2\/product_brand?post=20165"},{"taxonomy":"product_cat","embeddable":true,"href":"https:\/\/ksiegarnia-akademicka.pl\/index.php\/wp-json\/wp\/v2\/product_cat?post=20165"},{"taxonomy":"product_tag","embeddable":true,"href":"https:\/\/ksiegarnia-akademicka.pl\/index.php\/wp-json\/wp\/v2\/product_tag?post=20165"}],"curies":[{"name":"wp","href":"https:\/\/api.w.org\/{rel}","templated":true}]}}