{"id":20159,"date":"2025-02-05T14:01:46","date_gmt":"2025-02-05T13:01:46","guid":{"rendered":"http:\/\/ksiegarnia-akademicka.pl\/?post_type=product&#038;p=20159"},"modified":"2025-11-17T12:16:35","modified_gmt":"2025-11-17T11:16:35","slug":"prawo-pracy-zbior-przepisow-kodeks-pracy-wynagrodzenia-urlopy-i-czas-pracy-ochrona-zatrudnienia-i-swiadectwa-pracy-organizacje-pracodawcow-zwiazki-zawodowe-i-spory-zbiorowe-panstwowa-inspekcja-p","status":"publish","type":"product","link":"https:\/\/ksiegarnia-akademicka.pl\/index.php\/product\/prawo-pracy-zbior-przepisow-kodeks-pracy-wynagrodzenia-urlopy-i-czas-pracy-ochrona-zatrudnienia-i-swiadectwa-pracy-organizacje-pracodawcow-zwiazki-zawodowe-i-spory-zbiorowe-panstwowa-inspekcja-p\/","title":{"rendered":"Prawo pracy Zbi\u00f3r przepis\u00f3w Kodeks pracy. Wynagrodzenia, urlopy i czas pracy. Ochrona zatrudnienia i \u015bwiadectwa pracy. Organizacje pracodawc\u00f3w, zwi\u0105zki zawodowe i spory zbiorowe. Pa\u0144stwowa Inspekcja Pracy. Bezpiecze\u0144stwo i higiena pracy, wypadki przy pracy, choroby zawodowe. Koszty s\u0105dowe i s\u0105downictwo pracy."},"content":{"rendered":"<div class=\"grupa wydawca\"><span class=\"meta-head\">Wydawca:<\/span>\u00a0Wolters Kluwer<\/div>\n<div class=\"grupa dane\">\n<div>Oprawa:\u00a0<span class=\"meta-value-bold\">Mi\u0119kka ze skrzyde\u0142kami<\/span><\/div>\n<div>Liczba stron:\u00a0<span class=\"meta-value-bold\">916<\/span><\/div>\n<div>Wydanie:\u00a0<span class=\"meta-value-bold\">41<\/span><\/div>\n<div>Rok wydania:\u00a0<span class=\"meta-value-bold\">2025<\/span><\/div>\n<div>J\u0119zyk wydania:\u00a0<span class=\"meta-value-bold\">polski<\/span><\/div>\n<\/div>\n<div><\/div>\n<div>\n<p>Praktyczny zbi\u00f3r najwa\u017cniejszych akt\u00f3w prawnych z zakresu prawa pracy. Zawiera informacje o uwzgl\u0119dnionych zmianach. Zastosowany system oznaczania nowych przepis\u00f3w znacznie u\u0142atwia codzienn\u0105 prac\u0119 prawnika. Skorowidze do ustaw i tytuliki towarzysz\u0105ce poszczeg\u00f3lnym artyku\u0142om, por\u0119czny format, mi\u0119kka oprawa ze skrzyde\u0142kami mog\u0105cymi pos\u0142u\u017cy\u0107 za zak\u0142adki to dodatkowe atuty ksi\u0105\u017cki.<\/p>\n<p>Uwzgl\u0119dnia zmiany wchodz\u0105ce w \u017cycie z dniem:<br \/>\n<strong>KODEKS PRACY:<\/strong><br \/>\n10 listopada 2024 r. \u2013 ustawa z 12 lipca 2024 r. \u2013 Przepisy wprowadzaj\u0105ce ustaw\u0119 \u2013 Prawo komunikacji elektronicznej (Dz.U. poz. 1222)<br \/>\n1 lutego 2025 r. \u2013 ustawa z 6 grudnia 2024 r. o zmianie ustawy o dniach wolnych od pracy oraz niekt\u00f3rych innych ustaw (Dz.U. poz. 1965)<br \/>\n19 marca 2025 r. \u2013 ustawa z 6 grudnia 2024 r. o zmianie ustawy \u2013 Kodeks pracy oraz niekt\u00f3rych innych ustaw (Dz.U. poz. 1871)<br \/>\n<strong>USTAWA O MINIMALNYM WYNAGRODZENIU ZA PRAC\u0118:<\/strong><br \/>\n3 grudnia 2024 r. \u2013 obwieszczenie Marsza\u0142ka Sejmu Rzeczypospolitej Polskiej z 27 listopada 2024 r. w sprawie og\u0142oszenia jednolitego tekstu ustawy o minimalnym wynagrodzeniu za prac\u0119 (Dz.U. poz. 1773)<br \/>\n<strong>ROZPORZ\u0104DZENIE W SPRAWIE WYSOKO\u015aCI MINIMALNEGO WYNAGRODZENIA ZA PRAC\u0118 ORAZ WYSOKO\u015aCI MINIMALNEJ STAWKI GODZINOWEJ:<\/strong><br \/>\n1 stycznia 2025 r. \u2013 rozporz\u0105dzenie Rady Ministr\u00f3w z 12 wrze\u015bnia 2024 r. w sprawie wysoko\u015bci minimalnego wynagrodzenia za prac\u0119 oraz wysoko\u015bci minimalnej stawki godzinowej w 2025 r. (Dz.U. poz. 1362)<br \/>\n<strong>USTAWA O \u015aWIADCZENIACH PIENI\u0118\u017bNYCH Z UBEZPIECZENIA SPO\u0141ECZNEGO W RAZIE CHOROBY I MACIERZY\u0143STWA:<\/strong><br \/>\n19 marca 2025 r. \u2013 ustawa z 6 grudnia 2024 r. o zmianie ustawy \u2013 Kodeks pracy oraz niekt\u00f3rych innych ustaw (Dz.U. poz. 1871)<br \/>\n<strong>USTAWA O KSZTA\u0141TOWANIU WYNAGRODZE\u0143 W PA\u0143STWOWEJ SFERZE BUD\u017bETOWEJ:<\/strong><br \/>\n12 wrze\u015bnia 2024 r. \u2013 obwieszczenie Marsza\u0142ka Sejmu Rzeczypospolitej Polskiej z 23 lipca 2024 r. w sprawie og\u0142oszenia jednolitego tekstu ustawy o kszta\u0142towaniu wynagrodze\u0144 w pa\u0144stwowej sferze bud\u017cetowej oraz o zmianie niekt\u00f3rych ustaw (Dz.U. poz. 1356)<br \/>\n<strong>USTAWA O DODATKOWYM WYNAGRODZENIU ROCZNYM DLA PRACOWNIK\u00d3W JEDNOSTEK SFERY BUD\u017bETOWEJ:<\/strong><br \/>\n19 marca 2025 r. \u2013 ustawa z 6 grudnia 2024 r. o zmianie ustawy \u2013 Kodeks pracy oraz niekt\u00f3rych innych ustaw (Dz.U. poz. 1871)<br \/>\n<strong>USTAWA O DNIACH WOLNYCH OD PRACY:<\/strong><br \/>\n1 lutego 2025 r. \u2013 ustawa z 6 grudnia 2024 r. o zmianie ustawy o dniach wolnych od pracy oraz niekt\u00f3rych innych ustaw (Dz.U. poz. 1965)<br \/>\n<strong>USTAWA O SZCZEG\u00d3LNYCH ZASADACH ROZWI\u0104ZYWANIA Z PRACOWNIKAMI STOSUNK\u00d3W PRACY Z PRZYCZYN NIEDOTYCZ\u0104CYCH PRACOWNIK\u00d3W:<\/strong><br \/>\n19 marca 2025 r. \u2013 ustawa z 6 grudnia 2024 r. o zmianie ustawy \u2013 Kodeks pracy oraz niekt\u00f3rych innych ustaw (Dz.U. poz. 1871)<br \/>\n<strong>USTAWA O OCHRONIE ROSZCZE\u0143 PRACOWNICZYCH W RAZIE NIEWYP\u0141ACALNO\u015aCI PRACODAWCY:<\/strong><br \/>\n9 listopada 2024 r. \u2013 ustawa z 18 pa\u017adziernika 2024 r. o zmianie niekt\u00f3rych ustaw zwi\u0105zanych z udzielaniem pomocy de minimis (Dz.U. poz. 1635)<br \/>\n19 marca 2025 r. \u2013 ustawa z 6 grudnia 2024 r. o zmianie ustawy \u2013 Kodeks pracy oraz niekt\u00f3rych innych ustaw (Dz.U. poz. 1871)<br \/>\n<strong>USTAWA O REHABILITACJI ZAWODOWEJ I SPO\u0141ECZNEJ ORAZ ZATRUDNIANIU OS\u00d3B NIEPE\u0141NOSPRAWNYCH:<\/strong><br \/>\n1 lipca 2024 r., 1 stycznia 2025 r. \u2013 ustawa z 5 grudnia 2024 r. o zmianie ustawy o rehabilitacji zawodowej i spo\u0142ecznej oraz zatrudnianiu os\u00f3b niepe\u0142nosprawnych (Dz.U. poz. 1961)<br \/>\n30 wrze\u015bnia 2024 r. \u2013 ustawa z 25 wrze\u015bnia 2024 r. o zmianie ustawy o rehabilitacji zawodowej i spo\u0142ecznej oraz zatrudnianiu os\u00f3b niepe\u0142nosprawnych (Dz.U. poz. 1494)<br \/>\n1 pa\u017adziernika 2024 r. \u2013 ustawa z 15 maja 2024 r. o wspieraniu rodzic\u00f3w w aktywno\u015bci zawodowej oraz w wychowaniu dziecka \u2013 \u201eAktywny rodzic\u201d (Dz.U. poz. 858)<br \/>\nz dniem wdro\u017cenia rozwi\u0105za\u0144 technicznych \u2013 ustawa z 26 maja 2023 r. o aplikacji mObywatel (Dz.U. poz. 1234)<br \/>\nz dniem wdro\u017cenia rozwi\u0105za\u0144 technicznych \u2013 ustawa z 7 lipca 2023 r. o \u015bwiadczeniu wspieraj\u0105cym (Dz.U. poz. 1429)<br \/>\n<strong>USTAWA O PA\u0143STWOWEJ INSPEKCJI PRACY:<\/strong><br \/>\n22 listopada 2024 r. \u2013 obwieszczenie Marsza\u0142ka Sejmu Rzeczypospolitej Polskiej z 7 listopada 2024 r. w sprawie og\u0142oszenia jednolitego tekstu ustawy o Pa\u0144stwowej Inspekcji Pracy (Dz.U. poz. 1712)<br \/>\n<strong>USTAWA O ZAOPATRZENIU Z TYTU\u0141U WYPADK\u00d3W LUB CHOR\u00d3B ZAWODOWYCH POWSTA\u0141YCH W SZCZEG\u00d3LNYCH OKOLICZNO\u015aCIACH:<\/strong><br \/>\n1 stycznia 2025 r. \u2013 ustawa z 26 lipca 2024 r. o zmianie ustawy o emeryturach i rentach z Funduszu Ubezpiecze\u0144 Spo\u0142ecznych oraz niekt\u00f3rych innych ustaw (Dz.U. poz. 1243)<br \/>\n<strong>USTAWA O UBEZPIECZENIU SPO\u0141ECZNYM Z TYTU\u0141U WYPADK\u00d3W PRZY PRACY I CHOR\u00d3B ZAWODOWYCH:<\/strong><br \/>\n1 stycznia 2025 r. \u2013 ustawa z 26 lipca 2024 r. o zmianie ustawy o emeryturach i rentach z Funduszu Ubezpiecze\u0144 Spo\u0142ecznych oraz niekt\u00f3rych innych ustaw (Dz.U. poz. 1243)<br \/>\n<strong>USTAWA O KOSZTACH S\u0104DOWYCH W SPRAWACH CYWILNYCH:<\/strong><br \/>\n29 sierpnia 2024 r. \u2013 ustawa z 24 lipca 2024 r. o zmianie ustawy o dochodzeniu roszcze\u0144 w post\u0119powaniu grupowym oraz niekt\u00f3rych innych ustaw (Dz.U. poz. 1237)<\/p>\n<\/div>\n<div><\/div>\n<div><\/div>\n","protected":false},"excerpt":{"rendered":"<p>Wydawca:\u00a0Wolters Kluwer Oprawa:\u00a0Mi\u0119kka ze skrzyde\u0142kami Liczba stron:\u00a0916 Wydanie:\u00a041 Rok wydania:\u00a02025 [&hellip;]<\/p>\n","protected":false},"featured_media":20160,"template":"","meta":[],"product_brand":[],"product_cat":[7530,18,7550],"product_tag":[793,1882,2596],"class_list":{"0":"post-20159","1":"product","2":"type-product","3":"status-publish","4":"has-post-thumbnail","6":"product_cat-nowosci","7":"product_cat-prawo","8":"product_cat-prawo-pracy","9":"product_tag-prawo-pracy","10":"product_tag-seria-z-paragrafem","11":"product_tag-teksty-ustaw","13":"first","14":"instock","15":"sale","16":"shipping-taxable","17":"purchasable","18":"product-type-simple"},"_links":{"self":[{"href":"https:\/\/ksiegarnia-akademicka.pl\/index.php\/wp-json\/wp\/v2\/product\/20159","targetHints":{"allow":["GET"]}}],"collection":[{"href":"https:\/\/ksiegarnia-akademicka.pl\/index.php\/wp-json\/wp\/v2\/product"}],"about":[{"href":"https:\/\/ksiegarnia-akademicka.pl\/index.php\/wp-json\/wp\/v2\/types\/product"}],"wp:featuredmedia":[{"embeddable":true,"href":"https:\/\/ksiegarnia-akademicka.pl\/index.php\/wp-json\/wp\/v2\/media\/20160"}],"wp:attachment":[{"href":"https:\/\/ksiegarnia-akademicka.pl\/index.php\/wp-json\/wp\/v2\/media?parent=20159"}],"wp:term":[{"taxonomy":"product_brand","embeddable":true,"href":"https:\/\/ksiegarnia-akademicka.pl\/index.php\/wp-json\/wp\/v2\/product_brand?post=20159"},{"taxonomy":"product_cat","embeddable":true,"href":"https:\/\/ksiegarnia-akademicka.pl\/index.php\/wp-json\/wp\/v2\/product_cat?post=20159"},{"taxonomy":"product_tag","embeddable":true,"href":"https:\/\/ksiegarnia-akademicka.pl\/index.php\/wp-json\/wp\/v2\/product_tag?post=20159"}],"curies":[{"name":"wp","href":"https:\/\/api.w.org\/{rel}","templated":true}]}}