{"id":20154,"date":"2025-02-05T13:54:43","date_gmt":"2025-02-05T12:54:43","guid":{"rendered":"http:\/\/ksiegarnia-akademicka.pl\/?post_type=product&#038;p=20154"},"modified":"2025-11-17T12:05:21","modified_gmt":"2025-11-17T11:05:21","slug":"prawo-administracyjne-zbior-przepisow-kodeks-postepowania-administracyjnego-i-inne","status":"publish","type":"product","link":"https:\/\/ksiegarnia-akademicka.pl\/index.php\/product\/prawo-administracyjne-zbior-przepisow-kodeks-postepowania-administracyjnego-i-inne\/","title":{"rendered":"Prawo administracyjne Zbi\u00f3r przepis\u00f3w Kodeks post\u0119powania administracyjnego i inne"},"content":{"rendered":"<div class=\"grupa wydawca\"><span class=\"meta-head\">Wydawca:<\/span>\u00a0Wolters Kluwer<\/div>\n<div class=\"grupa dane\">\n<div>Oprawa:\u00a0<span class=\"meta-value-bold\">Mi\u0119kka<\/span><\/div>\n<div>Liczba stron:\u00a0<span class=\"meta-value-bold\">1072<\/span><\/div>\n<div>Wydanie:\u00a0<span class=\"meta-value-bold\">45<\/span><\/div>\n<div>Rok wydania:\u00a0<span class=\"meta-value-bold\">2025<\/span><\/div>\n<div>J\u0119zyk wydania:\u00a0<span class=\"meta-value-bold\">polski<\/span><\/div>\n<\/div>\n<div><\/div>\n<div>Stan prawny: 1 stycznia 2025 roku<\/p>\n<p>Praktyczny zbi\u00f3r najwa\u017cniejszych akt\u00f3w prawnych z zakresu prawa administracyjnego. Zawiera informacje o uwzgl\u0119dnionych zmianach. Zastosowany system oznaczania nowych przepis\u00f3w znacznie u\u0142atwia codzienn\u0105 prac\u0119 prawnika. Skorowidze do ustaw i tytuliki towarzysz\u0105ce poszczeg\u00f3lnym artyku\u0142om, przejrzysty uk\u0142ad, wygodny format, mi\u0119kka oprawa ze skrzyde\u0142kami mog\u0105cymi pos\u0142u\u017cy\u0107 za zak\u0142adki to dodatkowe atuty ksi\u0105\u017cki.<\/p>\n<p>Ordynacja podatkowa<\/p>\n<p>20 listopada 2024 r.; 1 stycznia 2025 r. \u2013 ustawa z 6 listopada 2024 r. o opodatkowaniu wyr\u00f3wnawczym jednostek sk\u0142adowych grup mi\u0119dzynarodowych i krajowych (Dz.U. poz. 1685)<br \/>\n12 grudnia 2024 r. \u2013 ustawa z 27 listopada 2024 r. o zmianie ustawy o \u015brodkach nadzwyczajnych maj\u0105cych na celu ograniczenie wysoko\u015bci cen energii elektrycznej oraz wsparciu niekt\u00f3rych odbiorc\u00f3w w 2023 roku oraz w 2024 roku oraz niekt\u00f3rych innych ustaw (Dz.U. poz. 1831)<br \/>\n1 stycznia 2025 r. \u2013 obwieszczenie Ministra Finans\u00f3w z 7 sierpnia 2024 r. w sprawie wysoko\u015bci kwoty wymienionej w art. 262 \u00a7 1 ustawy \u2013 Ordynacja podatkowa na rok 2025 (M.P. poz. 744)<br \/>\n1 stycznia 2025 r. \u2013 obwieszczenie Ministra Finans\u00f3w z 7 sierpnia 2024 r. w sprawie wysoko\u015bci kwoty wymienionej w art. 41 \u00a7 1 ustawy \u2013 Ordynacja podatkowa na rok 2025 (M.P. poz. 745)<br \/>\n1 lutego 2026 r. \u2013 ustawa z 6 czerwca 2023 r. o zmianie ustawy o podatku od towar\u00f3w i us\u0142ug oraz niekt\u00f3rych innych ustaw (Dz.U. poz. 1598)<\/p>\n<p>POST\u0118POWANIE EGZEKUCYJNE W ADMINISTRACJI:<\/p>\n<p>1 pa\u017adziernika 2024 r. \u2013 ustawa z 15 maja 2024 r. o wspieraniu rodzic\u00f3w w aktywno\u015bci zawodowej oraz w wychowaniu dziecka \u2013 \u201eAktywny rodzic\u201d (Dz.U. poz. 858)<\/p>\n<p>5 pa\u017adziernika 2024 r. \u2013 ustawa z 1 pa\u017adziernika 2024 r. o zmianie ustawy o szczeg\u00f3lnych rozwi\u0105zaniach zwi\u0105zanych z usuwaniem skutk\u00f3w powodzi oraz niekt\u00f3rych innych ustaw (Dz.U. poz. 1473)<br \/>\n25 pa\u017adziernika 2024 r. \u2013 ustawa z 1 pa\u017adziernika 2024 r. o dochodach jednostek samorz\u0105du terytorialnego (Dz.U. poz. 1572)<br \/>\n10 listopada 2024 r. \u2013 ustawa z 12 lipca 2024 r. \u2013 Przepisy wprowadzaj\u0105ce ustaw\u0119 \u2013 Prawo komunikacji elektronicznej (Dz.U. poz. 1222)<br \/>\n1 stycznia 2025 r. \u2013 ustawa z 27 wrze\u015bnia 2024 r. o zmianie ustawy o rencie socjalnej oraz niekt\u00f3rych innych ustaw (Dz.U. poz. 1615)<br \/>\n1 stycznia 2025 r. \u2013 ustawa z 5 grudnia 2024 r. o zmianie ustawy o Funduszu Ochrony Rolnictwa oraz niekt\u00f3rych innych ustaw (druk sejmowy nr 842; oczekuje na podpis Prezydenta RP)<\/p>\n<p>PRAWO O USTROJU S\u0104D\u00d3W ADMINISTRACYJNYCH<\/p>\n<p>21 sierpnia 2024 r. \u2013 obwieszczenie Marsza\u0142ka Sejmu Rzeczypospolitej Polskiej z 19 sierpnia 2024 r. w sprawie og\u0142oszenia jednolitego tekstu ustawy \u2013 Prawo o ustroju s\u0105d\u00f3w administracyjnych (Dz.U. poz. 1267)<\/p>\n<p>PRAWO O POST\u0118POWANIU PRZED S\u0104DAMI ADMINISTRACYJNYMI<\/p>\n<p>1 stycznia 2025 r. \u2013 ustawa z 6 listopada 2024 r. o opodatkowaniu wyr\u00f3wnawczym jednostek sk\u0142adowych grup mi\u0119dzynarodowych i krajowych (Dz.U. poz. 1685)<br \/>\n1 pa\u017adziernika 2029 r. \u2013 ustawa z 18 listopada 2020 r. o dor\u0119czeniach elektronicznych (Dz.U. z 2024 r. poz. 1045)<br \/>\n1 pa\u017adziernika 2029 r. \u2013 ustawa z 7 lipca 2023 r. o zmianie ustawy \u2013 Kodeks post\u0119powania cywilnego, ustawy \u2013 Prawo o ustroju s\u0105d\u00f3w powszechnych, ustawy \u2013 Kodeks post\u0119powania karnego oraz niekt\u00f3rych innych ustaw (Dz.U. poz. 1860)<\/p><\/div>\n","protected":false},"excerpt":{"rendered":"<p>Wydawca:\u00a0Wolters Kluwer Oprawa:\u00a0Mi\u0119kka Liczba stron:\u00a01072 Wydanie:\u00a045 Rok wydania:\u00a02025 J\u0119zyk wydania:\u00a0polski [&hellip;]<\/p>\n","protected":false},"featured_media":20155,"template":"","meta":[],"product_brand":[],"product_cat":[7492,7530,18],"product_tag":[485,1882,2596],"class_list":{"0":"post-20154","1":"product","2":"type-product","3":"status-publish","4":"has-post-thumbnail","6":"product_cat-administracyjne","7":"product_cat-nowosci","8":"product_cat-prawo","9":"product_tag-prawo-administracyjne","10":"product_tag-seria-z-paragrafem","11":"product_tag-teksty-ustaw","13":"first","14":"instock","15":"sale","16":"shipping-taxable","17":"purchasable","18":"product-type-simple"},"_links":{"self":[{"href":"https:\/\/ksiegarnia-akademicka.pl\/index.php\/wp-json\/wp\/v2\/product\/20154","targetHints":{"allow":["GET"]}}],"collection":[{"href":"https:\/\/ksiegarnia-akademicka.pl\/index.php\/wp-json\/wp\/v2\/product"}],"about":[{"href":"https:\/\/ksiegarnia-akademicka.pl\/index.php\/wp-json\/wp\/v2\/types\/product"}],"wp:featuredmedia":[{"embeddable":true,"href":"https:\/\/ksiegarnia-akademicka.pl\/index.php\/wp-json\/wp\/v2\/media\/20155"}],"wp:attachment":[{"href":"https:\/\/ksiegarnia-akademicka.pl\/index.php\/wp-json\/wp\/v2\/media?parent=20154"}],"wp:term":[{"taxonomy":"product_brand","embeddable":true,"href":"https:\/\/ksiegarnia-akademicka.pl\/index.php\/wp-json\/wp\/v2\/product_brand?post=20154"},{"taxonomy":"product_cat","embeddable":true,"href":"https:\/\/ksiegarnia-akademicka.pl\/index.php\/wp-json\/wp\/v2\/product_cat?post=20154"},{"taxonomy":"product_tag","embeddable":true,"href":"https:\/\/ksiegarnia-akademicka.pl\/index.php\/wp-json\/wp\/v2\/product_tag?post=20154"}],"curies":[{"name":"wp","href":"https:\/\/api.w.org\/{rel}","templated":true}]}}