{"id":20141,"date":"2025-02-05T13:37:17","date_gmt":"2025-02-05T12:37:17","guid":{"rendered":"http:\/\/ksiegarnia-akademicka.pl\/?post_type=product&#038;p=20141"},"modified":"2025-02-05T13:37:17","modified_gmt":"2025-02-05T12:37:17","slug":"analiza-chodu-whittle","status":"publish","type":"product","link":"https:\/\/ksiegarnia-akademicka.pl\/index.php\/product\/analiza-chodu-whittle\/","title":{"rendered":"Analiza chodu Whittle"},"content":{"rendered":"<div class=\"grupa osoby\"><span class=\"meta-head\">Autor:<\/span><\/p>\n<ul>\n<li class=\"meta-value\">M.H. Whittle<\/li>\n<\/ul>\n<\/div>\n<div class=\"grupa osoby\"><span class=\"meta-head-blue\">Redakcja:<\/span>\u00a0<span class=\"meta-value\">Gnat R.<\/span><\/div>\n<div class=\"grupa osoby\"><span class=\"meta-head-blue\">Ilustracje:<\/span>\u00a0<span class=\"meta-value\">Urban &amp; Partner sp. z o.o.<\/span><\/div>\n<div class=\"grupa wydawca\"><span class=\"meta-head\">Wydawca:<\/span>\u00a0Edra Urban &amp; Partner<\/div>\n<div class=\"grupa dane\">\n<div>Oprawa:\u00a0<span class=\"meta-value-bold\">Mi\u0119kka<\/span><\/div>\n<div>Format:\u00a0<span class=\"meta-value-bold\">19.0&#215;23.5cm<\/span><\/div>\n<div>Liczba stron:\u00a0<span class=\"meta-value-bold\">224<\/span><\/div>\n<div>Wydanie:\u00a0<span class=\"meta-value-bold\">6<\/span><\/div>\n<div>Rok wydania:\u00a0<span class=\"meta-value-bold\">2025<\/span><\/div>\n<div>J\u0119zyk wydania:\u00a0<span class=\"meta-value-bold\">polski<\/span><\/div>\n<\/div>\n<div><\/div>\n<div>Nowe laboratoria analizy chodu powstaj\u0105 w Polsce coraz cz\u0119\u015bciej. Zyskujemy dost\u0119p do nowych technik pomiarowych i analitycznych. Z us\u0142ug takich o\u015brodk\u00f3w korzystaj\u0105 coraz szersze rzesze pacjent\u00f3w z r\u00f3\u017cnego rodzaju problemami. Coraz wi\u0119cej os\u00f3b odczuwa potrzeb\u0119 przyswojenia sobie podstawowej wiedzy z zakresu analizy chodu, gdy\u017c okazuje si\u0119 ona niezb\u0119dna do g\u0142\u0119bszego zrozumienia stanu pacjent\u00f3w, kondycji w\u0142asnej lub te\u017c najbli\u017cszych (cz\u0119sto starszych rodzic\u00f3w lub dorastaj\u0105cych dzieci). Whittle. Analiza chodu to najw\u0142a\u015bciwsza pomoc dla zaspokojenia tych potrzeb, kt\u00f3rej warto\u015bci nie mo\u017cna przeceni\u0107.<\/p>\n<p>Aktualna edycja zosta\u0142a znacz\u0105co \u201eodchudzona\u201d. Wyeliminowano z niej ca\u0142y zas\u00f3b informacji, kt\u00f3re de facto nie s\u0105 niezb\u0119dne dla zrozumienia og\u00f3lnego przekazu, a raczej stanowi\u0107 mog\u0142y przedmiot dla intelektualnej rozrywki specjalist\u00f3w. Ksi\u0105\u017ck\u0119 teraz po prostu \u0142atwiej si\u0119 czyta. Wnikliwi odbiorcy nie zostali jednak ca\u0142kowicie pozbawieni szczeg\u00f3\u0142\u00f3w, ale przesuni\u0119to je do \u017ar\u00f3de\u0142 internetowych. Wszelkie tre\u015bci wyst\u0119puj\u0105ce w wydaniu pi\u0105tym (polskim pierwszym), a usuni\u0119te z sz\u00f3stego (polskiego drugiego) s\u0105 tam dost\u0119pne. Ciekawym dodatkiem jest te\u017c ostatni rozdzia\u0142 dotycz\u0105cy analizy biegu. Obok Anatomii funkcjonalnej autorstwa A.I. Kapandji jest to prawdopodobnie drugi polskoj\u0119zyczny tekst dostarczaj\u0105cy informacji na temat charakterystyk biegania, jednak w por\u00f3wnaniu z pierwsz\u0105 z wymienionych pozycji znacznie bardziej rozbudowany i, rzec mo\u017cna, bardziej naukowy.<\/p>\n<p>Redaktor wydania polskiegoRafa\u0142 Gnat<\/p>\n<p>Post\u0119p w dziedzinie rejestracji i interpretacji danych po\u0142\u0105czony ze zmniejszaj\u0105cym si\u0119 kosztem specjalistycznych urz\u0105dze\u0144 oraz zakresem umiej\u0119tno\u015bci niezb\u0119dnych do ich obs\u0142ugi spowodowa\u0142y znaczny progres w zakresie analizy chodu od czas\u00f3w pi\u0105tego wydania prezentowanej ksi\u0105\u017cki. W niniejszej edycji przedstawiono aktualne kierunki zastosowania tej\u017ce analizy wraz z licznymi wskaz\u00f3wkami dotycz\u0105cymi adaptowania jej do potrzeb jak najliczniejszej rzeszy pacjent\u00f3w. Przedstawione zosta\u0142y r\u00f3wnie\u017c przyk\u0142ady nowych i ci\u0105gle ewoluuj\u0105cych technik pomiarowych, kt\u00f3re w przysz\u0142o\u015bci z pewno\u015bci\u0105 przynios\u0105 dalsze post\u0119py w zakresie zrozumienia kompleksowo\u015bci ruchu ludzkiego cia\u0142a. Ksi\u0105\u017cka kierowana jest do lekarzy, fizjoterapeut\u00f3w, specjalist\u00f3w protetyki i ortotyki, specjalist\u00f3w rehabilitacji sportowej, podiatr\u00f3w oraz wszystkich os\u00f3b zainteresowanych analiz\u0105 chodu cz\u0142owieka.<\/p><\/div>\n","protected":false},"excerpt":{"rendered":"<p>Autor: M.H. Whittle Redakcja:\u00a0Gnat R. Ilustracje:\u00a0Urban &amp; Partner sp. z [&hellip;]<\/p>\n","protected":false},"featured_media":20142,"template":"","meta":[],"product_brand":[],"product_cat":[8277,7493,7530,8309],"product_tag":[1498,4853],"class_list":{"0":"post-20141","1":"product","2":"type-product","3":"status-publish","4":"has-post-thumbnail","6":"product_cat-fizjoterapia","7":"product_cat-medycyna","8":"product_cat-nowosci","9":"product_cat-ortopedia","10":"product_tag-fizjoterapia","11":"product_tag-ortopedia","13":"first","14":"instock","15":"sale","16":"shipping-taxable","17":"purchasable","18":"product-type-simple"},"_links":{"self":[{"href":"https:\/\/ksiegarnia-akademicka.pl\/index.php\/wp-json\/wp\/v2\/product\/20141","targetHints":{"allow":["GET"]}}],"collection":[{"href":"https:\/\/ksiegarnia-akademicka.pl\/index.php\/wp-json\/wp\/v2\/product"}],"about":[{"href":"https:\/\/ksiegarnia-akademicka.pl\/index.php\/wp-json\/wp\/v2\/types\/product"}],"wp:featuredmedia":[{"embeddable":true,"href":"https:\/\/ksiegarnia-akademicka.pl\/index.php\/wp-json\/wp\/v2\/media\/20142"}],"wp:attachment":[{"href":"https:\/\/ksiegarnia-akademicka.pl\/index.php\/wp-json\/wp\/v2\/media?parent=20141"}],"wp:term":[{"taxonomy":"product_brand","embeddable":true,"href":"https:\/\/ksiegarnia-akademicka.pl\/index.php\/wp-json\/wp\/v2\/product_brand?post=20141"},{"taxonomy":"product_cat","embeddable":true,"href":"https:\/\/ksiegarnia-akademicka.pl\/index.php\/wp-json\/wp\/v2\/product_cat?post=20141"},{"taxonomy":"product_tag","embeddable":true,"href":"https:\/\/ksiegarnia-akademicka.pl\/index.php\/wp-json\/wp\/v2\/product_tag?post=20141"}],"curies":[{"name":"wp","href":"https:\/\/api.w.org\/{rel}","templated":true}]}}