{"id":20135,"date":"2025-02-05T09:48:08","date_gmt":"2025-02-05T08:48:08","guid":{"rendered":"http:\/\/ksiegarnia-akademicka.pl\/?post_type=product&#038;p=20135"},"modified":"2025-02-05T09:48:09","modified_gmt":"2025-02-05T08:48:09","slug":"anatomia-czlowieka-1500-pytan-testowych","status":"publish","type":"product","link":"https:\/\/ksiegarnia-akademicka.pl\/index.php\/product\/anatomia-czlowieka-1500-pytan-testowych\/","title":{"rendered":"Anatomia cz\u0142owieka 1500 pyta\u0144 testowych"},"content":{"rendered":"<div class=\"grupa osoby\"><span class=\"meta-head\">Autor:<\/span><\/p>\n<ul>\n<li class=\"meta-value\">Florian (red.) Czerwi\u0144ski<\/li>\n<\/ul>\n<\/div>\n<div class=\"grupa osoby\"><span class=\"meta-head-blue\">Redakcja:<\/span>\u00a0<span class=\"meta-value\">Czerwi\u0144ski Florian<\/span><\/div>\n<div class=\"grupa wydawca\"><span class=\"meta-head\">Wydawca:<\/span>\u00a0PZWL<\/div>\n<div class=\"grupa dane\">\n<div>Oprawa:\u00a0<span class=\"meta-value-bold\">Mi\u0119kka<\/span><\/div>\n<div>Format:\u00a0<span class=\"meta-value-bold\">15.0&#215;21.0cm<\/span><\/div>\n<div>Liczba stron:\u00a0<span class=\"meta-value-bold\">384<\/span><\/div>\n<div>Wydanie:\u00a0<span class=\"meta-value-bold\">1<\/span><\/div>\n<div>Rok wydania:\u00a0<span class=\"meta-value-bold\">2008<\/span><\/div>\n<div>J\u0119zyk wydania:\u00a0<span class=\"meta-value-bold\">polski<\/span><\/div>\n<\/div>\n<div><\/div>\n<div>Ksi\u0105\u017cka zawiera 1500 pyta\u0144 wielokrotnego wyboru, o r\u00f3\u017cnym stopniu trudno\u015bci, z zakresu anatomii prawid\u0142owej, podzielonych na dwie cz\u0119\u015bci. Pierwsza cz\u0119\u015b\u0107 dotyczy poszczeg\u00f3lnych uk\u0142ad\u00f3w, druga za\u015b &#8211; wybranych okolic typograficznych. Podzia\u0142 taki ma umo\u017cliwi\u0107 wykorzystanie podr\u0119cznika do kontroli nowopoznanego materia\u0142u i powt\u00f3rzenia ca\u0142o\u015bci. Na ko\u0144cu podr\u0119cznika zamieszczono klucz z prawid\u0142owymi odpowiedziami.<br \/>\nWszystkie pytania zosta\u0142y opracowane na podstawie dw\u00f3ch podr\u0119cznik\u00f3w anatomii: \u201eAnatomii cz\u0142owieka\u201d Adama Bochenka i Micha\u0142a Reichera oraz \u201eZarysu anatomii cz\u0142owieka\u201d Adama Krechowieckiego i Floriana Czerwi\u0144skiego.<br \/>\nG\u0142\u00f3wnymi adresatami s\u0105 studenci pierwszego roku wydzia\u0142\u00f3w lekarskich i<br \/>\nlekarsko-dentystycznych akademii medycznych. Ksi\u0105\u017cka b\u0119dzie r\u00f3wnie\u017c przydatna lekarzom przygotowuj\u0105cym si\u0119 do LEP-u i egzamin\u00f3w specjalizacyjnych, studentom wydzia\u0142\u00f3w piel\u0119gniarstwa i rehabilitacji oraz wychowania fizycznego.<\/div>\n","protected":false},"excerpt":{"rendered":"<p>Autor: Florian (red.) Czerwi\u0144ski Redakcja:\u00a0Czerwi\u0144ski Florian Wydawca:\u00a0PZWL Oprawa:\u00a0Mi\u0119kka Format:\u00a015.0&#215;21.0cm Liczba [&hellip;]<\/p>\n","protected":false},"featured_media":20136,"template":"","meta":[],"product_brand":[],"product_cat":[7963,7493],"product_tag":[4852,7457],"class_list":{"0":"post-20135","1":"product","2":"type-product","3":"status-publish","4":"has-post-thumbnail","6":"product_cat-anatomia","7":"product_cat-medycyna","8":"product_tag-anatomia","9":"product_tag-pytania-testowe","11":"first","12":"instock","13":"sale","14":"shipping-taxable","15":"purchasable","16":"product-type-simple"},"_links":{"self":[{"href":"https:\/\/ksiegarnia-akademicka.pl\/index.php\/wp-json\/wp\/v2\/product\/20135","targetHints":{"allow":["GET"]}}],"collection":[{"href":"https:\/\/ksiegarnia-akademicka.pl\/index.php\/wp-json\/wp\/v2\/product"}],"about":[{"href":"https:\/\/ksiegarnia-akademicka.pl\/index.php\/wp-json\/wp\/v2\/types\/product"}],"wp:featuredmedia":[{"embeddable":true,"href":"https:\/\/ksiegarnia-akademicka.pl\/index.php\/wp-json\/wp\/v2\/media\/20136"}],"wp:attachment":[{"href":"https:\/\/ksiegarnia-akademicka.pl\/index.php\/wp-json\/wp\/v2\/media?parent=20135"}],"wp:term":[{"taxonomy":"product_brand","embeddable":true,"href":"https:\/\/ksiegarnia-akademicka.pl\/index.php\/wp-json\/wp\/v2\/product_brand?post=20135"},{"taxonomy":"product_cat","embeddable":true,"href":"https:\/\/ksiegarnia-akademicka.pl\/index.php\/wp-json\/wp\/v2\/product_cat?post=20135"},{"taxonomy":"product_tag","embeddable":true,"href":"https:\/\/ksiegarnia-akademicka.pl\/index.php\/wp-json\/wp\/v2\/product_tag?post=20135"}],"curies":[{"name":"wp","href":"https:\/\/api.w.org\/{rel}","templated":true}]}}