{"id":20133,"date":"2025-02-05T09:46:28","date_gmt":"2025-02-05T08:46:28","guid":{"rendered":"http:\/\/ksiegarnia-akademicka.pl\/?post_type=product&#038;p=20133"},"modified":"2025-11-03T09:06:04","modified_gmt":"2025-11-03T08:06:04","slug":"podstawy-pielegniarstwa-tom-1-2","status":"publish","type":"product","link":"https:\/\/ksiegarnia-akademicka.pl\/index.php\/product\/podstawy-pielegniarstwa-tom-1-2\/","title":{"rendered":"Podstawy piel\u0119gniarstwa Tom 1-2"},"content":{"rendered":"<div class=\"grupa osoby\"><span class=\"meta-head\">Autor:<\/span><\/p>\n<ul>\n<li class=\"meta-value\">Barbara \u015alusarska<\/li>\n<li class=\"meta-value\">Danuta Zarzycka<\/li>\n<\/ul>\n<\/div>\n<div class=\"grupa wydawca\"><span class=\"meta-head\">Wydawca:<\/span>\u00a0PZWL<\/div>\n<div class=\"grupa dane\">\n<div>Oprawa:\u00a0<span class=\"meta-value-bold\">Mi\u0119kka<\/span><\/div>\n<div>Format:\u00a0<span class=\"meta-value-bold\">16.5&#215;23.5cm<\/span><\/div>\n<div>Liczba stron:\u00a0<span class=\"meta-value-bold\">2100<\/span><\/div>\n<div>Wydanie:\u00a0<span class=\"meta-value-bold\">1<\/span><\/div>\n<div>Rok wydania:\u00a0<span class=\"meta-value-bold\">2024<\/span><\/div>\n<div>J\u0119zyk wydania:\u00a0<span class=\"meta-value-bold\">polski<\/span><\/div>\n<\/div>\n<div><\/div>\n<div>Nowoczesna publikacja niezb\u0119dna na ka\u017cdym etapie kszta\u0142cenia piel\u0119gniarek. Ksi\u0105\u017cka przygotowana przez zesp\u00f3\u0142 Autor\u00f3w wywodz\u0105cych si\u0119 z r\u00f3\u017cnych \u015brodowisk akademickich. W tomie I om\u00f3wiono m.in. teorie piel\u0119gniarstwa, podstawowe koncepcje piel\u0119gniarstwa, podstawy koncepcyjne praktyki piel\u0119gniarskiej, podstawowe role w opiece piel\u0119gniarskiej, zakres i charakter opieki piel\u0119gniarskiej w wybranych stanach pacjenta, planowanie opieki piel\u0119gniarskiej opartej na dowodach naukowych w wybranych diagnozach piel\u0119gniarskich. Ka\u017cdy rozdzia\u0142 ko\u0144czy zestaw pyta\u0144, natomiast na ko\u0144cu poszczeg\u00f3lnych cz\u0119\u015bci zamieszczono pytania testowe.<\/div>\n","protected":false},"excerpt":{"rendered":"<p>Autor: Barbara \u015alusarska Danuta Zarzycka Wydawca:\u00a0PZWL Oprawa:\u00a0Mi\u0119kka Format:\u00a016.5&#215;23.5cm Liczba stron:\u00a02100 [&hellip;]<\/p>\n","protected":false},"featured_media":20134,"template":"","meta":[],"product_brand":[],"product_cat":[7493,7965],"product_tag":[4645,6296],"class_list":{"0":"post-20133","1":"product","2":"type-product","3":"status-publish","4":"has-post-thumbnail","6":"product_cat-medycyna","7":"product_cat-pielegniarstwo","8":"product_tag-pielegniarstwo","9":"product_tag-podstawy-pielegniarstwa","11":"first","12":"outofstock","13":"sale","14":"shipping-taxable","15":"purchasable","16":"product-type-simple"},"_links":{"self":[{"href":"https:\/\/ksiegarnia-akademicka.pl\/index.php\/wp-json\/wp\/v2\/product\/20133","targetHints":{"allow":["GET"]}}],"collection":[{"href":"https:\/\/ksiegarnia-akademicka.pl\/index.php\/wp-json\/wp\/v2\/product"}],"about":[{"href":"https:\/\/ksiegarnia-akademicka.pl\/index.php\/wp-json\/wp\/v2\/types\/product"}],"wp:featuredmedia":[{"embeddable":true,"href":"https:\/\/ksiegarnia-akademicka.pl\/index.php\/wp-json\/wp\/v2\/media\/20134"}],"wp:attachment":[{"href":"https:\/\/ksiegarnia-akademicka.pl\/index.php\/wp-json\/wp\/v2\/media?parent=20133"}],"wp:term":[{"taxonomy":"product_brand","embeddable":true,"href":"https:\/\/ksiegarnia-akademicka.pl\/index.php\/wp-json\/wp\/v2\/product_brand?post=20133"},{"taxonomy":"product_cat","embeddable":true,"href":"https:\/\/ksiegarnia-akademicka.pl\/index.php\/wp-json\/wp\/v2\/product_cat?post=20133"},{"taxonomy":"product_tag","embeddable":true,"href":"https:\/\/ksiegarnia-akademicka.pl\/index.php\/wp-json\/wp\/v2\/product_tag?post=20133"}],"curies":[{"name":"wp","href":"https:\/\/api.w.org\/{rel}","templated":true}]}}