{"id":20126,"date":"2025-02-03T10:03:41","date_gmt":"2025-02-03T09:03:41","guid":{"rendered":"http:\/\/ksiegarnia-akademicka.pl\/?post_type=product&#038;p=20126"},"modified":"2025-02-03T10:03:42","modified_gmt":"2025-02-03T09:03:42","slug":"podatki-2025-z-aktualizacja-online","status":"publish","type":"product","link":"https:\/\/ksiegarnia-akademicka.pl\/index.php\/product\/podatki-2025-z-aktualizacja-online\/","title":{"rendered":"Podatki 2025 z aktualizacj\u0105 online"},"content":{"rendered":"<div class=\"grupa seria\"><span class=\"meta-head-blue\">Nale\u017cy do serii:<\/span><\/p>\n<ul>\n<li>TEKSTY USTAW BECKA<\/li>\n<\/ul>\n<\/div>\n<div class=\"grupa osoby\"><span class=\"meta-head-blue\">Redakcja:<\/span>\u00a0<span class=\"meta-value\">Flisek Aneta<\/span><\/div>\n<div class=\"grupa wydawca\"><span class=\"meta-head\">Wydawca:<\/span>\u00a0C.H. Beck<\/div>\n<div class=\"grupa dane\">\n<div>Oprawa:\u00a0<span class=\"meta-value-bold\">Zintegrowana<\/span><\/div>\n<div>Format:\u00a0<span class=\"meta-value-bold\">21.0&#215;29.5cm<\/span><\/div>\n<div>Liczba stron:\u00a0<span class=\"meta-value-bold\">1240<\/span><\/div>\n<div>Wydanie:\u00a0<span class=\"meta-value-bold\">1<\/span><\/div>\n<div>Rok wydania:\u00a0<span class=\"meta-value-bold\">2025<\/span><\/div>\n<div>J\u0119zyk wydania:\u00a0<span class=\"meta-value-bold\">polski<\/span><\/div>\n<\/div>\n<div><\/div>\n<div>\n<p><strong>Kompleksowy zbi\u00f3r ponad 60 podatkowych akt\u00f3w prawnych.<\/strong><\/p>\n<p><strong>Stan prawny: 1 stycznia 2025 r. z aktualizacj\u0105 online do 31.12.2025 r.<\/strong><\/p>\n<p>Zbi\u00f3r uwzgl\u0119dnia zmiany wchodz\u0105ce w \u017cycie:<\/p>\n<p>Ordynacja podatkowa:<\/p>\n<ul>\n<li><strong>20.11.2024 r.<\/strong>\u00a0\u2013 Ustawa o opodatkowaniu wyr\u00f3wnawczym jednostek sk\u0142adowych grup mi\u0119dzynarodowych i krajowych z dnia 6 listopada 2024 r. (Dz.U. z 2024 r. poz. 1685),<\/li>\n<li><strong>12.12.2024 r.<\/strong>\u00a0\u2013 Ustawa o zmianie ustawy o \u015brodkach nadzwyczajnych maj\u0105cych na celu ograniczenie wysoko\u015bci cen energii elektrycznej oraz wsparciu niekt\u00f3rych odbiorc\u00f3w w 2023 roku oraz w 2024 roku oraz niekt\u00f3rych innych ustaw z dnia 27 listopada 2024 r. (Dz.U. z 2024 r. poz. 1831),<\/li>\n<li><strong>1.1.2025 r.<\/strong>\u00a0\u2013 Ustawa o opodatkowaniu wyr\u00f3wnawczym jednostek sk\u0142adowych grup mi\u0119dzynarodowych i krajowych z dnia 6 listopada 2024 r. (Dz.U. z 2024 r. poz. 1685),<\/li>\n<li><strong>1.2.2026 r.<\/strong>\u00a0\u2013 Ustawa o zmianie ustawy o podatku od towar\u00f3w i us\u0142ug oraz niekt\u00f3rych innych ustaw z dnia 16 czerwca 2023 r. (Dz.U. z 2023 r. poz. 1598).<\/li>\n<\/ul>\n<p>Rozporz\u0105dzenie Ministra Finans\u00f3w w sprawie informacji podatkowych:<\/p>\n<ul>\n<li><strong>Nowy tekst jednolity z dnia 19 wrze\u015bnia 2024 r.<\/strong>\u00a0(Dz.U. z 2024 r. poz. 1452).<\/li>\n<\/ul>\n<p>Rozporz\u0105dzenie Ministra Finans\u00f3w w sprawie w\u0142a\u015bciwo\u015bci organ\u00f3w podatkowych:<\/p>\n<ul>\n<li><strong>1.1.2025 r.<\/strong>\u00a0\u2013 Rozporz\u0105dzenie Ministra Finans\u00f3w zmieniaj\u0105ce rozporz\u0105dzenie w sprawie w\u0142a\u015bciwo\u015bci organ\u00f3w podatkowych z dnia 18 grudnia 2024 r. (Dz.U. z 2024 r. poz. 1894).<\/li>\n<\/ul>\n<p>Ustawa o zasadach ewidencji i identyfikacji podatnik\u00f3w i p\u0142atnik\u00f3w:<\/p>\n<ul>\n<li><strong>1.1.2025 r.<\/strong>\u00a0\u2013 Ustawa o zmianie ustawy o podatku od towar\u00f3w i us\u0142ug oraz niekt\u00f3rych innych ustaw z dnia 8 listopada 2024 r. (Dz.U. z 2024 r. poz. 1721).<\/li>\n<\/ul>\n<p>Ustawa o podatku dochodowym od os\u00f3b prawnych:<\/p>\n<ul>\n<li><strong>10.11.2024 r.<\/strong>\u00a0\u2013 Przepisy wprowadzaj\u0105ce ustaw\u0119 \u2013 Prawo komunikacji elektronicznej z dnia 12 lipca 2024 r. (Dz.U. z 2024 r. poz. 1222),<\/li>\n<li><strong>12.11.2024 r.<\/strong>\u00a0\u2013 Ustawa o zmianie niekt\u00f3rych ustaw w celu wsparcia przedsi\u0119biorc\u00f3w zatrudniaj\u0105cych \u017co\u0142nierzy Obrony Terytorialnej lub \u017co\u0142nierzy Aktywnej Rezerwy z dnia 1 pa\u017adziernika 2024 r. (Dz.U. z 2024 r. poz. 1585),<\/li>\n<li><strong>26.11.2024 r.<\/strong>\u00a0\u2013 Ustawa o zmianie ustawy o szczeg\u00f3lnych rozwi\u0105zaniach zwi\u0105zanych z usuwaniem skutk\u00f3w powodzi oraz niekt\u00f3rych innych ustaw z dnia 21 listopada 2024 r. (Dz.U. z 2024 r. poz. 1717),<\/li>\n<li><strong>1.1.2025 r.<\/strong>\u00a0\u2013 Ustawa o zmianie ustawy o podatku dochodowym od os\u00f3b fizycznych, ustawy o podatku dochodowym od os\u00f3b prawnych oraz niekt\u00f3rych innych ustaw z dnia 29 pa\u017adziernika 2021 r. (Dz.U. z 2021 r. poz. 2105 ze zm.),<\/li>\n<li><strong>1.1.2025 r.<\/strong>\u00a0\u2013 Ustawa o dochodach jednostek samorz\u0105du terytorialnego z dnia 1 pa\u017adziernika 2024 r. (Dz.U. z 2024 r. poz. 1572),<\/li>\n<li><strong>1.1.2025 r.<\/strong>\u00a0\u2013 Ustawa o opodatkowaniu wyr\u00f3wnawczym jednostek sk\u0142adowych grup mi\u0119dzynarodowych i krajowych z dnia 6 listopada 2024 r. (Dz.U. z 2024 r. poz. 1685),<\/li>\n<li><strong>1.1.2026 r.<\/strong>\u00a0\u2013 Ustawa o zmianie ustawy o elektromobilno\u015bci i paliwach alternatywnych oraz niekt\u00f3rych innych ustaw z dnia 2 grudnia 2021 r. (Dz.U. z 2021 r. poz. 2269).<\/li>\n<\/ul>\n<p>Ustawa o podatku dochodowym od os\u00f3b fizycznych:<\/p>\n<ul>\n<li><strong>1.10.2024 r.<\/strong>\u00a0\u2013 Ustawa o wspieraniu rodzic\u00f3w w aktywno\u015bci zawodowej oraz w wychowaniu dziecka \u2013&#8221;Aktywny rodzic&#8221; z dnia 15 maja 2024 r. (Dz.U. z 2024 r. poz. 858),<\/li>\n<li><strong>30.10.2024 r.<\/strong>\u00a0\u2013 Ustawa o zmianie ustawy o podatku dochodowym od os\u00f3b fizycznych oraz niekt\u00f3rych innych ustaw z dnia 27 wrze\u015bnia 2024 r. (Dz.U. z 2024 r. poz. 1593),<\/li>\n<li><strong>1.11.2024 r.<\/strong>\u00a0\u2013 Ustawa o zmianie ustawy o systemie ubezpiecze\u0144 spo\u0142ecznych oraz niekt\u00f3rych innych ustaw z dnia 9 maja 2024 r. (Dz.U. z 2024 r. poz. 863),<\/li>\n<li><strong>9.11.2024 r.<\/strong>\u00a0\u2013 Ustawa o zmianie niekt\u00f3rych ustaw zwi\u0105zanych z udzielaniem pomocy\u00a0<em>de minimis<\/em>\u00a0z dnia 18 pa\u017adziernika 2024 r. (Dz.U. z 2024 r. poz. 1635),<\/li>\n<li><strong>12.11.2024 r.<\/strong>\u00a0\u2013 Ustawa o zmianie niekt\u00f3rych ustaw w celu wsparcia przedsi\u0119biorc\u00f3w zatrudniaj\u0105cych \u017co\u0142nierzy Obrony Terytorialnej lub \u017co\u0142nierzy Aktywnej Rezerwy z dnia 1 pa\u017adziernika 2024 r. (Dz.U. z 2024 r. poz. 1585),<\/li>\n<li><strong>1.1.2025 r.<\/strong>\u00a0\u2013 Ustawa o dochodach jednostek samorz\u0105du terytorialnego z dnia 1 pa\u017adziernika 2024 r. (Dz.U. z 2024 r. poz. 1572),<\/li>\n<li><strong>1.1.2025 r.<\/strong>\u00a0\u2013 Ustawa o zmianie ustawy o podatku dochodowym od os\u00f3b fizycznych oraz niekt\u00f3rych innych ustaw z dnia 27 wrze\u015bnia 2024 r. (Dz.U. z 2024 r. poz. 1593),<\/li>\n<li><strong>1.1.2025 r.<\/strong>\u00a0\u2013 Ustawa o zmianie ustawy o rencie socjalnej oraz niekt\u00f3rych innych ustaw z dnia 27 wrze\u015bnia 2024 r. (Dz.U. z 2024 r. poz. 1615),<\/li>\n<li><strong>1.1.2026 r.<\/strong>\u00a0\u2013 Ustawa o zmianie ustawy o podatku dochodowym od os\u00f3b fizycznych, ustawy o podatku dochodowym od os\u00f3b prawnych oraz niekt\u00f3rych innych ustaw z dnia 29 pa\u017adziernika 2021 r. (Dz.U.\u00a0z 2021 r. poz. 2105 ze zm.),<\/li>\n<li><strong>1.1.2026 r.<\/strong>\u00a0\u2013 Ustawa o zmianie ustawy o elektromobilno\u015bci i paliwach alternatywnych oraz niekt\u00f3rych innych ustaw z dnia 2 grudnia 2021 r. (Dz.U. z 2021 r. poz. 2269).<\/li>\n<\/ul>\n<p><strong>Nowe Rozporz\u0105dzenie Ministra Finans\u00f3w w sprawie norm szacunkowych dochodu z dzia\u0142\u00f3w specjalnych produkcji rolnej z dnia 29 pa\u017adziernika 2024 r. (Dz.U. z 2024 r. poz. 1628).<\/strong><\/p>\n<p>Rozporz\u0105dzenie Ministra Finans\u00f3w w sprawie prowadzenia podatkowej ksi\u0119gi przychod\u00f3w i rozchod\u00f3w:<\/p>\n<ul>\n<li><strong>1.1.2025 r.<\/strong>\u00a0\u2013 Rozporz\u0105dzenie Ministra Finans\u00f3w zmieniaj\u0105ce rozporz\u0105dzenie w sprawie prowadzenia podatkowej ksi\u0119gi przychod\u00f3w i rozchod\u00f3w z dnia 17 listopada 2024 r. (Dz.U. z 2024 r. poz. 1744).<\/li>\n<\/ul>\n<p>Ustawa o zrycza\u0142towanym podatku dochodowym od niekt\u00f3rych przychod\u00f3w osi\u0105ganych przez osoby fizyczne:<\/p>\n<ul>\n<li><strong>30.10.2024 r.<\/strong>\u00a0\u2013 Ustawa o zmianie ustawy o podatku dochodowym od os\u00f3b fizycznych oraz niekt\u00f3rych innych ustaw z dnia 27 wrze\u015bnia 2024 r. (Dz.U. z 2024 r. poz. 1593),<\/li>\n<li><strong>1.11.2024 r.<\/strong>\u00a0\u2013 Ustawa o zmianie ustawy o systemie ubezpiecze\u0144 spo\u0142ecznych oraz niekt\u00f3rych innych ustaw z dnia 9 maja 2024 r. (Dz.U. z 2024 r. poz. 863),<\/li>\n<li><strong>1.1.2025 r.<\/strong>\u00a0\u2013 Ustawa o zmianie ustawy o podatku dochodowym od os\u00f3b fizycznych oraz niekt\u00f3rych innych ustaw z dnia 27 wrze\u015bnia 2024 r. (Dz.U. z 2024 r. poz. 1593),<\/li>\n<li><strong>1.1.2026 r.<\/strong>\u00a0\u2013 Ustawa o zmianie ustawy o podatku dochodowym od os\u00f3b fizycznych, ustawy o podatku dochodowym od os\u00f3b prawnych oraz niekt\u00f3rych innych ustaw z dnia 29 pa\u017adziernika 2021 r. (Dz.U.\u00a0z 2021 r. poz. 2105 ze zm.).<\/li>\n<\/ul>\n<p>Ustawa o podatku od towar\u00f3w i us\u0142ug:<\/p>\n<ul>\n<li><strong>5.10.2024 r.<\/strong>\u00a0\u2013 Ustawa o zmianie ustawy o szczeg\u00f3lnych rozwi\u0105zaniach zwi\u0105zanych z usuwaniem skutk\u00f3w powodzi oraz niekt\u00f3rych innych ustaw z dnia 1 pa\u017adziernika 2024 r. (Dz.U. z 2024 r. poz. 1473),<\/li>\n<li><strong>1.1.2025 r.<\/strong>\u00a0\u2013 Ustawa o zmianie ustawy o podatku od towar\u00f3w i us\u0142ug oraz niekt\u00f3rych innych ustaw z dnia 8 listopada 2024 r. (Dz.U. z 2024 r. poz. 1721),<\/li>\n<li><strong>1.1.2025 r.<\/strong>\u00a0\u2013 Ustawa o zmianie ustawy o gospodarce opakowaniami i odpadami opakowaniowymi oraz niekt\u00f3rych innych ustaw z dnia 30 pa\u017adziernika 2024 r. (Dz.U. z 2024 r. poz. 1911),<\/li>\n<li><strong>1.4.2025 r.<\/strong>\u00a0\u2013 Ustawa o zmianie ustawy o podatku dochodowym od os\u00f3b fizycznych, ustawy o podatku dochodowym od os\u00f3b prawnych oraz niekt\u00f3rych innych ustaw z dnia 29 pa\u017adziernika 2021 r. (Dz.U. z 2021 r. poz. 2105 ze zm.),<\/li>\n<li><strong>1.2.2026 r.<\/strong>\u00a0\u2013 Ustawa o zmianie ustawy o podatku od towar\u00f3w i us\u0142ug oraz niekt\u00f3rych innych ustaw z dnia 16 czerwca 2023 r. (Dz.U. z 2023 r. poz. 1598 ze zm.),<\/li>\n<li><strong>1.8.2026 r.<\/strong>\u00a0\u2013 Ustawa o zmianie ustawy o podatku od towar\u00f3w i us\u0142ug oraz niekt\u00f3rych innych ustaw z dnia 16 czerwca 2023 r. (Dz.U. z 2023 r. poz. 1598 ze zm.).<\/li>\n<\/ul>\n<p>Rozporz\u0105dzenie Ministra Finans\u00f3w w sprawie zwolnie\u0144 od podatku od towar\u00f3w i us\u0142ug oraz warunk\u00f3w stosowania tych zwolnie\u0144:<\/p>\n<ul>\n<li><strong>21.12.2024 r.<\/strong>\u00a0\u2013 Rozporz\u0105dzenie Ministra Finans\u00f3w zmieniaj\u0105ce rozporz\u0105dzenie w sprawie zwolnie\u0144 od podatku od towar\u00f3w i us\u0142ug oraz warunk\u00f3w stosowania tych zwolnie\u0144 z dnia 18 grudnia 2024 r. (Dz.U. z 2024 r. poz. 1900).<\/li>\n<\/ul>\n<p><strong>Nowe rozporz\u0105dzenie Ministra Finans\u00f3w w sprawie zwolnie\u0144 z obowi\u0105zku prowadzenia ewidencji sprzeda\u017cy przy zastosowaniu kas rejestruj\u0105cych z dnia 17 grudnia 2024 r. (Dz.U. z 2024 r. poz. 1902).<\/strong><\/p>\n<p>Rozporz\u0105dzenie Ministra Finans\u00f3w w sprawie wystawiania faktur:<\/p>\n<ul>\n<li><strong>1.1.2025 r.<\/strong>\u00a0\u2013 Rozporz\u0105dzenie Ministra Finans\u00f3w zmieniaj\u0105ce rozporz\u0105dzenie w sprawie wystawiania faktur z dnia 22 grudnia 2024 r. (Dz.U. z 2024 r. poz. 1938).<\/li>\n<\/ul>\n<p>Rozporz\u0105dzenie Ministra Finans\u00f3w w sprawie kas rejestruj\u0105cych:<\/p>\n<ul>\n<li><strong>28.9.2024 r.<\/strong>\u00a0\u2013 Rozporz\u0105dzenie Ministra Finans\u00f3w zmieniaj\u0105ce rozporz\u0105dzenie w sprawie kas rejestruj\u0105cych z dnia 27 wrze\u015bnia 2024 r. (Dz.U. z 2024 r. poz. 1434).<\/li>\n<\/ul>\n<p>Rozporz\u0105dzenie Ministra Finans\u00f3w w sprawie miejsca \u015bwiadczenia us\u0142ug oraz zwrotu kwoty podatku naliczonego jednostce dokonuj\u0105cej nabycia (importu) towar\u00f3w lub us\u0142ug:<\/p>\n<ul>\n<li><strong>Nowy tekst jednolity z dnia 30 sierpnia 2024 r.<\/strong>\u00a0(Dz.U. z 2024 r. poz. 1328).<\/li>\n<li><strong>21.12.2024 r.<\/strong>\u00a0\u2013 Rozporz\u0105dzenie Ministra Finans\u00f3w zmieniaj\u0105ce rozporz\u0105dzenie w sprawie miejsca \u015bwiadczenia us\u0142ug oraz zwrotu kwoty podatku naliczonego jednostce dokonuj\u0105cej nabycia (importu) towar\u00f3w lub us\u0142ug z dnia 18 grudnia 2024 r. (Dz.U. z 2024 r. poz. 1899).<\/li>\n<\/ul>\n<p>Rozporz\u0105dzenie Ministra Finans\u00f3w w sprawie obni\u017conych stawek podatku od towar\u00f3w i us\u0142ug:<\/p>\n<ul>\n<li><strong>18.9.2024 r.<\/strong>\u00a0\u2013 Rozporz\u0105dzenie Ministra Finans\u00f3w zmieniaj\u0105ce rozporz\u0105dzenie w sprawie obni\u017conych stawek podatku od towar\u00f3w i us\u0142ug z dnia 17 wrze\u015bnia 2024 r. (Dz.U. z 2024 r. poz. 1381),<\/li>\n<li><strong>24.9.2024 r.<\/strong>\u00a0\u2013 Rozporz\u0105dzenie Ministra Finans\u00f3w zmieniaj\u0105ce rozporz\u0105dzenie w sprawie obni\u017conych stawek podatku od towar\u00f3w i us\u0142ug z dnia 23 wrze\u015bnia 2024 r. (Dz.U. z 2024 r. poz. 1399),<\/li>\n<li><strong>31.12.2024 r.<\/strong>\u00a0\u2013 Rozporz\u0105dzenie Ministra Finans\u00f3w zmieniaj\u0105ce rozporz\u0105dzenie w sprawie obni\u017conych stawek podatku od towar\u00f3w i us\u0142ug z dnia 22 grudnia 2024 r. (Dz.U. z 2024 r. poz. 1944).<\/li>\n<\/ul>\n<p>Ustawa o podatku akcyzowym:<\/p>\n<ul>\n<li><strong>1.1.2025 r.<\/strong>\u00a0\u2013 Ustawa o zmianie ustawy o podatku akcyzowym z dnia 18 pa\u017adziernika 2024 r. (Dz.U. z 2024 r. poz. 1681).<\/li>\n<\/ul>\n<p><strong>Nowe rozporz\u0105dzenie Ministra Finans\u00f3w w sprawie zwolnie\u0144 wyrob\u00f3w akcyzowych z obowi\u0105zku oznaczania znakami akcyzy z dnia 18 grudnia 2024 r. (Dz.U. z 2024 r. poz. 1905).<\/strong><\/p>\n<p>Ustawa o podatku od spadk\u00f3w i darowizn:<\/p>\n<ul>\n<li><strong>Nowy tekst jednolity z dnia 6 grudnia 2024 r.<\/strong>\u00a0(Dz.U. z 2024 r. poz. 1837).<\/li>\n<\/ul>\n<p>Ustawa o op\u0142acie skarbowej:<\/p>\n<ul>\n<li><strong>10.11.2024 r.<\/strong>\u00a0\u2013 Przepisy wprowadzaj\u0105ce ustaw\u0119 \u2013 Prawo komunikacji elektronicznej z dnia 12 lipca 2024 r. (Dz.U. z 2024 r. poz. 1222),<\/li>\n<li><strong>1.1.2025 r.<\/strong>\u00a0\u2013 Ustawa o zmianie ustawy o podatku rolnym, ustawy o podatkach i op\u0142atach lokalnych oraz ustawy o op\u0142acie skarbowej z dnia 19 listopada 2024 r. (Dz.U. z 2024 r. poz. 1757).<\/li>\n<\/ul>\n<p>Ustawa o podatkach i op\u0142atach lokalnych:<\/p>\n<ul>\n<li><strong>9.11.2024 r.<\/strong>\u00a0\u2013 Ustawa o zmianie niekt\u00f3rych ustaw zwi\u0105zanych z udzielaniem pomocy de minimis z dnia 18 pa\u017adziernika 2024 r. (Dz.U. z 2024 r. poz. 1635),<\/li>\n<li><strong>1.1.2025 r.<\/strong>\u00a0\u2013 Wyrok Trybuna\u0142u Konstytucyjnego z dnia 18 pa\u017adziernika 2023 r. (Dz.U. z 2023 r. poz. 2291),<\/li>\n<li><strong>1.1.2025 r.<\/strong>\u00a0\u2013 Ustawa o dochodach jednostek samorz\u0105du terytorialnego z dnia 1 pa\u017adziernika 2024 r. (Dz.U. z 2024 r. poz. 1572),<\/li>\n<li><strong>1.1.2025 r.<\/strong>\u00a0\u2013 Ustawa o zmianie ustawy o podatku rolnym, ustawy o podatkach i op\u0142atach lokalnych oraz ustawy o op\u0142acie skarbowej z dnia 19 listopada 2024 r. (Dz.U. z 2024 r. poz. 1757),<\/li>\n<li><strong>11.1.2025 r.<\/strong>\u00a0\u2013 Wyrok Trybuna\u0142u Konstytucyjnego z dnia 4 lipca 2023 r. (Dz.U. z 2023 r. poz. 1313).<\/li>\n<\/ul>\n<p>Ustawa o Krajowej Administracji Skarbowej:<\/p>\n<ul>\n<li><strong>10.11.2024 r.<\/strong>\u00a0\u2013 Przepisy wprowadzaj\u0105ce ustaw\u0119 \u2013 Prawo komunikacji elektronicznej z dnia 12 lipca 2024 r. (Dz.U. z 2024 r. poz. 1222),<\/li>\n<li><strong>1.1.2025 r.<\/strong>\u00a0\u2013 Ustawa o opodatkowaniu wyr\u00f3wnawczym jednostek sk\u0142adowych grup mi\u0119dzynarodowych i krajowych z dnia 6 listopada 2024 r. (Dz.U. z 2024 r. poz. 1685),<\/li>\n<li><strong>1.1.2025 r.<\/strong>\u00a0\u2013 Ustawa o zmianie ustawy o podatku od towar\u00f3w i us\u0142ug oraz niekt\u00f3rych innych ustaw z dnia 8 listopada 2024 r. (Dz.U. z 2024 r. poz. 1721),<\/li>\n<li><strong>19.3.2025 r.<\/strong>\u00a0\u2013 Ustawa o zmianie ustawy \u2013 Kodeks pracy oraz niekt\u00f3rych innych ustaw z dnia 6 grudnia 2024 r. (Dz.U. z 2024 r. poz. 1871).<\/li>\n<\/ul>\n<p>Ustawa o rachunkowo\u015bci:<\/p>\n<ul>\n<li><strong>1.1.2025 r.<\/strong>\u00a0\u2013 Ustawa o opodatkowaniu wyr\u00f3wnawczym jednostek sk\u0142adowych grup mi\u0119dzynarodowych i krajowych z dnia 6 listopada 2024 r. (Dz.U. z 2024 r. poz. 1685),<\/li>\n<li><strong>1.1.2025 r.<\/strong>\u00a0\u2013 Ustawa o zmianie ustawy o rachunkowo\u015bci, ustawy o bieg\u0142ych rewidentach, firmach audytorskich oraz nadzorze publicznym oraz niekt\u00f3rych innych ustaw z dnia 6 grudnia 2024 r.\u00a0(Dz.U. z 2024 r. poz. 1863),<\/li>\n<li><strong>22.6.2025 r.<\/strong>\u00a0\u2013 Ustawa o zmianie ustawy o rachunkowo\u015bci oraz niekt\u00f3rych innych ustaw z dnia 12 kwietnia 2024 r. (Dz.U. z 2024 r. poz. 619),<\/li>\n<li><strong>1.2.2026 r.<\/strong>\u00a0\u2013 Ustawa o zmianie ustawy o podatku od towar\u00f3w i us\u0142ug oraz niekt\u00f3rych innych ustaw z dnia 16 czerwca 2023 r. (Dz.U. z 2023 r. poz. 1598 ze zm.).<\/li>\n<\/ul>\n<p>Kodeks karny skarbowy:<\/p>\n<ul>\n<li><strong>1.1.2025 r.<\/strong>\u00a0\u2013 Ustawa o opodatkowaniu wyr\u00f3wnawczym jednostek sk\u0142adowych grup mi\u0119dzynarodowych i krajowych z dnia 6 listopada 2024 r. (Dz.U. z 2024 r. poz. 1685),<\/li>\n<li><strong>1.1.2025 r.<\/strong>\u00a0\u2013 Ustawa o zmianie ustawy o podatku od towar\u00f3w i us\u0142ug oraz niekt\u00f3rych innych ustaw z dnia 8 listopada 2024 r. (Dz.U. z 2024 r. poz. 1721).<\/li>\n<\/ul>\n<hr class=\"dotted\" \/>\n<p>Idealne narz\u0119dzie dla doradc\u00f3w podatkowych, ksi\u0119gowych, bieg\u0142ych rewident\u00f3w, pracownik\u00f3w urz\u0119d\u00f3w i izb skarbowych, przedsi\u0119biorc\u00f3w i wszystkich, dla kt\u00f3rych codzienne obowi\u0105zki wymagaj\u0105 znajomo\u015bci aktualnych przepis\u00f3w prawa podatkowego.<\/p>\n<ul>\n<li><strong>Boldowanie<\/strong><strong>\u00a0najnowszych zmian<\/strong>\u00a0\u2013 ostatnie nowelizacje wyr\u00f3\u017cnione w tek\u015bcie u\u0142atwiaj\u0105 szybk\u0105 orientacj\u0119.<\/li>\n<li><strong>Tematyczne has\u0142a<\/strong>\u00a0\u2013 pozwalaj\u0105 \u0142atwo zrozumie\u0107 tre\u015b\u0107 artyku\u0142\u00f3w i ich zastosowanie w praktyce.<\/li>\n<li><strong>Przypisy z datami wej\u015bcia w \u017cycie zmian<\/strong>\u00a0\u2013 precyzyjne okre\u015blenie, od kiedy dany przepis obowi\u0105zuje.<\/li>\n<li><strong>Praktyczne tabele podsumowuj\u0105ce zmiany<\/strong>\u00a0\u2013 u\u0142atwiaj\u0105 znalezienie nowelizowanych przepis\u00f3w.<\/li>\n<li><strong>Indeks rzeczowy<\/strong>\u00a0\u2013 szybkie wyszukiwanie potrzebnych informacji i zagadnie\u0144.<\/li>\n<li><strong>Aktualizacja online do 31.12.2025 r.<\/strong>\u00a0\u2013 zapewnia bie\u017c\u0105cy dost\u0119p do zmian w przepisach.<\/li>\n<\/ul>\n<p>Dzi\u0119ki temu zbiorowi masz pewno\u015b\u0107, \u017ce Twoja wiedza podatkowa jest zawsze aktualna i zgodna z obowi\u0105zuj\u0105cymi przepisami.<\/p>\n<p><strong>W publikacji zamieszczono nast\u0119puj\u0105ce ustawy podatkowe<\/strong>:<\/p>\n<ul>\n<li>Ordynacj\u0119 podatkow\u0105,<\/li>\n<li>ustaw\u0119 o zasadach ewidencji i identyfikacji podatnik\u00f3w i p\u0142atnik\u00f3w,<\/li>\n<li>ustaw\u0119 o podatku dochodowym od os\u00f3b prawnych,<\/li>\n<li>ustaw\u0119 o podatku dochodowym od os\u00f3b fizycznych,<\/li>\n<li>ustaw\u0119 o zrycza\u0142towanym podatku dochodowym od niekt\u00f3rych przychod\u00f3w osi\u0105ganych przez osoby fizyczne,<\/li>\n<li>ustaw\u0119 o podatku od towar\u00f3w i us\u0142ug,<\/li>\n<li>ustaw\u0119 o podatku akcyzowym,<\/li>\n<li>ustaw\u0119 o podatku od spadk\u00f3w i darowizn,<\/li>\n<li>ustaw\u0119 o podatku od czynno\u015bci cywilnoprawnych,<\/li>\n<li>ustaw\u0119 o op\u0142acie skarbowej,<\/li>\n<li>ustaw\u0119 o podatkach i op\u0142atach lokalnych,<\/li>\n<li>ustaw\u0119 o doradztwie podatkowym,<\/li>\n<li>ustaw\u0119 o Krajowej Administracji Skarbowej,<\/li>\n<li>ustaw\u0119 o rachunkowo\u015bci,<\/li>\n<li>kodeks karny skarbowy,<\/li>\n<li>ustaw\u0119\u00a0o opodatkowaniu wyr\u00f3wnawczym jednostek sk\u0142adowych grup mi\u0119dzynarodowych i krajowych,<\/li>\n<li>akty wykonawcze.<\/li>\n<\/ul>\n<\/div>\n","protected":false},"excerpt":{"rendered":"<p>Nale\u017cy do serii: TEKSTY USTAW BECKA Redakcja:\u00a0Flisek Aneta Wydawca:\u00a0C.H. Beck [&hellip;]<\/p>\n","protected":false},"featured_media":20128,"template":"","meta":[],"product_brand":[],"product_cat":[7530,22,23],"product_tag":[355,7798],"class_list":{"0":"post-20126","1":"product","2":"type-product","3":"status-publish","4":"has-post-thumbnail","6":"product_cat-nowosci","7":"product_cat-podatki-i-prawo-podatkowe","8":"product_cat-rachunkowosc","9":"product_tag-podatki","10":"product_tag-seria-podatkowe-teksty-ustaw-becka","12":"first","13":"instock","14":"sale","15":"shipping-taxable","16":"purchasable","17":"product-type-simple"},"_links":{"self":[{"href":"https:\/\/ksiegarnia-akademicka.pl\/index.php\/wp-json\/wp\/v2\/product\/20126","targetHints":{"allow":["GET"]}}],"collection":[{"href":"https:\/\/ksiegarnia-akademicka.pl\/index.php\/wp-json\/wp\/v2\/product"}],"about":[{"href":"https:\/\/ksiegarnia-akademicka.pl\/index.php\/wp-json\/wp\/v2\/types\/product"}],"wp:featuredmedia":[{"embeddable":true,"href":"https:\/\/ksiegarnia-akademicka.pl\/index.php\/wp-json\/wp\/v2\/media\/20128"}],"wp:attachment":[{"href":"https:\/\/ksiegarnia-akademicka.pl\/index.php\/wp-json\/wp\/v2\/media?parent=20126"}],"wp:term":[{"taxonomy":"product_brand","embeddable":true,"href":"https:\/\/ksiegarnia-akademicka.pl\/index.php\/wp-json\/wp\/v2\/product_brand?post=20126"},{"taxonomy":"product_cat","embeddable":true,"href":"https:\/\/ksiegarnia-akademicka.pl\/index.php\/wp-json\/wp\/v2\/product_cat?post=20126"},{"taxonomy":"product_tag","embeddable":true,"href":"https:\/\/ksiegarnia-akademicka.pl\/index.php\/wp-json\/wp\/v2\/product_tag?post=20126"}],"curies":[{"name":"wp","href":"https:\/\/api.w.org\/{rel}","templated":true}]}}