{"id":20122,"date":"2025-02-03T09:31:53","date_gmt":"2025-02-03T08:31:53","guid":{"rendered":"http:\/\/ksiegarnia-akademicka.pl\/?post_type=product&#038;p=20122"},"modified":"2025-02-03T09:31:57","modified_gmt":"2025-02-03T08:31:57","slug":"migracje-zarobkowe-wprowadzenie-do-analizy","status":"publish","type":"product","link":"https:\/\/ksiegarnia-akademicka.pl\/index.php\/product\/migracje-zarobkowe-wprowadzenie-do-analizy\/","title":{"rendered":"Migracje zarobkowe Wprowadzenie do analizy"},"content":{"rendered":"<div class=\"grupa osoby\"><span class=\"meta-head\">Autor:<\/span><\/p>\n<ul>\n<li class=\"meta-value\">Micha\u0142 Schwabe<\/li>\n<\/ul>\n<\/div>\n<div class=\"grupa wydawca\"><span class=\"meta-head\">Wydawca:<\/span>\u00a0Wolters Kluwer<\/div>\n<div class=\"grupa dane\">\n<div>Oprawa:\u00a0<span class=\"meta-value-bold\">Mi\u0119kka<\/span><\/div>\n<div>Liczba stron:\u00a0<span class=\"meta-value-bold\">158<\/span><\/div>\n<div>Wydanie:\u00a0<span class=\"meta-value-bold\">1<\/span><\/div>\n<div>Rok wydania:\u00a0<span class=\"meta-value-bold\">2025<\/span><\/div>\n<div>J\u0119zyk wydania:\u00a0<span class=\"meta-value-bold\">polski<\/span><\/div>\n<\/div>\n<div><\/div>\n<div>Ksi\u0105\u017cka przedstawia i porz\u0105dkuje teorie dotycz\u0105cych migracji zarobkowych, a tak\u017ce opisuje konsekwencje migracji dla lokalnych rynk\u00f3w pracy. Autor omawia narz\u0119dzia analityczne, kt\u00f3re pozwalaj\u0105 wyja\u015bni\u0107 przyczyny i konsekwencje mi\u0119dzynarodowych migracji pracownik\u00f3w, a tak\u017ce zwr\u00f3ci\u0107 uwag\u0119 na istniej\u0105ce wsp\u00f3\u0142zale\u017cno\u015bci pomi\u0119dzy dynamik\u0105 wybranych wska\u017anik\u00f3w makroekonomicznych a przep\u0142ywami migracyjnymi.<\/p>\n<p>Czytelnik znajdzie tu om\u00f3wienie m.in. takich zagadnie\u0144 jak:<\/p>\n<p>proces decyzyjny potencjalnego migranta,<br \/>\nanaliza barier migracyjnych, ze szczeg\u00f3lnym uwzgl\u0119dnieniem barier administracyjno \u2013 prawnych, jako kluczowych barier dla przep\u0142ywu pracownik\u00f3w pomi\u0119dzy pa\u0144stwami,<br \/>\nkonsekwencje przep\u0142ywu si\u0142y roboczej dla kraju emigracji i imigracji.<br \/>\nPraktycznym uzupe\u0142nieniem tre\u015bci jest om\u00f3wienie przez autora migracji zarobkowych z Polski do Wielkiej Brytanii po 2004 roku oraz z Turcji do Niemiec w latach 60. XX wieku.<br \/>\nLektura mo\u017ce stanowi\u0107 \u017ar\u00f3d\u0142o inspiracji do pog\u0142\u0119biania wiedzy w obr\u0119bie wybranych teorii migracyjnych, a tak\u017ce do tworzenia w\u0142asnych analiz za pomoc\u0105 przedstawionych w ksi\u0105\u017cce narz\u0119dzi analitycznych.<\/p><\/div>\n","protected":false},"excerpt":{"rendered":"<p>Autor: Micha\u0142 Schwabe Wydawca:\u00a0Wolters Kluwer Oprawa:\u00a0Mi\u0119kka Liczba stron:\u00a0158 Wydanie:\u00a01 Rok [&hellip;]<\/p>\n","protected":false},"featured_media":20123,"template":"","meta":[],"product_brand":[],"product_cat":[27,7530,18,7550,7508],"product_tag":[8489,5037],"class_list":{"0":"post-20122","1":"product","2":"type-product","3":"status-publish","4":"has-post-thumbnail","6":"product_cat-nauki-spoleczne","7":"product_cat-nowosci","8":"product_cat-prawo","9":"product_cat-prawo-pracy","10":"product_cat-socjologia","11":"product_tag-migracje-zarobkowe","12":"product_tag-seria-monografie","14":"first","15":"instock","16":"sale","17":"shipping-taxable","18":"purchasable","19":"product-type-simple"},"_links":{"self":[{"href":"https:\/\/ksiegarnia-akademicka.pl\/index.php\/wp-json\/wp\/v2\/product\/20122","targetHints":{"allow":["GET"]}}],"collection":[{"href":"https:\/\/ksiegarnia-akademicka.pl\/index.php\/wp-json\/wp\/v2\/product"}],"about":[{"href":"https:\/\/ksiegarnia-akademicka.pl\/index.php\/wp-json\/wp\/v2\/types\/product"}],"wp:featuredmedia":[{"embeddable":true,"href":"https:\/\/ksiegarnia-akademicka.pl\/index.php\/wp-json\/wp\/v2\/media\/20123"}],"wp:attachment":[{"href":"https:\/\/ksiegarnia-akademicka.pl\/index.php\/wp-json\/wp\/v2\/media?parent=20122"}],"wp:term":[{"taxonomy":"product_brand","embeddable":true,"href":"https:\/\/ksiegarnia-akademicka.pl\/index.php\/wp-json\/wp\/v2\/product_brand?post=20122"},{"taxonomy":"product_cat","embeddable":true,"href":"https:\/\/ksiegarnia-akademicka.pl\/index.php\/wp-json\/wp\/v2\/product_cat?post=20122"},{"taxonomy":"product_tag","embeddable":true,"href":"https:\/\/ksiegarnia-akademicka.pl\/index.php\/wp-json\/wp\/v2\/product_tag?post=20122"}],"curies":[{"name":"wp","href":"https:\/\/api.w.org\/{rel}","templated":true}]}}