{"id":19996,"date":"2025-01-28T13:52:49","date_gmt":"2025-01-28T12:52:49","guid":{"rendered":"http:\/\/ksiegarnia-akademicka.pl\/?post_type=product&#038;p=19996"},"modified":"2025-01-28T13:52:50","modified_gmt":"2025-01-28T12:52:50","slug":"podatek-dochodowy-od-osob-prawnych","status":"publish","type":"product","link":"https:\/\/ksiegarnia-akademicka.pl\/index.php\/product\/podatek-dochodowy-od-osob-prawnych\/","title":{"rendered":"Podatek dochodowy od os\u00f3b prawnych"},"content":{"rendered":"<p>Wydawnictwo: C.H. Beck<\/p>\n<p>Seria: Twoje Prawo<\/p>\n<p>Rok wydania: 2025<\/p>\n<p>Wydanie: 22<\/p>\n<p>Oprawa: Mi\u0119kka<\/p>\n<p>Liczba stron: 372<\/p>\n<p>Wymiary: 122&#215;175 mm<\/p>\n<p>Waga: 250 g<\/p>\n<p>ISBN:\u00a0978-83-8356-955-0<\/p>\n<p><strong>Stan prawny: 3 stycznia 2025 r.<\/strong><\/p>\n<p>Ksi\u0105\u017cka uwzgl\u0119dnia zmiany wchodz\u0105ce w \u017cycie:<\/p>\n<ul>\n<li><strong>22.2.2024 r.<\/strong>\u00a0\u2013 Ustawa o zmianie ustawy o pomocy obywatelom Ukrainy w zwi\u0105zku z konfliktem zbrojnym na terytorium tego pa\u0144stwa, ustawy o podatku dochodowym od os\u00f3b fizycznych oraz ustawy o podatku dochodowym od os\u00f3b prawnych z dnia 9 lutego 2024 r. (Dz.U. z 2024 r. poz. 232),<\/li>\n<li><strong>1.7.2024 r.<\/strong>\u00a0\u2013 Ustawa o zmianie ustawy o pomocy obywatelom Ukrainy w zwi\u0105zku z konfliktem zbrojnym na terytorium tego pa\u0144stwa oraz niekt\u00f3rych innych ustaw z dnia 15 maja 2024 r. (Dz.U. z 2024 r. poz. 854),<\/li>\n<li><strong>10.11.2024 r.<\/strong>\u00a0\u2013 Przepisy wprowadzaj\u0105ce ustaw\u0119 \u2013 Prawo komunikacji elektronicznej z dnia 12 lipca 2024 r. (Dz.U. z 2024 r. poz. 1222),<\/li>\n<li><strong>12.11.2024 r.<\/strong>\u00a0\u2013 Ustawa o zmianie niekt\u00f3rych ustaw w celu wsparcia przedsi\u0119biorc\u00f3w zatrudniaj\u0105cych \u017co\u0142nierzy Obrony Terytorialnej lub \u017co\u0142nierzy Aktywnej Rezerwy z dnia 1 pa\u017adziernika 2024 r. (Dz.U. z 2024 r. poz. 1585),<\/li>\n<li><strong>26.11.2024 r.<\/strong>\u00a0\u2013 Ustawa o zmianie ustawy o szczeg\u00f3lnych rozwi\u0105zaniach zwi\u0105zanych z usuwaniem skutk\u00f3w powodzi oraz niekt\u00f3rych innych ustaw z dnia 21 listopada 2024 r. (Dz.U. z 2024 r. poz. 1717),<\/li>\n<li><strong>1.1.2025 r.<\/strong>\u00a0\u2013 Ustawa o zmianie ustawy o podatku dochodowym od os\u00f3b fizycznych, ustawy o podatku dochodowym od os\u00f3b prawnych oraz niekt\u00f3rych innych ustaw z dnia 29 pa\u017adziernika 2021 r. (Dz.U. z 2021 r. poz. 2105),<\/li>\n<li><strong>1.1.2025 r.<\/strong>\u00a0\u2013 Ustawa o dochodach jednostek samorz\u0105du terytorialnego z dnia 1 pa\u017adziernika 2024 r. (Dz.U. z 2024 r. poz. 1572),<\/li>\n<li><strong>1.1.2025 r.<\/strong>\u00a0\u2013 Ustawa o opodatkowaniu wyr\u00f3wnawczym jednostek sk\u0142adowych grup mi\u0119dzynarodowych i krajowych z dnia 6 listopada 2024 r. (Dz.U. z 2024 r. poz. 1685),<\/li>\n<li><strong>1.1.2026 r.<\/strong>\u00a0\u2013 Ustawa o zmianie ustawy o elektromobilno\u015bci i paliwach alternatywnych oraz niekt\u00f3rych innych ustaw z dnia 2 grudnia 2021 r. (Dz.U. z 2021 r. poz. 2269).<\/li>\n<\/ul>\n<p>Ksi\u0105\u017cka zawiera:<\/p>\n<ul>\n<li>Tekst ustawy Podatek dochodowy od os\u00f3b prawnych,<\/li>\n<li>Indeks rzeczowy.<\/li>\n<\/ul>\n<hr class=\"dotted\" \/>\n<p>Seria &#8222;Twoje Prawo&#8221; zawiera:<\/p>\n<ul>\n<li>Boldowanie najnowszych zmian<\/li>\n<li>Przypisy od Redakcji<\/li>\n<li>Czytelne has\u0142a i teksty<\/li>\n<li>Indeks rzeczowy<\/li>\n<\/ul>\n","protected":false},"excerpt":{"rendered":"<p>Wydawnictwo: C.H. Beck Seria: Twoje Prawo Rok wydania: 2025 Wydanie: [&hellip;]<\/p>\n","protected":false},"featured_media":19997,"template":"","meta":[],"product_brand":[],"product_cat":[7530,22],"product_tag":[1055,2240],"class_list":{"0":"post-19996","1":"product","2":"type-product","3":"status-publish","4":"has-post-thumbnail","6":"product_cat-nowosci","7":"product_cat-podatki-i-prawo-podatkowe","8":"product_tag-prawo-podatkowe","9":"product_tag-seria-twoje-prawo","11":"first","12":"instock","13":"sale","14":"shipping-taxable","15":"purchasable","16":"product-type-simple"},"_links":{"self":[{"href":"https:\/\/ksiegarnia-akademicka.pl\/index.php\/wp-json\/wp\/v2\/product\/19996","targetHints":{"allow":["GET"]}}],"collection":[{"href":"https:\/\/ksiegarnia-akademicka.pl\/index.php\/wp-json\/wp\/v2\/product"}],"about":[{"href":"https:\/\/ksiegarnia-akademicka.pl\/index.php\/wp-json\/wp\/v2\/types\/product"}],"wp:featuredmedia":[{"embeddable":true,"href":"https:\/\/ksiegarnia-akademicka.pl\/index.php\/wp-json\/wp\/v2\/media\/19997"}],"wp:attachment":[{"href":"https:\/\/ksiegarnia-akademicka.pl\/index.php\/wp-json\/wp\/v2\/media?parent=19996"}],"wp:term":[{"taxonomy":"product_brand","embeddable":true,"href":"https:\/\/ksiegarnia-akademicka.pl\/index.php\/wp-json\/wp\/v2\/product_brand?post=19996"},{"taxonomy":"product_cat","embeddable":true,"href":"https:\/\/ksiegarnia-akademicka.pl\/index.php\/wp-json\/wp\/v2\/product_cat?post=19996"},{"taxonomy":"product_tag","embeddable":true,"href":"https:\/\/ksiegarnia-akademicka.pl\/index.php\/wp-json\/wp\/v2\/product_tag?post=19996"}],"curies":[{"name":"wp","href":"https:\/\/api.w.org\/{rel}","templated":true}]}}