{"id":19992,"date":"2025-01-28T13:42:53","date_gmt":"2025-01-28T12:42:53","guid":{"rendered":"http:\/\/ksiegarnia-akademicka.pl\/?post_type=product&#038;p=19992"},"modified":"2025-01-28T13:42:54","modified_gmt":"2025-01-28T12:42:54","slug":"podatek-dochodowy-od-osob-prawnych-2025-komentarz","status":"publish","type":"product","link":"https:\/\/ksiegarnia-akademicka.pl\/index.php\/product\/podatek-dochodowy-od-osob-prawnych-2025-komentarz\/","title":{"rendered":"Podatek dochodowy od os\u00f3b prawnych 2025. Komentarz"},"content":{"rendered":"<p>Autor:\u00a0dr Wojciech Dmoch<\/p>\n<p>Wydawnictwo: C.H. Beck<\/p>\n<p>Seria: Podatkowe Komentarze Becka<\/p>\n<p>Rok wydania: 2025<\/p>\n<p>Oprawa: Twarda<\/p>\n<p>Liczba stron: 888<\/p>\n<p>Wymiary: 160&#215;240 mm<\/p>\n<p>Waga: 1560 g<\/p>\n<p>ISBN:\u00a0978-83-8356-891-1<\/p>\n<p>Kolejne, 11. wydanie\u00a0<strong>komentarza do ustawy z 15.2.1992 r. o podatku dochodowym od os\u00f3b prawnych<\/strong>\u00a0(CIT) autorstwa znakomitego specjalisty \u2013 dr Wojciecha Dmocha, posiadaj\u0105cego d\u0142ugoletnie do\u015bwiadczenie jako doradca podatkowy.<\/p>\n<p>Publikacja praktycznie wyja\u015bnia m.in. nast\u0119puj\u0105ce zagadnienia dotycz\u0105ce opodatkowania dochod\u00f3w uzyskiwanych przez osoby prawne:<\/p>\n<ul>\n<li><strong>kwalifikacj\u0119 podmiot\u00f3w podlegaj\u0105cych opodatkowaniu<\/strong>\u00a0podatkiem \u201eesto\u0144skim&#8221; i zasad tego opodatkowania;<\/li>\n<li><strong>okre\u015blenie skutk\u00f3w podatkowych przej\u0119\u0107, podzia\u0142\u00f3w i po\u0142\u0105cze\u0144 podatnik\u00f3w podatku dochodowego od os\u00f3b prawnych;<\/strong><\/li>\n<li><strong>rozliczania w czasie koszt\u00f3w uzyskania przychod\u00f3w;<\/strong><\/li>\n<li><strong>szczeg\u00f3lne regulacje<\/strong>\u00a0dotycz\u0105ce obowi\u0105zk\u00f3w zwi\u0105zanych z wyp\u0142at\u0105 nale\u017cno\u015bci licencyjnych, odsetek, dywidend;<\/li>\n<li><strong>okre\u015blenie dochod\u00f3w<\/strong>\u00a0z uwzgl\u0119dnieniem koszt\u00f3w uzyskania przychod\u00f3w, wy\u0142\u0105cze\u0144 oraz amortyzacji;<\/li>\n<li><strong>obowi\u0105zek zap\u0142aty podatku w przypadku poniesienia straty lub osi\u0105gni\u0119cia rentowno\u015bci ni\u017cszej ni\u017c okre\u015blona przez ustawodawc\u0119.<\/strong><\/li>\n<\/ul>\n<p>Komentarz, bazuj\u0105c na najnowszym tek\u015bcie jednolitym z dnia 7 grudnia 2023 r. (Dz.U. z 2023 r. poz. 2805),<strong>\u00a0uwzgl\u0119dnia jednocze\u015bnie wszystkie nowe regulacje<\/strong>\u00a0wprowadzone od ostatniego wydania.<\/p>\n<p>Prezentowana publikacja przeznaczona jest dla wszystkich stosuj\u0105cych przepisy podatku dochodowego od os\u00f3b prawnych w praktyce, w szczeg\u00f3lno\u015bci dla\u00a0<strong>doradc\u00f3w podatkowych<\/strong>,\u00a0<strong>ksi\u0119gowych<\/strong>,\u00a0<strong>bieg\u0142ych rewident\u00f3w<\/strong>,\u00a0<strong>pracownik\u00f3w urz\u0119d\u00f3w skarbowych<\/strong>\u00a0i<strong>\u00a0celno-skarbowych<\/strong>,\u00a0<strong>pracownik\u00f3w administracji samorz\u0105dowej<\/strong>\u00a0i\u00a0<strong>pa\u0144stwowej<\/strong>,\u00a0<strong>s\u0119dzi\u00f3w s\u0105d\u00f3w administracyjnych<\/strong>,\u00a0<strong>radc\u00f3w prawnych<\/strong>\u00a0i\u00a0<strong>adwokat\u00f3w<\/strong>\u00a0a tak\u017ce\u00a0<strong>podatnik\u00f3w CIT<\/strong>\u00a0i innych, w tym ma\u0142ych przedsi\u0119biorc\u00f3w.<\/p>\n","protected":false},"excerpt":{"rendered":"<p>Autor:\u00a0dr Wojciech Dmoch Wydawnictwo: C.H. Beck Seria: Podatkowe Komentarze Becka [&hellip;]<\/p>\n","protected":false},"featured_media":19993,"template":"","meta":[],"product_brand":[],"product_cat":[7530,22],"product_tag":[1055,5932],"class_list":{"0":"post-19992","1":"product","2":"type-product","3":"status-publish","4":"has-post-thumbnail","6":"product_cat-nowosci","7":"product_cat-podatki-i-prawo-podatkowe","8":"product_tag-prawo-podatkowe","9":"product_tag-seria-podatkowe-komentarze-becka","11":"first","12":"instock","13":"sale","14":"shipping-taxable","15":"purchasable","16":"product-type-simple"},"_links":{"self":[{"href":"https:\/\/ksiegarnia-akademicka.pl\/index.php\/wp-json\/wp\/v2\/product\/19992","targetHints":{"allow":["GET"]}}],"collection":[{"href":"https:\/\/ksiegarnia-akademicka.pl\/index.php\/wp-json\/wp\/v2\/product"}],"about":[{"href":"https:\/\/ksiegarnia-akademicka.pl\/index.php\/wp-json\/wp\/v2\/types\/product"}],"wp:featuredmedia":[{"embeddable":true,"href":"https:\/\/ksiegarnia-akademicka.pl\/index.php\/wp-json\/wp\/v2\/media\/19993"}],"wp:attachment":[{"href":"https:\/\/ksiegarnia-akademicka.pl\/index.php\/wp-json\/wp\/v2\/media?parent=19992"}],"wp:term":[{"taxonomy":"product_brand","embeddable":true,"href":"https:\/\/ksiegarnia-akademicka.pl\/index.php\/wp-json\/wp\/v2\/product_brand?post=19992"},{"taxonomy":"product_cat","embeddable":true,"href":"https:\/\/ksiegarnia-akademicka.pl\/index.php\/wp-json\/wp\/v2\/product_cat?post=19992"},{"taxonomy":"product_tag","embeddable":true,"href":"https:\/\/ksiegarnia-akademicka.pl\/index.php\/wp-json\/wp\/v2\/product_tag?post=19992"}],"curies":[{"name":"wp","href":"https:\/\/api.w.org\/{rel}","templated":true}]}}