{"id":19968,"date":"2025-01-27T10:19:21","date_gmt":"2025-01-27T09:19:21","guid":{"rendered":"http:\/\/ksiegarnia-akademicka.pl\/?post_type=product&#038;p=19968"},"modified":"2025-01-27T10:19:21","modified_gmt":"2025-01-27T09:19:21","slug":"kocham-sie-uczyc-odwracamy-obrazki-aby-dziecko-kochalo-czytac-nie-balo-sie-geometrii-i-czytania-mapy-na-lekcji-geografii","status":"publish","type":"product","link":"https:\/\/ksiegarnia-akademicka.pl\/index.php\/product\/kocham-sie-uczyc-odwracamy-obrazki-aby-dziecko-kochalo-czytac-nie-balo-sie-geometrii-i-czytania-mapy-na-lekcji-geografii\/","title":{"rendered":"Kocham si\u0119 uczy\u0107 Odwracamy obrazki, aby dziecko kocha\u0142o czyta\u0107, nie ba\u0142o si\u0119 geometrii i czytania mapy na lekcji geografii"},"content":{"rendered":"<div class=\"grupa osoby\"><span class=\"meta-head\">Autor:<\/span><\/p>\n<ul>\n<li class=\"meta-value\">Jagoda Cieszy\u0144ska<\/li>\n<\/ul>\n<\/div>\n<div class=\"grupa wydawca\"><span class=\"meta-head\">Wydawca:<\/span>\u00a0Wydawnictwo Edukacyjne<\/div>\n<div class=\"grupa dane\">\n<div>Oprawa:\u00a0<span class=\"meta-value-bold\">Kartonowa<\/span><\/div>\n<div>Format:\u00a0<span class=\"meta-value-bold\">15.5&#215;21.5cm<\/span><\/div>\n<div>Liczba stron:\u00a0<span class=\"meta-value-bold\">27<\/span><\/div>\n<div>Rok wydania:\u00a0<span class=\"meta-value-bold\">2023<\/span><\/div>\n<div>J\u0119zyk wydania:\u00a0<span class=\"meta-value-bold\">polski<\/span><\/div>\n<\/div>\n<div><\/div>\n<div>Odwracamy obrazki, aby dziecko kocha\u0142o czyta\u0107, nie ba\u0142o si\u0119 geometrii i czytania mapy na lekcji geografii.<\/p>\n<p>\u0106wiczenia odwracania wzor\u00f3w dla wszystkich dzieci ucz\u0105cych si\u0119 czyta\u0107, a tak\u017ce dla uczni\u00f3w lewor\u0119cznych, ze skrzy\u017cowan\u0105 lateralizacj\u0105 oraz dla przedszkolak\u00f3w zagro\u017conych dysleksj\u0105. Pomoc do wykorzystania zar\u00f3wno w przedszkolach, gabinetach logopedycznych, jak i podczas zaj\u0119\u0107 reedukacyjnych oraz rewalidacyjnych.<\/p><\/div>\n","protected":false},"excerpt":{"rendered":"<p>Autor: Jagoda Cieszy\u0144ska Wydawca:\u00a0Wydawnictwo Edukacyjne Oprawa:\u00a0Kartonowa Format:\u00a015.5&#215;21.5cm Liczba stron:\u00a027 Rok [&hellip;]<\/p>\n","protected":false},"featured_media":19969,"template":"","meta":[],"product_brand":[],"product_cat":[28],"product_tag":[1195,51],"class_list":{"0":"post-19968","1":"product","2":"type-product","3":"status-publish","4":"has-post-thumbnail","6":"product_cat-pedagogika","7":"product_tag-edukacja","8":"product_tag-pedagogika","10":"first","11":"instock","12":"sale","13":"shipping-taxable","14":"purchasable","15":"product-type-simple"},"_links":{"self":[{"href":"https:\/\/ksiegarnia-akademicka.pl\/index.php\/wp-json\/wp\/v2\/product\/19968","targetHints":{"allow":["GET"]}}],"collection":[{"href":"https:\/\/ksiegarnia-akademicka.pl\/index.php\/wp-json\/wp\/v2\/product"}],"about":[{"href":"https:\/\/ksiegarnia-akademicka.pl\/index.php\/wp-json\/wp\/v2\/types\/product"}],"wp:featuredmedia":[{"embeddable":true,"href":"https:\/\/ksiegarnia-akademicka.pl\/index.php\/wp-json\/wp\/v2\/media\/19969"}],"wp:attachment":[{"href":"https:\/\/ksiegarnia-akademicka.pl\/index.php\/wp-json\/wp\/v2\/media?parent=19968"}],"wp:term":[{"taxonomy":"product_brand","embeddable":true,"href":"https:\/\/ksiegarnia-akademicka.pl\/index.php\/wp-json\/wp\/v2\/product_brand?post=19968"},{"taxonomy":"product_cat","embeddable":true,"href":"https:\/\/ksiegarnia-akademicka.pl\/index.php\/wp-json\/wp\/v2\/product_cat?post=19968"},{"taxonomy":"product_tag","embeddable":true,"href":"https:\/\/ksiegarnia-akademicka.pl\/index.php\/wp-json\/wp\/v2\/product_tag?post=19968"}],"curies":[{"name":"wp","href":"https:\/\/api.w.org\/{rel}","templated":true}]}}