{"id":19966,"date":"2025-01-27T10:13:22","date_gmt":"2025-01-27T09:13:22","guid":{"rendered":"http:\/\/ksiegarnia-akademicka.pl\/?post_type=product&#038;p=19966"},"modified":"2025-01-27T10:13:23","modified_gmt":"2025-01-27T09:13:23","slug":"pokonac-uzaleznienie-podrecznik-terapeuty-poznawczo-behawioralna-terapia-uzaleznien-w-okresie-wczesnego-zdrowienia","status":"publish","type":"product","link":"https:\/\/ksiegarnia-akademicka.pl\/index.php\/product\/pokonac-uzaleznienie-podrecznik-terapeuty-poznawczo-behawioralna-terapia-uzaleznien-w-okresie-wczesnego-zdrowienia\/","title":{"rendered":"Pokona\u0107 uzale\u017cnienie. Podr\u0119cznik terapeuty Poznawczo-behawioralna terapia uzale\u017cnien\u0301 w okresie wczesnego zdrowienia"},"content":{"rendered":"<div class=\"grupa osoby\"><span class=\"meta-head\">Autor:<\/span><\/p>\n<ul>\n<li class=\"meta-value\">Robert Modrzy\u0144ski<\/li>\n<\/ul>\n<\/div>\n<div class=\"grupa wydawca\"><span class=\"meta-head\">Wydawca:<\/span>\u00a0Difin<\/div>\n<div class=\"grupa dane\">\n<div>Oprawa:\u00a0<span class=\"meta-value-bold\">Mi\u0119kka<\/span><\/div>\n<div>Liczba stron:\u00a0<span class=\"meta-value-bold\">250<\/span><\/div>\n<div>Rok wydania:\u00a0<span class=\"meta-value-bold\">2025<\/span><\/div>\n<div>J\u0119zyk wydania:\u00a0<span class=\"meta-value-bold\">polski<\/span><\/div>\n<\/div>\n<div><\/div>\n<div>Podr\u0119cznik terapeuty zawiera gotowy protok\u00f3\u0142 pracy z pacjentem zmagaj\u0105cym si\u0119 z uzale\u017cnieniem. Dostarcza szczeg\u00f3\u0142owych informacji pomagaj\u0105cych terapeucie w zrozumieniu uzale\u017cnienia z perspektywy poznawczo-behawioralnej. Ka\u017cdy rozdzia\u0142 sk\u0142ada si\u0119 z cz\u0119\u015bci teoretycznej, obja\u015bniaj\u0105cej zagadnienia zwi\u0105zane z terapi\u0105, oraz cz\u0119\u015bci praktycznej, zawieraj\u0105cej zalecan\u0105 strategi\u0119 terapeutyczn\u0105 w postaci konkretnych \u0107wicze\u0144.<br \/>\nUzupe\u0142nienie podr\u0119cznika terapeuty stanowi Poradnik pacjenta, kt\u00f3ry jest swoistym zeszytem \u0107wicze\u0144 do samodzielnej pracy nad sob\u0105.<br \/>\nUmieszczony przy ka\u017cdym rozdziale kod QR pozwala na pobranie poszczeg\u00f3lnych edukacji wraz z \u0107wiczeniami. Mog\u0105 by\u0107 wykorzystane jako gotowe arkusze w trakcie prowadzonych zaj\u0119\u0107.<\/div>\n","protected":false},"excerpt":{"rendered":"<p>Autor: Robert Modrzy\u0144ski Wydawca:\u00a0Difin Oprawa:\u00a0Mi\u0119kka Liczba stron:\u00a0250 Rok wydania:\u00a02025 J\u0119zyk [&hellip;]<\/p>\n","protected":false},"featured_media":19967,"template":"","meta":[],"product_brand":[],"product_cat":[27,7530,7509],"product_tag":[1186,1659,1742],"class_list":{"0":"post-19966","1":"product","2":"type-product","3":"status-publish","4":"has-post-thumbnail","6":"product_cat-nauki-spoleczne","7":"product_cat-nowosci","8":"product_cat-psychologia","9":"product_tag-psychologia","10":"product_tag-psychoterapia","11":"product_tag-uzaleznienia","13":"first","14":"instock","15":"sale","16":"shipping-taxable","17":"purchasable","18":"product-type-simple"},"_links":{"self":[{"href":"https:\/\/ksiegarnia-akademicka.pl\/index.php\/wp-json\/wp\/v2\/product\/19966","targetHints":{"allow":["GET"]}}],"collection":[{"href":"https:\/\/ksiegarnia-akademicka.pl\/index.php\/wp-json\/wp\/v2\/product"}],"about":[{"href":"https:\/\/ksiegarnia-akademicka.pl\/index.php\/wp-json\/wp\/v2\/types\/product"}],"wp:featuredmedia":[{"embeddable":true,"href":"https:\/\/ksiegarnia-akademicka.pl\/index.php\/wp-json\/wp\/v2\/media\/19967"}],"wp:attachment":[{"href":"https:\/\/ksiegarnia-akademicka.pl\/index.php\/wp-json\/wp\/v2\/media?parent=19966"}],"wp:term":[{"taxonomy":"product_brand","embeddable":true,"href":"https:\/\/ksiegarnia-akademicka.pl\/index.php\/wp-json\/wp\/v2\/product_brand?post=19966"},{"taxonomy":"product_cat","embeddable":true,"href":"https:\/\/ksiegarnia-akademicka.pl\/index.php\/wp-json\/wp\/v2\/product_cat?post=19966"},{"taxonomy":"product_tag","embeddable":true,"href":"https:\/\/ksiegarnia-akademicka.pl\/index.php\/wp-json\/wp\/v2\/product_tag?post=19966"}],"curies":[{"name":"wp","href":"https:\/\/api.w.org\/{rel}","templated":true}]}}