{"id":19960,"date":"2025-01-27T10:04:16","date_gmt":"2025-01-27T09:04:16","guid":{"rendered":"http:\/\/ksiegarnia-akademicka.pl\/?post_type=product&#038;p=19960"},"modified":"2025-01-27T10:04:16","modified_gmt":"2025-01-27T09:04:16","slug":"szczegolowa-klasyfikacja-dochodow-wydatkow-przychodow-i-rozchodow-oraz-srod-poch-ze-zrodel-zagranicznych","status":"publish","type":"product","link":"https:\/\/ksiegarnia-akademicka.pl\/index.php\/product\/szczegolowa-klasyfikacja-dochodow-wydatkow-przychodow-i-rozchodow-oraz-srod-poch-ze-zrodel-zagranicznych\/","title":{"rendered":"Szczeg\u00f3\u0142owa klasyfikacja dochod\u00f3w, wydatk\u00f3w, przychod\u00f3w i rozchod\u00f3w oraz \u015brod. poch. ze \u017ar\u00f3de\u0142 zagranicznych"},"content":{"rendered":"<div class=\"grupa osoby\"><span class=\"meta-head\">Autor:<\/span><\/p>\n<ul>\n<li class=\"meta-value\">Magdalena Majdrowicz-Dmitrzak<\/li>\n<li class=\"meta-value\">Joanna Fr\u0105ckowiak<\/li>\n<\/ul>\n<\/div>\n<div class=\"grupa wydawca\"><span class=\"meta-head\">Wydawca:<\/span>\u00a0ODDK<\/div>\n<div class=\"grupa dane\">\n<div>Oprawa:\u00a0<span class=\"meta-value-bold\">Mi\u0119kka<\/span><\/div>\n<div>Liczba stron:\u00a0<span class=\"meta-value-bold\">342<\/span><\/div>\n<div>Rok wydania:\u00a0<span class=\"meta-value-bold\">2025<\/span><\/div>\n<div>J\u0119zyk wydania:\u00a0<span class=\"meta-value-bold\">polski<\/span><\/div>\n<\/div>\n<div><\/div>\n<div>Szczeg\u00f3\u0142owa klasyfikacja dochod\u00f3w, wydatk\u00f3w, przychod\u00f3w i rozchod\u00f3w oraz \u015brodk\u00f3w pochodz\u0105cych ze \u017ar\u00f3de\u0142 zagranicznych wprowadzona rozporz\u0105dzeniem Ministra Finans\u00f3w z dnia 2 marca 2010 r. (t.j. Dz.U. z 2022 r. poz. 513 z po\u017an. zm.), z uwzgl\u0119dnieniem zmian wynikaj\u0105cych z nowelizacji rozporz\u0105dzenia z dnia 13 grudnia 2024 r. (Dz.U. poz. 1872) obowi\u0105zuj\u0105cych od dnia 1 stycznia 2025 r.<br \/>\nW publikacji:<br \/>\n&#8211; ujednolicony tekst klasyfikacji z zaznaczeniem zmian wprowadzonych nowelizacj\u0105 obowi\u0105zuj\u0105ca od 1 stycznia 2025 r. \u2013 jednostki samorz\u0105du terytorialnego maj\u0105 obowi\u0105zek dostosowania uchwa\u0142 bud\u017cetowych na rok 2025 do zmian w terminie 3 miesi\u0119cy od dnia 1 stycznia 2025 r.,<br \/>\n&#8211; om\u00f3wienie najnowszych zmian obowi\u0105zuj\u0105cych od 1 stycznia 2025 r., w tym m.in. nowe rozdzia\u0142y 75834 Subwencja og\u00f3lna dla jednostki samorz\u0105du terytorialnego, 75835 Rezerwa na uzupe\u0142nienie dochod\u00f3w jednostek samorz\u0105du terytorialnego; nowe paragrafy 238 \u015arodki na uzupe\u0142nienie dochod\u00f3w miast na prawach powiatu\u201d oraz 681\u2013684 dla \u015brodk\u00f3w pochodz\u0105cych z rezerwy, o kt\u00f3rej mowa w art. 34 ustawy na uzupe\u0142nienie dochod\u00f3w JST;<br \/>\n&#8211; szczeg\u00f3\u0142owe tabele zawieraj\u0105ce najcz\u0119\u015bciej wyst\u0119puj\u0105ce podzia\u0142ki klasyfikacji odr\u0119bnie dla dochod\u00f3w i wydatk\u00f3w gmin oraz dochod\u00f3w i wydatk\u00f3w powiat\u00f3w;<br \/>\n&#8211; komentarze odnosz\u0105ce si\u0119 do \u017ar\u00f3de\u0142 dochod\u00f3w i wydatk\u00f3w publicznych, przychod\u00f3w i rozchod\u00f3w;<br \/>\n&#8211; przyk\u0142ady najcz\u0119\u015bciej planowanych oraz budz\u0105cych w\u0105tpliwo\u015bci paragraf\u00f3w dochod\u00f3w i wydatk\u00f3w wraz ze wskazaniem ich przeznaczenia.<\/p>\n<p>W opracowaniu wykorzystano opinie i uchwa\u0142y regionalnych izb obrachunkowych, kt\u00f3re stanowi\u0105 niezb\u0119dn\u0105 pomoc dla jednostek samorz\u0105du terytorialnego w planowaniu i wykonywaniu na\u0142o\u017conych przepisami zada\u0144.<br \/>\nSuplement elektroniczny w formacie PDF u\u0142atwia odszukanie odpowiedniego paragrafu klasyfikacji \u2013 plik mo\u017cna pobra\u0107 przez Internet \u2013 szczeg\u00f3\u0142ow\u0105 instrukcj\u0119 zamieszczono w ksi\u0105\u017cce.<\/p><\/div>\n","protected":false},"excerpt":{"rendered":"<p>Autor: Magdalena Majdrowicz-Dmitrzak Joanna Fr\u0105ckowiak Wydawca:\u00a0ODDK Oprawa:\u00a0Mi\u0119kka Liczba stron:\u00a0342 Rok [&hellip;]<\/p>\n","protected":false},"featured_media":19961,"template":"","meta":[],"product_brand":[],"product_cat":[19,7500,7530,22,23],"product_tag":[8468],"class_list":{"0":"post-19960","1":"product","2":"type-product","3":"status-publish","4":"has-post-thumbnail","6":"product_cat-finanse-i-prawo-finansowe","7":"product_cat-finanse-publiczne","8":"product_cat-nowosci","9":"product_cat-podatki-i-prawo-podatkowe","10":"product_cat-rachunkowosc","11":"product_tag-szczegolowa-klasyfikacja-dochodow","13":"first","14":"instock","15":"sale","16":"shipping-taxable","17":"purchasable","18":"product-type-simple"},"_links":{"self":[{"href":"https:\/\/ksiegarnia-akademicka.pl\/index.php\/wp-json\/wp\/v2\/product\/19960","targetHints":{"allow":["GET"]}}],"collection":[{"href":"https:\/\/ksiegarnia-akademicka.pl\/index.php\/wp-json\/wp\/v2\/product"}],"about":[{"href":"https:\/\/ksiegarnia-akademicka.pl\/index.php\/wp-json\/wp\/v2\/types\/product"}],"wp:featuredmedia":[{"embeddable":true,"href":"https:\/\/ksiegarnia-akademicka.pl\/index.php\/wp-json\/wp\/v2\/media\/19961"}],"wp:attachment":[{"href":"https:\/\/ksiegarnia-akademicka.pl\/index.php\/wp-json\/wp\/v2\/media?parent=19960"}],"wp:term":[{"taxonomy":"product_brand","embeddable":true,"href":"https:\/\/ksiegarnia-akademicka.pl\/index.php\/wp-json\/wp\/v2\/product_brand?post=19960"},{"taxonomy":"product_cat","embeddable":true,"href":"https:\/\/ksiegarnia-akademicka.pl\/index.php\/wp-json\/wp\/v2\/product_cat?post=19960"},{"taxonomy":"product_tag","embeddable":true,"href":"https:\/\/ksiegarnia-akademicka.pl\/index.php\/wp-json\/wp\/v2\/product_tag?post=19960"}],"curies":[{"name":"wp","href":"https:\/\/api.w.org\/{rel}","templated":true}]}}