{"id":19955,"date":"2025-01-27T09:58:17","date_gmt":"2025-01-27T08:58:17","guid":{"rendered":"http:\/\/ksiegarnia-akademicka.pl\/?post_type=product&#038;p=19955"},"modified":"2025-01-27T09:58:18","modified_gmt":"2025-01-27T08:58:18","slug":"openai-api-receptury-tworzenie-inteligentnych-aplikacji-chatbotow-wirtualnych-asystentow-i-generatorow-tresci","status":"publish","type":"product","link":"https:\/\/ksiegarnia-akademicka.pl\/index.php\/product\/openai-api-receptury-tworzenie-inteligentnych-aplikacji-chatbotow-wirtualnych-asystentow-i-generatorow-tresci\/","title":{"rendered":"OpenAI API. Receptury. Tworzenie inteligentnych aplikacji, chatbot\u00f3w, wirtualnych asystent\u00f3w i generator\u00f3w tre\u015bci"},"content":{"rendered":"<div class=\"grupa osoby\"><span class=\"meta-head-blue\">Autor:<\/span><\/p>\n<ul>\n<li class=\"meta-value\">Habib Henry<\/li>\n<\/ul>\n<\/div>\n<div class=\"grupa osoby\"><span class=\"meta-head-blue\">T\u0142umacze:<\/span>\u00a0<span class=\"meta-value\">Werner Grzegorz<\/span><\/div>\n<div class=\"grupa wydawca\"><span class=\"meta-head\">Wydawca:<\/span>\u00a0Helion<\/div>\n<div class=\"grupa dane\">\n<div>Oprawa:\u00a0<span class=\"meta-value-bold\">Mi\u0119kka<\/span><\/div>\n<div>Format:\u00a0<span class=\"meta-value-bold\">16.5&#215;23.5cm<\/span><\/div>\n<div>Liczba stron:\u00a0<span class=\"meta-value-bold\">176<\/span><\/div>\n<div>Rok wydania:\u00a0<span class=\"meta-value-bold\">2025<\/span><\/div>\n<div>J\u0119zyk wydania:\u00a0<span class=\"meta-value-bold\">polski<\/span><\/div>\n<\/div>\n<div><\/div>\n<div>Firma OpenAI pozostaje niekwestionowanym liderem bada\u0144 nad sztuczn\u0105 inteligencj\u0105. Dzi\u0119ki udost\u0119pnianym przez ni\u0105 rozwi\u0105zaniom tworzenie innowacyjnych aplikacji, takich jak czatboty, wirtualne asystenty, generatory tre\u015bci i narz\u0119dzia zwi\u0119kszaj\u0105ce produktywno\u015b\u0107, sta\u0142o si\u0119 o wiele prostsze. Bezsprzecznie powszechna dost\u0119pno\u015b\u0107 technologii AI zmienia zasady gry!<\/p>\n<p>Receptury zawarte w tym zbiorze u\u0142atwi\u0105 Ci budow\u0119 szerokiej gamy inteligentnych aplikacji. Zaczniesz od podstaw OpenAI API &#8211; konfiguracji, uwierzytelniania i kluczowych parametr\u00f3w &#8211; po czym szybko przejdziesz do nauki korzystania z najwa\u017cniejszych element\u00f3w API. Nast\u0119pnie przyjdzie czas na zaawansowane receptury, dzi\u0119ki kt\u00f3rym poprawisz wra\u017cenia u\u017cytkownika i dopracujesz dane wyj\u015bciowe. Dowiesz si\u0119, jak wdra\u017ca\u0107 aplikacje i przygotowa\u0107 je do publicznego u\u017cytku. Nauczysz si\u0119 r\u00f3wnie\u017c budowania inteligentnych asystent\u00f3w opartych na specjalistycznej wiedzy, a tak\u017ce aplikacji multimodalnych dostosowanych do Twoich specyficznych potrzeb.<\/p>\n<p>W ksi\u0105\u017cce:<\/p>\n<p>podstawy interfejsu OpenAI API, jego mo\u017cliwo\u015bci i ograniczenia<br \/>\nkonfiguracja OpenAI API krok po kroku<br \/>\nzaawansowane funkcje, w tym komunikat systemowy i dostrajanie<br \/>\nintegracja OpenAI API z istniej\u0105cymi aplikacjami i procesami<br \/>\nprojektowanie aplikacji wykorzystuj\u0105cych w pe\u0142ni mo\u017cliwo\u015bci OpenAI API<\/p><\/div>\n","protected":false},"excerpt":{"rendered":"<p>Autor: Habib Henry T\u0142umacze:\u00a0Werner Grzegorz Wydawca:\u00a0Helion Oprawa:\u00a0Mi\u0119kka Format:\u00a016.5&#215;23.5cm Liczba stron:\u00a0176 [&hellip;]<\/p>\n","protected":false},"featured_media":19956,"template":"","meta":[],"product_brand":[],"product_cat":[36,7530],"product_tag":[8467,7475],"class_list":{"0":"post-19955","1":"product","2":"type-product","3":"status-publish","4":"has-post-thumbnail","6":"product_cat-informatyka","7":"product_cat-nowosci","8":"product_tag-openai","9":"product_tag-sztuczna-inteligencja","11":"first","12":"instock","13":"sale","14":"shipping-taxable","15":"purchasable","16":"product-type-simple"},"_links":{"self":[{"href":"https:\/\/ksiegarnia-akademicka.pl\/index.php\/wp-json\/wp\/v2\/product\/19955","targetHints":{"allow":["GET"]}}],"collection":[{"href":"https:\/\/ksiegarnia-akademicka.pl\/index.php\/wp-json\/wp\/v2\/product"}],"about":[{"href":"https:\/\/ksiegarnia-akademicka.pl\/index.php\/wp-json\/wp\/v2\/types\/product"}],"wp:featuredmedia":[{"embeddable":true,"href":"https:\/\/ksiegarnia-akademicka.pl\/index.php\/wp-json\/wp\/v2\/media\/19956"}],"wp:attachment":[{"href":"https:\/\/ksiegarnia-akademicka.pl\/index.php\/wp-json\/wp\/v2\/media?parent=19955"}],"wp:term":[{"taxonomy":"product_brand","embeddable":true,"href":"https:\/\/ksiegarnia-akademicka.pl\/index.php\/wp-json\/wp\/v2\/product_brand?post=19955"},{"taxonomy":"product_cat","embeddable":true,"href":"https:\/\/ksiegarnia-akademicka.pl\/index.php\/wp-json\/wp\/v2\/product_cat?post=19955"},{"taxonomy":"product_tag","embeddable":true,"href":"https:\/\/ksiegarnia-akademicka.pl\/index.php\/wp-json\/wp\/v2\/product_tag?post=19955"}],"curies":[{"name":"wp","href":"https:\/\/api.w.org\/{rel}","templated":true}]}}