{"id":19920,"date":"2025-01-24T11:44:19","date_gmt":"2025-01-24T10:44:19","guid":{"rendered":"http:\/\/ksiegarnia-akademicka.pl\/?post_type=product&#038;p=19920"},"modified":"2025-01-24T11:44:19","modified_gmt":"2025-01-24T10:44:19","slug":"afryka-subsaharyjska-w-stosunkach-miedzynarodowych","status":"publish","type":"product","link":"https:\/\/ksiegarnia-akademicka.pl\/index.php\/product\/afryka-subsaharyjska-w-stosunkach-miedzynarodowych\/","title":{"rendered":"Afryka Subsaharyjska w stosunkach mi\u0119dzynarodowych"},"content":{"rendered":"<div class=\"grupa osoby\"><span class=\"meta-head\">Autor:<\/span><\/p>\n<ul>\n<li class=\"meta-value\">Andrzej Polus<\/li>\n<\/ul>\n<\/div>\n<div class=\"grupa wydawca\"><span class=\"meta-head\">Wydawca:<\/span>\u00a0Scholar<\/div>\n<div class=\"grupa dane\">\n<div>Oprawa:\u00a0<span class=\"meta-value-bold\">Mi\u0119kka<\/span><\/div>\n<div>Liczba stron:\u00a0<span class=\"meta-value-bold\">230<\/span><\/div>\n<div>Rok wydania:\u00a0<span class=\"meta-value-bold\">2025<\/span><\/div>\n<div>J\u0119zyk wydania:\u00a0<span class=\"meta-value-bold\">polski<\/span><\/div>\n<\/div>\n<div><\/div>\n<div>Ksi\u0105\u017cka zawiera elementy analizy sytuacji w Afryce z perspektywy nauki o stosunkach mi\u0119dzynarodowych, ale z silnym udzia\u0142em wielodyscyplinarno\u015bci \u2013 zw\u0142aszcza nauk o polityce (rozwa\u017cania nad afryka\u0144skim pa\u0144stwem) czy ekonomii (procesy zmian spo\u0142eczno-ekonomicznych, polityka rozwojowa). (&#8230;) Autor raczej krytycznie odnosi si\u0119 do niedawnych ocen wskazuj\u0105cych, \u017ce Afryka w wyniku reform zainicjowanych w pierwszej dekadzie pozimnowojennej b\u0119dzie w stanie na trwale wyeliminowa\u0107 stereotypowe opinie o zmarginalizowanym kontynencie \u2013 sukcesy gospodarcze pierwszych kilkunastu lat XXI stulecia s\u0105 raczej konsekwencj\u0105 zwi\u0119kszenia eksportu surowc\u00f3w z pa\u0144stw afryka\u0144skich do kraj\u00f3w trzecich, a nie trwa\u0142\u0105 zmian\u0105 pozycji Afryki w mi\u0119dzynarodowym podziale pracy.<br \/>\ndr hab. Wies\u0142aw Lizak, UW<\/p>\n<p>Punktem wyj\u015bcia jest Afryka zmarginalizowana \u2013 i w dyskursie, i w postrzeganiu, i w realnych procesach politycznych oraz gospodarczych. Autor w znakomity spos\u00f3b pokazuje, jak te trzy strefy si\u0119 wzajemnie przenikaj\u0105, tworz\u0105c co\u015b na kszta\u0142t sprz\u0119\u017cenia zwrotnego. (\u2026) Andrzej Polus, teoretyk stosunk\u00f3w mi\u0119dzynarodowych, celnie opisuj\u0105cy rzeczywisto\u015b\u0107 Afryki, robi to w spos\u00f3b oryginalny i jednocze\u015bnie przyst\u0119pny, plastycznie obja\u015bniaj\u0105c trudne poj\u0119cia, takie jak neopatrymonializm czy dependencja.<br \/>\nDr hab.. Dominik Kopi\u0144ski, prof.. Uwr<\/p><\/div>\n","protected":false},"excerpt":{"rendered":"<p>Autor: Andrzej Polus Wydawca:\u00a0Scholar Oprawa:\u00a0Mi\u0119kka Liczba stron:\u00a0230 Rok wydania:\u00a02025 J\u0119zyk [&hellip;]<\/p>\n","protected":false},"featured_media":19921,"template":"","meta":[],"product_brand":[],"product_cat":[27,7530,7507],"product_tag":[7731,74],"class_list":{"0":"post-19920","1":"product","2":"type-product","3":"status-publish","4":"has-post-thumbnail","6":"product_cat-nauki-spoleczne","7":"product_cat-nowosci","8":"product_cat-politologia","9":"product_tag-afryka-subsaharyjska","10":"product_tag-politologia","12":"first","13":"instock","14":"sale","15":"shipping-taxable","16":"purchasable","17":"product-type-simple"},"_links":{"self":[{"href":"https:\/\/ksiegarnia-akademicka.pl\/index.php\/wp-json\/wp\/v2\/product\/19920","targetHints":{"allow":["GET"]}}],"collection":[{"href":"https:\/\/ksiegarnia-akademicka.pl\/index.php\/wp-json\/wp\/v2\/product"}],"about":[{"href":"https:\/\/ksiegarnia-akademicka.pl\/index.php\/wp-json\/wp\/v2\/types\/product"}],"wp:featuredmedia":[{"embeddable":true,"href":"https:\/\/ksiegarnia-akademicka.pl\/index.php\/wp-json\/wp\/v2\/media\/19921"}],"wp:attachment":[{"href":"https:\/\/ksiegarnia-akademicka.pl\/index.php\/wp-json\/wp\/v2\/media?parent=19920"}],"wp:term":[{"taxonomy":"product_brand","embeddable":true,"href":"https:\/\/ksiegarnia-akademicka.pl\/index.php\/wp-json\/wp\/v2\/product_brand?post=19920"},{"taxonomy":"product_cat","embeddable":true,"href":"https:\/\/ksiegarnia-akademicka.pl\/index.php\/wp-json\/wp\/v2\/product_cat?post=19920"},{"taxonomy":"product_tag","embeddable":true,"href":"https:\/\/ksiegarnia-akademicka.pl\/index.php\/wp-json\/wp\/v2\/product_tag?post=19920"}],"curies":[{"name":"wp","href":"https:\/\/api.w.org\/{rel}","templated":true}]}}