{"id":19916,"date":"2025-01-24T11:30:58","date_gmt":"2025-01-24T10:30:58","guid":{"rendered":"http:\/\/ksiegarnia-akademicka.pl\/?post_type=product&#038;p=19916"},"modified":"2025-01-24T11:30:58","modified_gmt":"2025-01-24T10:30:58","slug":"kompetencje-rady-pedagogicznej-komentarz-praktyczny-wzory-uchwal","status":"publish","type":"product","link":"https:\/\/ksiegarnia-akademicka.pl\/index.php\/product\/kompetencje-rady-pedagogicznej-komentarz-praktyczny-wzory-uchwal\/","title":{"rendered":"Kompetencje rady pedagogicznej Komentarz praktyczny Wzory uchwa\u0142"},"content":{"rendered":"<div class=\"grupa osoby\"><span class=\"meta-head\">Autor:<\/span><\/p>\n<ul>\n<li class=\"meta-value\">Piotr G\u0105siorek<\/li>\n<\/ul>\n<\/div>\n<div class=\"grupa wydawca\"><span class=\"meta-head\">Wydawca:<\/span>\u00a0Wolters Kluwer<\/div>\n<div class=\"grupa dane\">\n<div>Oprawa:\u00a0<span class=\"meta-value-bold\">Mi\u0119kka<\/span><\/div>\n<div>Liczba stron:\u00a0<span class=\"meta-value-bold\">216<\/span><\/div>\n<div>Wydanie:\u00a0<span class=\"meta-value-bold\">4<\/span><\/div>\n<div>Rok wydania:\u00a0<span class=\"meta-value-bold\">2024<\/span><\/div>\n<div>J\u0119zyk wydania:\u00a0<span class=\"meta-value-bold\">polski<\/span><\/div>\n<\/div>\n<div><\/div>\n<div>Publikacja w spos\u00f3b kompleksowy przedstawia kompetencje rady pedagogicznej publicznego przedszkola, szko\u0142y i plac\u00f3wki wynikaj\u0105ce z powszechnie obowi\u0105zuj\u0105cych przepis\u00f3w prawa \u2013 ustaw i rozporz\u0105dze\u0144, w tym zwi\u0105zanych z kszta\u0142ceniem na odleg\u0142o\u015b\u0107, a tak\u017ce ramowych plan\u00f3w nauczania dla publicznych szk\u00f3\u0142.<\/p>\n<p>Autor szczeg\u00f3\u0142owo omawia: kompetencje stanowi\u0105ce, opinie oraz wyst\u0105pienia rady pedagogicznej o opinie i zgody, a tak\u017ce porozumienia, zgody i wnioski.<br \/>\nDla ka\u017cdej kompetencji zosta\u0142a wskazana podstawa prawna oraz informacja, w jakim typie jednostki o\u015bwiatowej jest wykonywana. Opisy uzupe\u0142niono przyk\u0142adami uchwa\u0142 rady pedagogicznej podj\u0119tymi w zakresie ka\u017cdej z nich.<\/p>\n<p>W najnowszym wydaniu zmodyfikowano istniej\u0105ce i dodano nowe kompetencje, przyk\u0142ady i wzory uchwa\u0142 rady pedagogicznej, w tym wz\u00f3r regulaminu dzia\u0142alno\u015bci rady pedagogicznej.<\/p><\/div>\n","protected":false},"excerpt":{"rendered":"<p>Autor: Piotr G\u0105siorek Wydawca:\u00a0Wolters Kluwer Oprawa:\u00a0Mi\u0119kka Liczba stron:\u00a0216 Wydanie:\u00a04 Rok [&hellip;]<\/p>\n","protected":false},"featured_media":19917,"template":"","meta":[],"product_brand":[],"product_cat":[7492,7530,28,18],"product_tag":[242,45],"class_list":{"0":"post-19916","1":"product","2":"type-product","3":"status-publish","4":"has-post-thumbnail","6":"product_cat-administracyjne","7":"product_cat-nowosci","8":"product_cat-pedagogika","9":"product_cat-prawo","10":"product_tag-oswiata","11":"product_tag-szkolnictwo","13":"first","14":"instock","15":"sale","16":"shipping-taxable","17":"purchasable","18":"product-type-simple"},"_links":{"self":[{"href":"https:\/\/ksiegarnia-akademicka.pl\/index.php\/wp-json\/wp\/v2\/product\/19916","targetHints":{"allow":["GET"]}}],"collection":[{"href":"https:\/\/ksiegarnia-akademicka.pl\/index.php\/wp-json\/wp\/v2\/product"}],"about":[{"href":"https:\/\/ksiegarnia-akademicka.pl\/index.php\/wp-json\/wp\/v2\/types\/product"}],"wp:featuredmedia":[{"embeddable":true,"href":"https:\/\/ksiegarnia-akademicka.pl\/index.php\/wp-json\/wp\/v2\/media\/19917"}],"wp:attachment":[{"href":"https:\/\/ksiegarnia-akademicka.pl\/index.php\/wp-json\/wp\/v2\/media?parent=19916"}],"wp:term":[{"taxonomy":"product_brand","embeddable":true,"href":"https:\/\/ksiegarnia-akademicka.pl\/index.php\/wp-json\/wp\/v2\/product_brand?post=19916"},{"taxonomy":"product_cat","embeddable":true,"href":"https:\/\/ksiegarnia-akademicka.pl\/index.php\/wp-json\/wp\/v2\/product_cat?post=19916"},{"taxonomy":"product_tag","embeddable":true,"href":"https:\/\/ksiegarnia-akademicka.pl\/index.php\/wp-json\/wp\/v2\/product_tag?post=19916"}],"curies":[{"name":"wp","href":"https:\/\/api.w.org\/{rel}","templated":true}]}}