{"id":19870,"date":"2025-01-22T12:56:32","date_gmt":"2025-01-22T11:56:32","guid":{"rendered":"http:\/\/ksiegarnia-akademicka.pl\/?post_type=product&#038;p=19870"},"modified":"2025-01-22T12:56:32","modified_gmt":"2025-01-22T11:56:32","slug":"medycyna-ortopedyczna-wedlug-cyriax","status":"publish","type":"product","link":"https:\/\/ksiegarnia-akademicka.pl\/index.php\/product\/medycyna-ortopedyczna-wedlug-cyriax\/","title":{"rendered":"Medycyna ortopedyczna wed\u0142ug Cyriax"},"content":{"rendered":"<div class=\"grupa osoby\"><span class=\"meta-head\">Autor:<\/span><\/p>\n<ul>\n<li class=\"meta-value\">E. Atkins<\/li>\n<\/ul>\n<\/div>\n<div class=\"grupa osoby\"><span class=\"meta-head-blue\">Redakcja:<\/span>\u00a0<span class=\"meta-value\">R\u0119bisz M.<\/span><\/div>\n<div class=\"grupa osoby\"><span class=\"meta-head-blue\">Ilustracje:<\/span>\u00a0<span class=\"meta-value\">Urban &amp; Partner sp. z o.o.<\/span><\/div>\n<div class=\"grupa wydawca\"><span class=\"meta-head\">Wydawca:<\/span>\u00a0Edra Urban &amp; Partner<\/div>\n<div class=\"grupa dane\">\n<div>Oprawa:\u00a0<span class=\"meta-value-bold\">Mi\u0119kka<\/span><\/div>\n<div>Format:\u00a0<span class=\"meta-value-bold\">21.0&#215;27.0cm<\/span><\/div>\n<div>Liczba stron:\u00a0<span class=\"meta-value-bold\">556<\/span><\/div>\n<div>Wydanie:\u00a0<span class=\"meta-value-bold\">5<\/span><\/div>\n<div>Rok wydania:\u00a0<span class=\"meta-value-bold\">2025<\/span><\/div>\n<div>J\u0119zyk wydania:\u00a0<span class=\"meta-value-bold\">polski<\/span><\/div>\n<\/div>\n<div><\/div>\n<div>Mimo up\u0142ywu lat i powstania nowych metod diagnostyki obrazowej, test\u00f3w klinicznych i palpacji badanie ortopedyczne wed\u0142ug Cyriaxa pozostaje najbardziej uniwersalnym, prostym i logicznym systemem s\u0142u\u017c\u0105cym do wst\u0119pnej oceny tkanek narz\u0105du ruchu dla terapeut\u00f3w d\u0105\u017c\u0105cych do postawienia prawdopodobnego rozpoznania, symptomatycznej i dok\u0142adnej lokalizacji uszkodzonej tkanki. Dotychczas nikomu nie uda\u0142o si\u0119 stworzy\u0107 badania standardowego danego stawu, kt\u00f3re przeanalizuje wi\u0119kszo\u015b\u0107 tkanek w danym obszarze w tak kr\u00f3tkim czasie, z wyci\u0105gni\u0119ciem tak wielu konkluzji klinicznych. Tutaj nale\u017cy doszukiwa\u0107 si\u0119 geniuszu dr. Cyriaxa w niewyobra\u017calnej prostocie rozpoznawania i t\u0142umaczenia skomplikowanych obraz\u00f3w klinicznych na podstawie anatomii stosowanej i biomechaniki.<\/p>\n<p>Podr\u0119cznik Medycyna ortopedyczna wed\u0142ug Cyriaxa to dziedzictwo wiedzy i do\u015bwiadczenia dr. Cyriaxa w najpi\u0119kniejszej formie, zaktualizowane o badania naukowe, unowocze\u015bnione, przeanalizowane i kontynuowane, ale co najwa\u017cniejsze niezmienne. Autorki wskazuj\u0105 w spos\u00f3b niezwykle precyzyjny na istotno\u015b\u0107 kliniczn\u0105 diagnozy, a co za tym idzie doboru celowanego leczenia.<\/p>\n<p>Polski czytelnik po raz pierwszy spotyka si\u0119 z podej\u015bciem opartym na tak kompleksowym i precyzyjnym modelu leczenia uszkodze\u0144 narz\u0105du ruchu. Zostanie poprowadzony przez niespotykany dot\u0105d w literaturze, wnikliwy proces rozumowania klinicznego, zako\u0144czony precyzyjnym rozpoznaniem opieraj\u0105cym si\u0119 na Evidence Based Medicine wraz z post\u0119powaniem leczniczym wspartym praktycznymi technikami w postaci element\u00f3w medycznego treningu terapeutycznego, mobilizacji\/ manipulacji staw\u00f3w, iniekcji i infiltracji czy g\u0142\u0119bokiego masa\u017cu poprzecznego. Tworzy to podr\u0119cznik uniwersalny dla ka\u017cdego specjalisty, kt\u00f3ry zajmuje si\u0119 leczeniem chor\u00f3b narz\u0105du ruchu, a przede wszystkim dla fizjoterapeut\u00f3w i lekarzy.<\/p><\/div>\n","protected":false},"excerpt":{"rendered":"<p>Autor: E. Atkins Redakcja:\u00a0R\u0119bisz M. Ilustracje:\u00a0Urban &amp; Partner sp. z [&hellip;]<\/p>\n","protected":false},"featured_media":19871,"template":"","meta":[],"product_brand":[],"product_cat":[7493,7530,8309],"product_tag":[8450,8449],"class_list":{"0":"post-19870","1":"product","2":"type-product","3":"status-publish","4":"has-post-thumbnail","6":"product_cat-medycyna","7":"product_cat-nowosci","8":"product_cat-ortopedia","9":"product_tag-cyriax","10":"product_tag-medycyna-ortopedyczna","12":"first","13":"instock","14":"sale","15":"shipping-taxable","16":"purchasable","17":"product-type-simple"},"_links":{"self":[{"href":"https:\/\/ksiegarnia-akademicka.pl\/index.php\/wp-json\/wp\/v2\/product\/19870","targetHints":{"allow":["GET"]}}],"collection":[{"href":"https:\/\/ksiegarnia-akademicka.pl\/index.php\/wp-json\/wp\/v2\/product"}],"about":[{"href":"https:\/\/ksiegarnia-akademicka.pl\/index.php\/wp-json\/wp\/v2\/types\/product"}],"wp:featuredmedia":[{"embeddable":true,"href":"https:\/\/ksiegarnia-akademicka.pl\/index.php\/wp-json\/wp\/v2\/media\/19871"}],"wp:attachment":[{"href":"https:\/\/ksiegarnia-akademicka.pl\/index.php\/wp-json\/wp\/v2\/media?parent=19870"}],"wp:term":[{"taxonomy":"product_brand","embeddable":true,"href":"https:\/\/ksiegarnia-akademicka.pl\/index.php\/wp-json\/wp\/v2\/product_brand?post=19870"},{"taxonomy":"product_cat","embeddable":true,"href":"https:\/\/ksiegarnia-akademicka.pl\/index.php\/wp-json\/wp\/v2\/product_cat?post=19870"},{"taxonomy":"product_tag","embeddable":true,"href":"https:\/\/ksiegarnia-akademicka.pl\/index.php\/wp-json\/wp\/v2\/product_tag?post=19870"}],"curies":[{"name":"wp","href":"https:\/\/api.w.org\/{rel}","templated":true}]}}