{"id":19855,"date":"2025-01-21T08:39:26","date_gmt":"2025-01-21T07:39:26","guid":{"rendered":"http:\/\/ksiegarnia-akademicka.pl\/?post_type=product&#038;p=19855"},"modified":"2025-01-21T08:39:26","modified_gmt":"2025-01-21T07:39:26","slug":"nauczyciel-jezyka-obcego-zawodowego-koncepcje-potrzeby-rekomendacje","status":"publish","type":"product","link":"https:\/\/ksiegarnia-akademicka.pl\/index.php\/product\/nauczyciel-jezyka-obcego-zawodowego-koncepcje-potrzeby-rekomendacje\/","title":{"rendered":"Nauczyciel j\u0119zyka obcego zawodowego. Koncepcje, potrzeby, rekomendacje"},"content":{"rendered":"<div class=\"grupa osoby\"><span class=\"meta-head-blue\">Autor:<\/span><\/p>\n<ul>\n<li class=\"meta-value\">Sowa Magdalena<\/li>\n<\/ul>\n<\/div>\n<div class=\"grupa wydawca\"><span class=\"meta-head\">Wydawca:<\/span>\u00a0UMCS<\/div>\n<div class=\"grupa dane\">\n<div>Oprawa:\u00a0<span class=\"meta-value-bold\">Twarda<\/span><\/div>\n<div>Liczba stron:\u00a0<span class=\"meta-value-bold\">382<\/span><\/div>\n<div>Rok wydania:\u00a0<span class=\"meta-value-bold\">2024<\/span><\/div>\n<div>J\u0119zyk wydania:\u00a0<span class=\"meta-value-bold\">polski<\/span><\/div>\n<\/div>\n<div><\/div>\n<div>\u201eMonografia dr hab. Magdaleny Sowy (&#8230;) to jedna z wci\u0105\u017c nielicznych publikacji ksi\u0105\u017ckowych na temat edukacji j\u0119zykowej dla cel\u00f3w zawodowych, tym bardziej warto\u015bciowa, i\u017c koncentruje si\u0119 nie na ucz\u0105cym si\u0119 (&#8230;), a na nauczycielu j\u0119zyka obcego zawodowego, co stanowi rzadko\u015b\u0107 w literaturze przedmiotu. (&#8230;) publikacja prezentuje wysoki poziom merytoryczny, uwzgl\u0119dnia najnowsze tendencje w tej dziedzinie, zawiera te\u017c praktyczne wskaz\u00f3wki i rozwi\u0105zania, a przy tym ustrukturyzowana i napisana jest bardzo klarownie. Jestem przekonana, \u017ce (&#8230;) oka\u017ce si\u0119 znacz\u0105cym tomem, przeznaczonym dla bardzo szerokiego kr\u0119gu czytelnik\u00f3w\u201d.<\/p>\n<p>prof. dr hab. Hanna Komorowska<br \/>\nz recenzji wydawniczej<\/p>\n<p>\u201eNauczanie J\u0119zyka obcego zawodowego (JOZ) w szkolnictwie bran\u017cowym to swoista terra incognita dla bardzo szerokiego spektrum zainteresowanych, pocz\u0105wszy od decydent\u00f3w o\u015bwiatowych, doradc\u00f3w zawodowych i metodycznych, przez nauczycieli j\u0119zyk\u00f3w obcych, a\u017c po instytucje kszta\u0142c\u0105ce nauczycieli j\u0119zyk\u00f3w obcych. Odnotowany stan (nie)wiedzy o nauczaniu i nauczycielu JOZ w szkole bran\u017cowej to jeden z zasadniczych powod\u00f3w powstania niniejszej publikacji. Wed\u0142ug mojego rozeznania jest to pierwsze opracowanie po\u015bwi\u0119cone nauczycielowi i nauczaniu JOZ w szkolnictwie bran\u017cowym, kt\u00f3re mo\u017ce \u2013 mam nadziej\u0119 \u2013 wype\u0142ni\u0107 chocia\u017c w niewielkim stopniu luk\u0119 poznawcz\u0105 oraz wydawnicz\u0105 w kwestii dydaktyki j\u0119zyk\u00f3w obcych zawodowych w tym obszernym sektorze polskiej o\u015bwiaty\u201d.<\/p>\n<p>ze Wst\u0119pu<\/p><\/div>\n","protected":false},"excerpt":{"rendered":"<p>Autor: Sowa Magdalena Wydawca:\u00a0UMCS Oprawa:\u00a0Twarda Liczba stron:\u00a0382 Rok wydania:\u00a02024 J\u0119zyk [&hellip;]<\/p>\n","protected":false},"featured_media":19856,"template":"","meta":[],"product_brand":[],"product_cat":[8170,7530,28],"product_tag":[8445,8446],"class_list":{"0":"post-19855","1":"product","2":"type-product","3":"status-publish","4":"has-post-thumbnail","6":"product_cat-jezykoznawstwo","7":"product_cat-nowosci","8":"product_cat-pedagogika","9":"product_tag-edukacja-jezykowa","10":"product_tag-jezyk-obcy-zawodowy","12":"first","13":"instock","14":"sale","15":"shipping-taxable","16":"purchasable","17":"product-type-simple"},"_links":{"self":[{"href":"https:\/\/ksiegarnia-akademicka.pl\/index.php\/wp-json\/wp\/v2\/product\/19855","targetHints":{"allow":["GET"]}}],"collection":[{"href":"https:\/\/ksiegarnia-akademicka.pl\/index.php\/wp-json\/wp\/v2\/product"}],"about":[{"href":"https:\/\/ksiegarnia-akademicka.pl\/index.php\/wp-json\/wp\/v2\/types\/product"}],"wp:featuredmedia":[{"embeddable":true,"href":"https:\/\/ksiegarnia-akademicka.pl\/index.php\/wp-json\/wp\/v2\/media\/19856"}],"wp:attachment":[{"href":"https:\/\/ksiegarnia-akademicka.pl\/index.php\/wp-json\/wp\/v2\/media?parent=19855"}],"wp:term":[{"taxonomy":"product_brand","embeddable":true,"href":"https:\/\/ksiegarnia-akademicka.pl\/index.php\/wp-json\/wp\/v2\/product_brand?post=19855"},{"taxonomy":"product_cat","embeddable":true,"href":"https:\/\/ksiegarnia-akademicka.pl\/index.php\/wp-json\/wp\/v2\/product_cat?post=19855"},{"taxonomy":"product_tag","embeddable":true,"href":"https:\/\/ksiegarnia-akademicka.pl\/index.php\/wp-json\/wp\/v2\/product_tag?post=19855"}],"curies":[{"name":"wp","href":"https:\/\/api.w.org\/{rel}","templated":true}]}}