{"id":19844,"date":"2025-01-20T16:18:29","date_gmt":"2025-01-20T15:18:29","guid":{"rendered":"http:\/\/ksiegarnia-akademicka.pl\/?post_type=product&#038;p=19844"},"modified":"2025-01-20T16:18:30","modified_gmt":"2025-01-20T15:18:30","slug":"zamkniecie-roku-2024-sprawozdanie-finansowe-zamkniecie-roku-w-pkpir-inwentaryzacja","status":"publish","type":"product","link":"https:\/\/ksiegarnia-akademicka.pl\/index.php\/product\/zamkniecie-roku-2024-sprawozdanie-finansowe-zamkniecie-roku-w-pkpir-inwentaryzacja\/","title":{"rendered":"Zamkni\u0119cie roku 2024 Sprawozdanie finansowe, Zamkni\u0119cie roku w PKPiR, Inwentaryzacja"},"content":{"rendered":"<div class=\"grupa osoby\"><span class=\"meta-head\">Autor:<\/span><\/p>\n<ul>\n<li class=\"meta-value\">Katarzyna Trzpio\u0142a<\/li>\n<\/ul>\n<\/div>\n<div class=\"grupa wydawca\"><span class=\"meta-head\">Wydawca:<\/span>\u00a0Wiedza i Praktyka<\/div>\n<div class=\"grupa dane\">\n<div>Oprawa:\u00a0<span class=\"meta-value-bold\">Mi\u0119kka<\/span><\/div>\n<div>Liczba stron:\u00a0<span class=\"meta-value-bold\">450<\/span><\/div>\n<div>Rok wydania:\u00a0<span class=\"meta-value-bold\">2025<\/span><\/div>\n<div>J\u0119zyk wydania:\u00a0<span class=\"meta-value-bold\">polski<\/span><\/div>\n<\/div>\n<div><\/div>\n<div>W publikacji tej bardzo szczeg\u00f3\u0142owo opisujemy zagadnienia zwi\u0105zane z zamkni\u0119ciem roku 2024 m.in. inwentaryzacje, sporz\u0105dzenie remanentu, sporz\u0105dzenie sprawozdania finansowego z uwzgl\u0119dnieniem zmian w ustawie o rachunkowo\u015bci, kt\u00f3re maj\u0105 mie\u0107 zastosowanie do sprawozda\u0144 finansowych sporz\u0105dzanych za rok 2024.Dzi\u0119ki tej ksi\u0105\u017cce zamkni\u0119cie roku w Twojej firmie powinno by\u0107 sprawne i szybkie, bez wzgl\u0119du na to czy prowadzisz ewidencje na pe\u0142nych ksi\u0119gach czy w PKPiR. Nasz ekspert pomo\u017ce r\u00f3wnie\u017c przy zmianie ewidencji z PKPiR na pe\u0142ne ksi\u0119gi rachunkowe.<\/div>\n","protected":false},"excerpt":{"rendered":"<p>Autor: Katarzyna Trzpio\u0142a Wydawca:\u00a0Wiedza i Praktyka Oprawa:\u00a0Mi\u0119kka Liczba stron:\u00a0450 Rok [&hellip;]<\/p>\n","protected":false},"featured_media":19845,"template":"","meta":[],"product_brand":[],"product_cat":[7530,23],"product_tag":[1496,5275],"class_list":{"0":"post-19844","1":"product","2":"type-product","3":"status-publish","4":"has-post-thumbnail","6":"product_cat-nowosci","7":"product_cat-rachunkowosc","8":"product_tag-rachunkowosc","9":"product_tag-zamkniecie-roku","11":"first","12":"instock","13":"sale","14":"shipping-taxable","15":"purchasable","16":"product-type-simple"},"_links":{"self":[{"href":"https:\/\/ksiegarnia-akademicka.pl\/index.php\/wp-json\/wp\/v2\/product\/19844","targetHints":{"allow":["GET"]}}],"collection":[{"href":"https:\/\/ksiegarnia-akademicka.pl\/index.php\/wp-json\/wp\/v2\/product"}],"about":[{"href":"https:\/\/ksiegarnia-akademicka.pl\/index.php\/wp-json\/wp\/v2\/types\/product"}],"wp:featuredmedia":[{"embeddable":true,"href":"https:\/\/ksiegarnia-akademicka.pl\/index.php\/wp-json\/wp\/v2\/media\/19845"}],"wp:attachment":[{"href":"https:\/\/ksiegarnia-akademicka.pl\/index.php\/wp-json\/wp\/v2\/media?parent=19844"}],"wp:term":[{"taxonomy":"product_brand","embeddable":true,"href":"https:\/\/ksiegarnia-akademicka.pl\/index.php\/wp-json\/wp\/v2\/product_brand?post=19844"},{"taxonomy":"product_cat","embeddable":true,"href":"https:\/\/ksiegarnia-akademicka.pl\/index.php\/wp-json\/wp\/v2\/product_cat?post=19844"},{"taxonomy":"product_tag","embeddable":true,"href":"https:\/\/ksiegarnia-akademicka.pl\/index.php\/wp-json\/wp\/v2\/product_tag?post=19844"}],"curies":[{"name":"wp","href":"https:\/\/api.w.org\/{rel}","templated":true}]}}