{"id":19838,"date":"2025-01-20T16:09:47","date_gmt":"2025-01-20T15:09:47","guid":{"rendered":"http:\/\/ksiegarnia-akademicka.pl\/?post_type=product&#038;p=19838"},"modified":"2025-01-20T16:09:48","modified_gmt":"2025-01-20T15:09:48","slug":"postepowanie-podatkowe-dla-organow-podatkowych-jst-wzory-pism-postanowien-decyzji-i-zaswiadczen","status":"publish","type":"product","link":"https:\/\/ksiegarnia-akademicka.pl\/index.php\/product\/postepowanie-podatkowe-dla-organow-podatkowych-jst-wzory-pism-postanowien-decyzji-i-zaswiadczen\/","title":{"rendered":"Post\u0119powanie podatkowe dla organ\u00f3w podatkowych JST &#8211; wzory pism, postanowie\u0144, decyzji i za\u015bwiadcze\u0144"},"content":{"rendered":"<div class=\"grupa osoby\"><span class=\"meta-head\">Autor:<\/span><\/p>\n<ul>\n<li class=\"meta-value\">Zofia Wojdylak-Sputowska<\/li>\n<\/ul>\n<\/div>\n<div class=\"grupa wydawca\"><span class=\"meta-head\">Wydawca:<\/span>\u00a0ODDK<\/div>\n<div class=\"grupa dane\">\n<div>Oprawa:\u00a0<span class=\"meta-value-bold\">Mi\u0119kka<\/span><\/div>\n<div>Liczba stron:\u00a0<span class=\"meta-value-bold\">542<\/span><\/div>\n<div>Rok wydania:\u00a0<span class=\"meta-value-bold\">2025<\/span><\/div>\n<div>J\u0119zyk wydania:\u00a0<span class=\"meta-value-bold\">polski<\/span><\/div>\n<\/div>\n<div><\/div>\n<div>Podstaw\u0105 zbioru decyzji, postanowie\u0144 i pism w sprawach podatkowych jest ustawa z dnia 29 sierpnia 1997 r. \u2013 Ordynacja podatkowa (t.j.: Dz. U. z 2023 r. poz. 2383 ze zm.). Niniejsze opracowanie powsta\u0142o z uwagi na ci\u0105g\u0142e istotne zmiany w zakresie uregulowanym t\u0105 ustaw\u0105. Uwzgl\u0119dnia propozycje i sugestie pracownik\u00f3w s\u0142u\u017cb podatkowych z wybranych urz\u0119d\u00f3w gmin oraz biur zwi\u0105zk\u00f3w mi\u0119dzygminnych z ca\u0142ej Polski. Niemniej jednak z uwagi na fakt, \u017ce samorz\u0105dowymi organami podatkowymi s\u0105 tak\u017ce starostwie i marsza\u0142kowie wojew\u00f3dztw \u2013 publikacja jest adresowana do pracownik\u00f3w starostw powiatowych oraz urz\u0119d\u00f3w marsza\u0142kowskich.<\/p>\n<p>W opracowaniu zawarto zbi\u00f3r 182 gotowych do wykorzystania pism procesowych.<br \/>\nNiniejsza publikacja podpowie:<\/p>\n<p>&#8211; jakie dzia\u0142ania podj\u0105\u0107 aby ustanowi\u0107 przedstawiciela dla podatnika nieobecnego;<br \/>\n&#8211; jak wszcz\u0105\u0107 i orzec o odpowiedzialno\u015bci podatkowej spadkobierc\u00f3w;<br \/>\n&#8211; jakie elementy powinna zawiera\u0107 umowa o przeniesienie w\u0142asno\u015bci rzeczy w zamian za zaleg\u0142o\u015bci podatkowe;<br \/>\n&#8211; jakimi orzeczeniami poprawi\u0107 pope\u0142nione b\u0142\u0119dy w decyzjach i postanowieniach;<br \/>\n&#8211; jak w\u0142\u0105czy\u0107 do akt sprawy podatkowej akta z innych post\u0119powa\u0144;<br \/>\n&#8211; jak skonstruowa\u0107 wniosek o udzielenie asysty w czasie kontroli podatkowej;<br \/>\n&#8211; jak skutecznie wezwa\u0107 komornika s\u0105dowego o uiszczenie op\u0142at za przekazane informacje z akt podatkowych.<\/p>\n<p>W stosunku do poprzedniego wydania pochodz\u0105cego z 2016 roku dokonano zmian w zakresie podstaw prawnych i zasad sporz\u0105dzania pism, cz\u0119\u015b\u0107 nieaktualnych wzor\u00f3w zosta\u0142a usuni\u0119ta, za\u015b wprowadzono tak\u017ce wzory nowe, adekwatne do aktualnego stanu prawnego.<\/p>\n<p>Integraln\u0105 cz\u0119\u015bci\u0105 publikacji jest suplement elektroniczny, kt\u00f3ry obejmuje wszystkie wzory dokument\u00f3w zawartych w ksi\u0105\u017cce w formacie MS Word, co umo\u017cliwia bezpo\u015bredni\u0105 prac\u0119 na plikach oraz \u0142atwe i szybkie ich \u201edopasowanie\u201d do indywidualnych wymog\u00f3w i rozwi\u0105za\u0144 stosowanych w jednostce (plik suplementu jest do pobrania przez Internet. Instrukcj\u0119 post\u0119powania zamieszczono w ksi\u0105\u017cce; zainstalowanie suplementu wymaga systemu operacyjnego Windows).<\/p><\/div>\n","protected":false},"excerpt":{"rendered":"<p>Autor: Zofia Wojdylak-Sputowska Wydawca:\u00a0ODDK Oprawa:\u00a0Mi\u0119kka Liczba stron:\u00a0542 Rok wydania:\u00a02025 J\u0119zyk [&hellip;]<\/p>\n","protected":false},"featured_media":19839,"template":"","meta":[],"product_brand":[],"product_cat":[7530,22,7494],"product_tag":[7914,1055],"class_list":{"0":"post-19838","1":"product","2":"type-product","3":"status-publish","4":"has-post-thumbnail","6":"product_cat-nowosci","7":"product_cat-podatki-i-prawo-podatkowe","8":"product_cat-samorzad-terytorialny","9":"product_tag-jst","10":"product_tag-prawo-podatkowe","12":"first","13":"instock","14":"sale","15":"shipping-taxable","16":"purchasable","17":"product-type-simple"},"_links":{"self":[{"href":"https:\/\/ksiegarnia-akademicka.pl\/index.php\/wp-json\/wp\/v2\/product\/19838","targetHints":{"allow":["GET"]}}],"collection":[{"href":"https:\/\/ksiegarnia-akademicka.pl\/index.php\/wp-json\/wp\/v2\/product"}],"about":[{"href":"https:\/\/ksiegarnia-akademicka.pl\/index.php\/wp-json\/wp\/v2\/types\/product"}],"wp:featuredmedia":[{"embeddable":true,"href":"https:\/\/ksiegarnia-akademicka.pl\/index.php\/wp-json\/wp\/v2\/media\/19839"}],"wp:attachment":[{"href":"https:\/\/ksiegarnia-akademicka.pl\/index.php\/wp-json\/wp\/v2\/media?parent=19838"}],"wp:term":[{"taxonomy":"product_brand","embeddable":true,"href":"https:\/\/ksiegarnia-akademicka.pl\/index.php\/wp-json\/wp\/v2\/product_brand?post=19838"},{"taxonomy":"product_cat","embeddable":true,"href":"https:\/\/ksiegarnia-akademicka.pl\/index.php\/wp-json\/wp\/v2\/product_cat?post=19838"},{"taxonomy":"product_tag","embeddable":true,"href":"https:\/\/ksiegarnia-akademicka.pl\/index.php\/wp-json\/wp\/v2\/product_tag?post=19838"}],"curies":[{"name":"wp","href":"https:\/\/api.w.org\/{rel}","templated":true}]}}