{"id":19829,"date":"2025-01-20T10:44:07","date_gmt":"2025-01-20T09:44:07","guid":{"rendered":"http:\/\/ksiegarnia-akademicka.pl\/?post_type=product&#038;p=19829"},"modified":"2025-01-20T10:44:07","modified_gmt":"2025-01-20T09:44:07","slug":"historia-administracji-wybor-zrodel","status":"publish","type":"product","link":"https:\/\/ksiegarnia-akademicka.pl\/index.php\/product\/historia-administracji-wybor-zrodel\/","title":{"rendered":"Historia administracji. Wyb\u00f3r \u017ar\u00f3de\u0142"},"content":{"rendered":"<div class=\"grupa osoby\"><span class=\"meta-head-blue\">Redakcja:<\/span>\u00a0<span class=\"meta-value\">Jastrz\u0119bski Robert<\/span><\/div>\n<div class=\"grupa wydawca\"><span class=\"meta-head\">Wydawca:<\/span>\u00a0Wydawnictwa Uniwersytetu Warszawskiego<\/div>\n<div class=\"grupa dane\">\n<div>Oprawa:\u00a0<span class=\"meta-value-bold\">Mi\u0119kka<\/span><\/div>\n<div>Format:\u00a0<span class=\"meta-value-bold\">17.0&#215;24.0cm<\/span><\/div>\n<div>Liczba stron:\u00a0<span class=\"meta-value-bold\">330<\/span><\/div>\n<div>Wydanie:\u00a0<span class=\"meta-value-bold\">1<\/span><\/div>\n<div>Rok wydania:\u00a0<span class=\"meta-value-bold\">2024<\/span><\/div>\n<div>J\u0119zyk wydania:\u00a0<span class=\"meta-value-bold\">polski<\/span><\/div>\n<\/div>\n<div><\/div>\n<div>W zbiorze przygotowanym przez grono badaczy i dydaktyk\u00f3w Wydzia\u0142u Prawa i Administracji Uniwersytetu Warszawskiego zgromadzone zosta\u0142y akty prawne z historii administracji pa\u0144stwa polskiego oraz takich pa\u0144stw, jak: Austria, Prusy i Niemcy, Rosja i ZSRR, Francja, Anglia i Stany Zjednoczone, kt\u00f3rych prawodawstwo mia\u0142o istotny wp\u0142yw na prawo pa\u0144stwowe i rozwi\u0105zania administracyjnoprawne obowi\u0105zuj\u0105ce na ziemiach polskich. Na pierwsz\u0105 cz\u0119\u015b\u0107 publikacji sk\u0142adaj\u0105 si\u0119 dokumenty dotycz\u0105ce ustroju i administracji innych pa\u0144stw ni\u017c Polska. W cz\u0119\u015bci drugiej znalaz\u0142y si\u0119 regulacje dotycz\u0105ce pa\u0144stwa polskiego, w tym jego prawa ustrojowego (konstytucyjnego), administracji rz\u0105dowej, samorz\u0105du terytorialnego i nieterytorialnego, s\u0105downictwa administracyjnego i organ\u00f3w ochrony prawnej, a tak\u017ce prawa urz\u0119dniczego i post\u0119powania administracyjnego. Takie uj\u0119cie umo\u017cliwia \u015bledzenie zmian m.in. w zakresie zarz\u0105dzania pa\u0144stwem i funkcjonowania samorz\u0105du, a przez to u\u0142atwia zrozumienie wsp\u00f3\u0142czesnych rozwi\u0105za\u0144.<\/p>\n<p>******<\/p>\n<p>History of Administration. The Selection of Sources<\/p>\n<p>The collection prepared by the group of researchers and educators from the Faculty of Law and Administration of the University of Warsaw contains legal acts from the history of administration of the Polish state and countries such as: Austria, Prussia and Germany, Russia and USSR, France, England and the United States, whose legislation had a relevant impact on the state legal system and administrative and legal solutions in force on Polish lands. The first part of the publication consists of documents regarding the system and administration of countries other than Poland. The second part discusses the regulations regarding the Polish state, including its constitutional law, government administration, local government and non-territorial self-government, administrative judiciary and legal protection bodies, as well as official law and administrative procedure. Such perspective makes it possible, among others, to track changesin the process of ruling a country and functioning of an autonomy, and thus facilitates understanding of contemporary solutions.<\/p><\/div>\n","protected":false},"excerpt":{"rendered":"<p>Redakcja:\u00a0Jastrz\u0119bski Robert Wydawca:\u00a0Wydawnictwa Uniwersytetu Warszawskiego Oprawa:\u00a0Mi\u0119kka Format:\u00a017.0&#215;24.0cm Liczba stron:\u00a0330 Wydanie:\u00a01 [&hellip;]<\/p>\n","protected":false},"featured_media":19830,"template":"","meta":[],"product_brand":[],"product_cat":[7492,7530,18],"product_tag":[4113],"class_list":{"0":"post-19829","1":"product","2":"type-product","3":"status-publish","4":"has-post-thumbnail","6":"product_cat-administracyjne","7":"product_cat-nowosci","8":"product_cat-prawo","9":"product_tag-historia-administracji","11":"first","12":"instock","13":"sale","14":"shipping-taxable","15":"purchasable","16":"product-type-simple"},"_links":{"self":[{"href":"https:\/\/ksiegarnia-akademicka.pl\/index.php\/wp-json\/wp\/v2\/product\/19829","targetHints":{"allow":["GET"]}}],"collection":[{"href":"https:\/\/ksiegarnia-akademicka.pl\/index.php\/wp-json\/wp\/v2\/product"}],"about":[{"href":"https:\/\/ksiegarnia-akademicka.pl\/index.php\/wp-json\/wp\/v2\/types\/product"}],"wp:featuredmedia":[{"embeddable":true,"href":"https:\/\/ksiegarnia-akademicka.pl\/index.php\/wp-json\/wp\/v2\/media\/19830"}],"wp:attachment":[{"href":"https:\/\/ksiegarnia-akademicka.pl\/index.php\/wp-json\/wp\/v2\/media?parent=19829"}],"wp:term":[{"taxonomy":"product_brand","embeddable":true,"href":"https:\/\/ksiegarnia-akademicka.pl\/index.php\/wp-json\/wp\/v2\/product_brand?post=19829"},{"taxonomy":"product_cat","embeddable":true,"href":"https:\/\/ksiegarnia-akademicka.pl\/index.php\/wp-json\/wp\/v2\/product_cat?post=19829"},{"taxonomy":"product_tag","embeddable":true,"href":"https:\/\/ksiegarnia-akademicka.pl\/index.php\/wp-json\/wp\/v2\/product_tag?post=19829"}],"curies":[{"name":"wp","href":"https:\/\/api.w.org\/{rel}","templated":true}]}}